{"id":211556,"date":"2024-01-24T19:30:39","date_gmt":"2025-02-19T13:02:53","guid":{"rendered":"https:\/\/staging.nbg.eu\/product\/iosso-bolt-carrier-brush\/"},"modified":"2025-02-19T13:15:36","modified_gmt":"2025-02-19T13:15:36","slug":"iosso-slutstyckeborste","status":"publish","type":"product","link":"https:\/\/staging.nbg.eu\/sv\/produkt\/iosso-slutstyckeborste\/","title":{"rendered":"Iosso Slutstyckeborste"},"content":{"rendered":"<p style=\"text-align: center\"><strong><span style=\"font-size: 170%\">losso Slutstycksb\u00e4rarborstar<\/span><\/strong><\/p>\n<p>Detta set inneh\u00e5ller f\u00f6rpackningar med slutstycksb\u00e4rar- och kammarborstar. De \u00e4r m\u00e5ttsatta med sn\u00e4v tolerans f\u00f6r precis reng\u00f6ring. De \u00e4r tillverkade av bl\u00e5 fiber som \u00e4r tjock, styv och beh\u00e5ller sin form v\u00e4l. Detta m\u00f6jligg\u00f6r r\u00f6relse fram och tillbaka, till skillnad fr\u00e5n traditionella m\u00e4ssings- och bronsborstar. De kan anv\u00e4ndas flera g\u00e5nger innan de blir utslitna.<\/p>\n<table width=\"305\">\n<tbody>\n<tr>\n<td width=\"305\"><strong>AR-15 Slutstycksb\u00e4rare med tapp, 2-pack<\/strong><\/td>\n<\/tr>\n<tr>\n<td><strong>AR.308 Gev\u00e4r Slutstycksb\u00e4rare med tapp, 2-pack<\/strong><\/td>\n<\/tr>\n<\/tbody>\n<\/table>\n","protected":false},"excerpt":{"rendered":"<p><strong>Storleksanpassad med sn\u00e4va toleranser f\u00f6r precisionsreng\u00f6ring<\/strong><\/p>\n","protected":false},"featured_media":107720,"template":"","meta":{"_acf_changed":false},"product_brand":[11478],"product_cat":[13061,13034],"product_tag":[],"class_list":{"0":"post-211556","1":"product","2":"type-product","3":"status-publish","4":"has-post-thumbnail","6":"product_brand-iosso","7":"product_cat-borstar","8":"product_cat-vapenrengoering","9":"pa_model-ar-308-sv-2","10":"pa_model-ar-15-sv","12":"first","13":"instock","14":"taxable","15":"shipping-taxable","16":"purchasable","17":"product-type-variable","18":"wvs-archive-product-wrapper"},"acf":[],"_links":{"self":[{"href":"https:\/\/staging.nbg.eu\/sv\/wp-json\/wp\/v2\/product\/211556","targetHints":{"allow":["GET"]}}],"collection":[{"href":"https:\/\/staging.nbg.eu\/sv\/wp-json\/wp\/v2\/product"}],"about":[{"href":"https:\/\/staging.nbg.eu\/sv\/wp-json\/wp\/v2\/types\/product"}],"wp:featuredmedia":[{"embeddable":true,"href":"https:\/\/staging.nbg.eu\/sv\/wp-json\/wp\/v2\/media\/107720"}],"wp:attachment":[{"href":"https:\/\/staging.nbg.eu\/sv\/wp-json\/wp\/v2\/media?parent=211556"}],"wp:term":[{"taxonomy":"product_brand","embeddable":true,"href":"https:\/\/staging.nbg.eu\/sv\/wp-json\/wp\/v2\/product_brand?post=211556"},{"taxonomy":"product_cat","embeddable":true,"href":"https:\/\/staging.nbg.eu\/sv\/wp-json\/wp\/v2\/product_cat?post=211556"},{"taxonomy":"product_tag","embeddable":true,"href":"https:\/\/staging.nbg.eu\/sv\/wp-json\/wp\/v2\/product_tag?post=211556"}],"curies":[{"name":"wp","href":"https:\/\/api.w.org\/{rel}","templated":true}]}}