{"id":208686,"date":"2024-07-29T13:02:15","date_gmt":"2024-07-29T13:02:15","guid":{"rendered":"https:\/\/staging.nbg.eu\/product\/bore-tech-friction-guard-xp-120ml\/"},"modified":"2025-02-16T16:55:56","modified_gmt":"2025-02-16T16:55:56","slug":"bore-tech-friction-guard-xp-120ml","status":"publish","type":"product","link":"https:\/\/staging.nbg.eu\/sv\/produkt\/bore-tech-friction-guard-xp-120ml\/","title":{"rendered":"Bore Tech Friction Guard XP 120ml"},"content":{"rendered":"<h2>Bore Tech Friction Guard XP Vapenolja &#8211; 120ml<\/h2>\n<p>Bore Tech Friction Guard XP Vapenolja \u00e4r en syntetisk blandning som uppfyller MIL-PRF-63460E krav och erbjuder:<\/p>\n<ul>\n<li>Sm\u00f6rjning fr\u00e5n -73\u00b0C till 316\u00b0C<\/li>\n<li>95% minskning av friktion och slitage<\/li>\n<li>Korrosionsskydd<\/li>\n<li>Penetrering och bindning till metallytor<\/li>\n<li>Filmstyrka f\u00f6r anti-slitage egenskaper<\/li>\n<li>T\u00e5lighet mot extrema temperaturer<\/li>\n<li>100+ timmars saltspraytest skydd<\/li>\n<li>Fuktf\u00f6rskjutning<\/li>\n<li>Damm- och smutsavvisande<\/li>\n<\/ul>\n<p>L\u00e4mplig f\u00f6r skyttar, j\u00e4gare och entusiaster. Friction Guard XP behandlar vapnets lopp och ger skydd under anv\u00e4ndning och f\u00f6rvaring.<\/p>\n","protected":false},"excerpt":{"rendered":"<p>H\u00f6gpresterande syntetisk vapenoljs f\u00f6r \u00f6verl\u00e4gsen sm\u00f6rjning och skydd.<\/p>\n","protected":false},"featured_media":150495,"template":"","meta":{"_acf_changed":false},"product_brand":[11162],"product_cat":[13022,13034],"product_tag":[],"class_list":{"0":"post-208686","1":"product","2":"type-product","3":"status-publish","4":"has-post-thumbnail","6":"product_brand-boretech","7":"product_cat-smoerjmedel","8":"product_cat-vapenrengoering","10":"first","11":"instock","12":"taxable","13":"shipping-taxable","14":"purchasable","15":"product-type-simple"},"acf":[],"_links":{"self":[{"href":"https:\/\/staging.nbg.eu\/sv\/wp-json\/wp\/v2\/product\/208686","targetHints":{"allow":["GET"]}}],"collection":[{"href":"https:\/\/staging.nbg.eu\/sv\/wp-json\/wp\/v2\/product"}],"about":[{"href":"https:\/\/staging.nbg.eu\/sv\/wp-json\/wp\/v2\/types\/product"}],"wp:featuredmedia":[{"embeddable":true,"href":"https:\/\/staging.nbg.eu\/sv\/wp-json\/wp\/v2\/media\/150495"}],"wp:attachment":[{"href":"https:\/\/staging.nbg.eu\/sv\/wp-json\/wp\/v2\/media?parent=208686"}],"wp:term":[{"taxonomy":"product_brand","embeddable":true,"href":"https:\/\/staging.nbg.eu\/sv\/wp-json\/wp\/v2\/product_brand?post=208686"},{"taxonomy":"product_cat","embeddable":true,"href":"https:\/\/staging.nbg.eu\/sv\/wp-json\/wp\/v2\/product_cat?post=208686"},{"taxonomy":"product_tag","embeddable":true,"href":"https:\/\/staging.nbg.eu\/sv\/wp-json\/wp\/v2\/product_tag?post=208686"}],"curies":[{"name":"wp","href":"https:\/\/api.w.org\/{rel}","templated":true}]}}