{"id":205406,"date":"2024-08-16T18:01:15","date_gmt":"2025-02-13T15:25:04","guid":{"rendered":"https:\/\/staging.nbg.eu\/product\/rhh-ipsc-holster-mount-509\/"},"modified":"2025-02-13T15:26:51","modified_gmt":"2025-02-13T15:26:51","slug":"rhh-ipsc-hoelsterfaeste-509","status":"publish","type":"product","link":"https:\/\/staging.nbg.eu\/sv\/produkt\/rhh-ipsc-hoelsterfaeste-509\/","title":{"rendered":"RHH IPSC H\u00f6lsterf\u00e4ste .509"},"content":{"rendered":"<div class=\"product-description\">\n<h2>RHH IPSC H\u00f6lsterf\u00e4ste .509<\/h2>\n<p>RHH IPSC H\u00f6lsterf\u00e4ste .509 erbjuder anpassningsm\u00f6jligheter f\u00f6r din h\u00f6lsterupps\u00e4ttning:<\/p>\n<ul>\n<li><strong>Justerbar lutning:<\/strong> St\u00e4ll in vinkeln i valfri riktning efter dina preferenser, med m\u00f6jlighet till \u00e4ndringar n\u00e4r som helst.<\/li>\n<li><strong>Flerdimensionell konfiguration:<\/strong> Kombinera med h\u00f6jdjustering f\u00f6r kontinuerliga \u00e4ndringar i upp till tre axlar samtidigt som \u00f6nskad h\u00f6jd bibeh\u00e5lls.<\/li>\n<li><strong>Sidolutningskontroll:<\/strong> Justera h\u00f6lstrets lutning genom att dra \u00e5t skruvar. Inkluderar tv\u00e5 upps\u00e4ttningar skruvar och brickor f\u00f6r olika kroppsavst\u00e5nd.<\/li>\n<li><strong>Flexibel h\u00f6jdjustering:<\/strong> Flera skruvh\u00e5l l\u00e5ter dig optimera h\u00f6lstrets h\u00f6jd i f\u00f6rh\u00e5llande till ditt b\u00e4lte f\u00f6r vapenuttag.<\/li>\n<\/ul>\n<p><strong>Vikt:<\/strong> 0,19 kg<\/p>\n<p>RHH IPSC H\u00f6lsterf\u00e4ste .509 m\u00f6jligg\u00f6r en personlig och effektiv skjutupps\u00e4ttning.<\/p>\n<\/div>\n","protected":false},"excerpt":{"rendered":"<p>Justerbart IPSC-h\u00f6lsterf\u00e4ste: anpassningsbar lutning, h\u00f6jd och vinkel.<\/p>\n","protected":false},"featured_media":23145,"template":"","meta":{"_acf_changed":false},"product_brand":[11645],"product_cat":[13040,13045],"product_tag":[],"class_list":{"0":"post-205406","1":"product","2":"type-product","3":"status-publish","4":"has-post-thumbnail","6":"product_brand-rh-holsters","7":"product_cat-hoelstertillbehoer","8":"product_cat-sporthoelster","10":"first","11":"instock","12":"taxable","13":"shipping-taxable","14":"purchasable","15":"product-type-simple"},"acf":[],"_links":{"self":[{"href":"https:\/\/staging.nbg.eu\/sv\/wp-json\/wp\/v2\/product\/205406","targetHints":{"allow":["GET"]}}],"collection":[{"href":"https:\/\/staging.nbg.eu\/sv\/wp-json\/wp\/v2\/product"}],"about":[{"href":"https:\/\/staging.nbg.eu\/sv\/wp-json\/wp\/v2\/types\/product"}],"wp:featuredmedia":[{"embeddable":true,"href":"https:\/\/staging.nbg.eu\/sv\/wp-json\/wp\/v2\/media\/23145"}],"wp:attachment":[{"href":"https:\/\/staging.nbg.eu\/sv\/wp-json\/wp\/v2\/media?parent=205406"}],"wp:term":[{"taxonomy":"product_brand","embeddable":true,"href":"https:\/\/staging.nbg.eu\/sv\/wp-json\/wp\/v2\/product_brand?post=205406"},{"taxonomy":"product_cat","embeddable":true,"href":"https:\/\/staging.nbg.eu\/sv\/wp-json\/wp\/v2\/product_cat?post=205406"},{"taxonomy":"product_tag","embeddable":true,"href":"https:\/\/staging.nbg.eu\/sv\/wp-json\/wp\/v2\/product_tag?post=205406"}],"curies":[{"name":"wp","href":"https:\/\/api.w.org\/{rel}","templated":true}]}}