{"id":200375,"date":"2024-08-16T18:04:47","date_gmt":"2025-02-11T17:41:36","guid":{"rendered":"https:\/\/staging.nbg.eu\/product\/rcs-gear-plastic-hook-40mm\/"},"modified":"2025-02-11T17:43:21","modified_gmt":"2025-02-11T17:43:21","slug":"rcs-gear-plastkrok-40mm","status":"publish","type":"product","link":"https:\/\/staging.nbg.eu\/sv\/produkt\/rcs-gear-plastkrok-40mm\/","title":{"rendered":"RCS Gear Plastkrok 40mm"},"content":{"rendered":"<div class=\"product-description\">\n<h2>RCS Gear Plastkrok 40mm<\/h2>\n<p>RCS Gear Plastkrok 40mm \u00e4r ett tillbeh\u00f6r f\u00f6r AIWB sidovagnsholster. Den \u00e4r utformad f\u00f6r att f\u00e4sta holstret.<\/p>\n<h2>Egenskaper:<\/h2>\n<ul>\n<li>Snabbf\u00e4ste f\u00f6r enkel montering och borttagning<\/li>\n<li>Tillverkad av h\u00e5llbar plast<\/li>\n<li>Kompatibel med AIWB sidovagnsholster<\/li>\n<li>Finns i 40mm och 45mm storlekar<\/li>\n<li>Vikt: 0,02 kg<\/li>\n<\/ul>\n<p>RCS Gear Plastkrok \u00e4r ett tillbeh\u00f6r f\u00f6r att f\u00e4sta holster. Den \u00e4r l\u00e4tt att anv\u00e4nda och har en stabil konstruktion. Den \u00e4r anv\u00e4ndbar f\u00f6r vapenentusiaster och yrkesverksamma.<\/p>\n<\/div>\n","protected":false},"excerpt":{"rendered":"<p>H\u00e5llfast 40mm plastkrok f\u00f6r AIWB-h\u00f6lster. Snabbklicksdesign.<\/p>\n","protected":false},"featured_media":31674,"template":"","meta":{"_acf_changed":false},"product_brand":[],"product_cat":[13007,13045],"product_tag":[],"class_list":{"0":"post-200375","1":"product","2":"type-product","3":"status-publish","4":"has-post-thumbnail","6":"product_cat-hoelster","7":"product_cat-sporthoelster","9":"first","10":"instock","11":"taxable","12":"shipping-taxable","13":"purchasable","14":"product-type-simple"},"acf":[],"_links":{"self":[{"href":"https:\/\/staging.nbg.eu\/sv\/wp-json\/wp\/v2\/product\/200375","targetHints":{"allow":["GET"]}}],"collection":[{"href":"https:\/\/staging.nbg.eu\/sv\/wp-json\/wp\/v2\/product"}],"about":[{"href":"https:\/\/staging.nbg.eu\/sv\/wp-json\/wp\/v2\/types\/product"}],"wp:featuredmedia":[{"embeddable":true,"href":"https:\/\/staging.nbg.eu\/sv\/wp-json\/wp\/v2\/media\/31674"}],"wp:attachment":[{"href":"https:\/\/staging.nbg.eu\/sv\/wp-json\/wp\/v2\/media?parent=200375"}],"wp:term":[{"taxonomy":"product_brand","embeddable":true,"href":"https:\/\/staging.nbg.eu\/sv\/wp-json\/wp\/v2\/product_brand?post=200375"},{"taxonomy":"product_cat","embeddable":true,"href":"https:\/\/staging.nbg.eu\/sv\/wp-json\/wp\/v2\/product_cat?post=200375"},{"taxonomy":"product_tag","embeddable":true,"href":"https:\/\/staging.nbg.eu\/sv\/wp-json\/wp\/v2\/product_tag?post=200375"}],"curies":[{"name":"wp","href":"https:\/\/api.w.org\/{rel}","templated":true}]}}