{"id":172292,"date":"2024-08-16T20:00:59","date_gmt":"2025-01-22T17:56:59","guid":{"rendered":"https:\/\/staging.nbg.eu\/product\/barwarus-rail-set-bw-t4-bw-t33\/"},"modified":"2025-01-22T17:58:41","modified_gmt":"2025-01-22T17:58:41","slug":"barwarus-skene-set-bw-t4-bw-t33","status":"publish","type":"product","link":"https:\/\/staging.nbg.eu\/sv\/produkt\/barwarus-skene-set-bw-t4-bw-t33\/","title":{"rendered":"BARWARUS SKENE SET (BW-T4 &#038; BW-T33)"},"content":{"rendered":"<div class=\"product-description\">\n<h2>BARWARUS SKENSET (BW-T4 &amp; BW-T33)<\/h2>\n<p>BARWARUS SKENSET, med BW-T33 t\u00e4ckskena och BW-T4 handskydd, f\u00f6r AK-plattformsgev\u00e4r.<\/p>\n<h2>BW-T4 Handskydd<\/h2>\n<ul>\n<li>Ers\u00e4tter standardhandskydd p\u00e5 AK-plattformsgev\u00e4r med 16&#8243; pipor<\/li>\n<li>MLOK-f\u00e4sten f\u00f6r tillbeh\u00f6r<\/li>\n<li>Kompatibel med olika AK-modeller, inklusive AKUSA 100 SERIES, KM, AKMS, AK-74, med flera<\/li>\n<li>Tillverkad av 6082-T6 legering med svart Cerakote-ytbehandling<\/li>\n<li>F\u00f6rb\u00e4ttrar pipkylning<\/li>\n<li>Fungerar i temperaturer fr\u00e5n -50\u00b0C till +50\u00b0C<\/li>\n<\/ul>\n<h2>BW-T33 Dammskydd<\/h2>\n<ul>\n<li>Integrerad Picatinny-skena f\u00f6r sikten<\/li>\n<li>Beh\u00e5ller tr\u00e4ffpunkt vid \u00f6ppning och st\u00e4ngning<\/li>\n<li>Tillverkad av 7075 T6 aluminiumlegering<\/li>\n<li>170mm \u00b15mm Picatinny-skenans l\u00e4ngd<\/li>\n<li>Monteras med fem skruvar<\/li>\n<li>Vikt: 1559 g \u00b1 0,85 g<\/li>\n<li>Totala m\u00e5tt: 551 mm \u00b1 12,7 mm<\/li>\n<\/ul>\n<p>BARWARUS SKENSET erbjuder anpassningsm\u00f6jligheter f\u00f6r AK-plattformsgev\u00e4r. MLOK-kompatibilitet och integrerad Picatinny-skena m\u00f6jligg\u00f6r montering av tillbeh\u00f6r.<\/p>\n<p><strong>Obs:<\/strong> Viss filning kan kr\u00e4vas vid installation, d\u00e5 inte alla tillverkare f\u00f6ljer den ursprungliga ryska Kalashnikov-designen. Rekommenderat vridmoment f\u00f6r installation: \u2264 11,3 kg.<\/p>\n<\/div>\n","protected":false},"excerpt":{"rendered":"<p>Modul\u00e4rt AK-skenesystem med kompatibilitet f\u00f6r MLOK och Picatinny.<\/p>\n","protected":false},"featured_media":280608,"template":"","meta":{"_acf_changed":false},"product_brand":[11120],"product_cat":[12987,13002,13001],"product_tag":[],"class_list":{"0":"post-172292","1":"product","2":"type-product","3":"status-publish","4":"has-post-thumbnail","6":"product_brand-barwarus","7":"product_cat-ak-justering","8":"product_cat-gevaersjustering","9":"product_cat-skenor","11":"first","12":"instock","13":"taxable","14":"shipping-taxable","15":"product-type-variable","16":"wvs-archive-product-wrapper"},"acf":[],"_links":{"self":[{"href":"https:\/\/staging.nbg.eu\/sv\/wp-json\/wp\/v2\/product\/172292","targetHints":{"allow":["GET"]}}],"collection":[{"href":"https:\/\/staging.nbg.eu\/sv\/wp-json\/wp\/v2\/product"}],"about":[{"href":"https:\/\/staging.nbg.eu\/sv\/wp-json\/wp\/v2\/types\/product"}],"wp:featuredmedia":[{"embeddable":true,"href":"https:\/\/staging.nbg.eu\/sv\/wp-json\/wp\/v2\/media\/280608"}],"wp:attachment":[{"href":"https:\/\/staging.nbg.eu\/sv\/wp-json\/wp\/v2\/media?parent=172292"}],"wp:term":[{"taxonomy":"product_brand","embeddable":true,"href":"https:\/\/staging.nbg.eu\/sv\/wp-json\/wp\/v2\/product_brand?post=172292"},{"taxonomy":"product_cat","embeddable":true,"href":"https:\/\/staging.nbg.eu\/sv\/wp-json\/wp\/v2\/product_cat?post=172292"},{"taxonomy":"product_tag","embeddable":true,"href":"https:\/\/staging.nbg.eu\/sv\/wp-json\/wp\/v2\/product_tag?post=172292"}],"curies":[{"name":"wp","href":"https:\/\/api.w.org\/{rel}","templated":true}]}}