{"id":171560,"date":"2024-08-16T19:44:20","date_gmt":"2025-01-21T16:26:22","guid":{"rendered":"https:\/\/staging.nbg.eu\/product\/barwarus-bw-t33-picatinny-rail-cover\/"},"modified":"2025-01-21T16:28:09","modified_gmt":"2025-01-21T16:28:09","slug":"barwarus-bw-t33-picatinny-skenaskydd","status":"publish","type":"product","link":"https:\/\/staging.nbg.eu\/sv\/produkt\/barwarus-bw-t33-picatinny-skenaskydd\/","title":{"rendered":"Barwarus BW-T33 Picatinny skenaskydd"},"content":{"rendered":"<div class=\"product-description\">\n<h2>Barwarus BW-T33 Picatinny-skena skydd<\/h2>\n<p>BW-T33 dammskydd med integrerad Picatinny-skena f\u00f6r AK-liknande gev\u00e4r. Kompatibel med Kalashnikov-baserade sportgev\u00e4r och karbiner. M\u00f6jligg\u00f6r montering av olika sikten.<\/p>\n<ul>\n<li>Tillverkad av 7075 T6 aluminiumlegering<\/li>\n<li>170mm \u00b15mm Picatinny-skena l\u00e4ngd<\/li>\n<li>Beh\u00e5ller nollst\u00e4llning vid upprepad \u00f6ppning\/st\u00e4ngning<\/li>\n<li>Monteras med fem skruvar<\/li>\n<li>Vikt: 55 oz \u00b10,03 oz<\/li>\n<li>M\u00e5tt: 21,7&#8243; \u00b10,5&#8243;<\/li>\n<li>Drifttemperatur: -50\u00b0C till +50\u00b0C<\/li>\n<\/ul>\n<p>Obs: Max vridmoment 25 lbs. Viss filning kan beh\u00f6vas.<\/p>\n<\/div>\n","protected":false},"excerpt":{"rendered":"<p>H\u00e5llbart AK Picatinny-skeneskydd. Monterar optik, bevarar nollst\u00e4llning.<\/p>\n","protected":false},"featured_media":23468,"template":"","meta":{"_acf_changed":false},"product_brand":[11120],"product_cat":[12987,13002,13001],"product_tag":[],"class_list":{"0":"post-171560","1":"product","2":"type-product","3":"status-publish","4":"has-post-thumbnail","6":"product_brand-barwarus","7":"product_cat-ak-justering","8":"product_cat-gevaersjustering","9":"product_cat-skenor","11":"first","12":"instock","13":"taxable","14":"shipping-taxable","15":"product-type-variable","16":"wvs-archive-product-wrapper"},"acf":[],"_links":{"self":[{"href":"https:\/\/staging.nbg.eu\/sv\/wp-json\/wp\/v2\/product\/171560","targetHints":{"allow":["GET"]}}],"collection":[{"href":"https:\/\/staging.nbg.eu\/sv\/wp-json\/wp\/v2\/product"}],"about":[{"href":"https:\/\/staging.nbg.eu\/sv\/wp-json\/wp\/v2\/types\/product"}],"wp:featuredmedia":[{"embeddable":true,"href":"https:\/\/staging.nbg.eu\/sv\/wp-json\/wp\/v2\/media\/23468"}],"wp:attachment":[{"href":"https:\/\/staging.nbg.eu\/sv\/wp-json\/wp\/v2\/media?parent=171560"}],"wp:term":[{"taxonomy":"product_brand","embeddable":true,"href":"https:\/\/staging.nbg.eu\/sv\/wp-json\/wp\/v2\/product_brand?post=171560"},{"taxonomy":"product_cat","embeddable":true,"href":"https:\/\/staging.nbg.eu\/sv\/wp-json\/wp\/v2\/product_cat?post=171560"},{"taxonomy":"product_tag","embeddable":true,"href":"https:\/\/staging.nbg.eu\/sv\/wp-json\/wp\/v2\/product_tag?post=171560"}],"curies":[{"name":"wp","href":"https:\/\/api.w.org\/{rel}","templated":true}]}}