{"id":171047,"date":"2024-08-16T20:04:24","date_gmt":"2025-01-21T10:27:22","guid":{"rendered":"https:\/\/staging.nbg.eu\/product\/barwarus-alpha-1-set-bw-t33-alpha-1\/"},"modified":"2025-01-21T10:29:09","modified_gmt":"2025-01-21T10:29:09","slug":"barwarus-alpha-1-set-bw-t33-alpha-1","status":"publish","type":"product","link":"https:\/\/staging.nbg.eu\/sv\/produkt\/barwarus-alpha-1-set-bw-t33-alpha-1\/","title":{"rendered":"Barwarus ALPHA-1 SET (BW-T33 &#038; ALPHA-1)"},"content":{"rendered":"<div class=\"product-description\">\n<h2>Barwarus ALPHA-1 SET (BW-T33 och ALPHA-1)<\/h2>\n<p>Barwarus ALPHA-1 SET inneh\u00e5ller ALPHA-1 handskydd och BW-T33 dammskydd. Setet inkluderar:<\/p>\n<ul>\n<li>ALPHA-1 korta Quad Picatinny handskydd (\u00f6vre och nedre)<\/li>\n<li>BW-T33 dammskydd med integrerad Picatinny-skena<\/li>\n<\/ul>\n<p>ALPHA-1 handskydden \u00e4r tillverkade av 6082-T6 aluminium med Cerakote-ytbehandling. De \u00e4r kompatibla med stansade AK-modeller, inklusive AK 103, 104, 105, 74S, 74M, AKM, AKMS och Saiga.<\/p>\n<p>BW-T33 dammskyddet \u00e4r tillverkat av 7075 T6 aluminiumlegering och erbjuder en plattform f\u00f6r optik utan att st\u00f6ra j\u00e4rnsikten.<\/p>\n<\/div>\n","protected":false},"excerpt":{"rendered":"<p>Premium AK-uppgradering: Handskydd med fyra skenor och dammskydd med skena<\/p>\n","protected":false},"featured_media":280700,"template":"","meta":{"_acf_changed":false},"product_brand":[11120],"product_cat":[12987,13002,13001],"product_tag":[],"class_list":{"0":"post-171047","1":"product","2":"type-product","3":"status-publish","4":"has-post-thumbnail","6":"product_brand-barwarus","7":"product_cat-ak-justering","8":"product_cat-gevaersjustering","9":"product_cat-skenor","11":"first","12":"instock","13":"taxable","14":"shipping-taxable","15":"product-type-variable","16":"wvs-archive-product-wrapper"},"acf":[],"_links":{"self":[{"href":"https:\/\/staging.nbg.eu\/sv\/wp-json\/wp\/v2\/product\/171047","targetHints":{"allow":["GET"]}}],"collection":[{"href":"https:\/\/staging.nbg.eu\/sv\/wp-json\/wp\/v2\/product"}],"about":[{"href":"https:\/\/staging.nbg.eu\/sv\/wp-json\/wp\/v2\/types\/product"}],"wp:featuredmedia":[{"embeddable":true,"href":"https:\/\/staging.nbg.eu\/sv\/wp-json\/wp\/v2\/media\/280700"}],"wp:attachment":[{"href":"https:\/\/staging.nbg.eu\/sv\/wp-json\/wp\/v2\/media?parent=171047"}],"wp:term":[{"taxonomy":"product_brand","embeddable":true,"href":"https:\/\/staging.nbg.eu\/sv\/wp-json\/wp\/v2\/product_brand?post=171047"},{"taxonomy":"product_cat","embeddable":true,"href":"https:\/\/staging.nbg.eu\/sv\/wp-json\/wp\/v2\/product_cat?post=171047"},{"taxonomy":"product_tag","embeddable":true,"href":"https:\/\/staging.nbg.eu\/sv\/wp-json\/wp\/v2\/product_tag?post=171047"}],"curies":[{"name":"wp","href":"https:\/\/api.w.org\/{rel}","templated":true}]}}