{"id":141621,"date":"2025-01-01T20:56:43","date_gmt":"2025-01-10T22:56:06","guid":{"rendered":"https:\/\/staging.nbg.eu\/product\/area-419-ruger-american-short-action-scope-base\/"},"modified":"2025-01-10T22:57:40","modified_gmt":"2025-01-10T22:57:40","slug":"area-419-ruger-american-short-action-kikarsiktsfaeste","status":"publish","type":"product","link":"https:\/\/staging.nbg.eu\/sv\/produkt\/area-419-ruger-american-short-action-kikarsiktsfaeste\/","title":{"rendered":"Area 419 &#8211; Ruger American Short Action Kikarsiktsf\u00e4ste"},"content":{"rendered":"<div class=\"product-description\">\n<h2>Area 419 &#8211; Kikarf\u00e4ste f\u00f6r Ruger American kort aktion<\/h2>\n<p>Ett kikarf\u00e4ste f\u00f6r Ruger American-gev\u00e4r. Tillverkat av ett stycke T7075 aluminium. Detta f\u00e4ste \u00e4r:<\/p>\n<ul>\n<li>Maskinbearbetat f\u00f6r exakt passform<\/li>\n<li>Starkt och h\u00e5llbart<\/li>\n<li>Typ III svart h\u00e5rdanodiserat<\/li>\n<li>Utformat med 20MOA lutning f\u00f6r l\u00e4ngre skott<\/li>\n<\/ul>\n<p>Inkluderar en nyckel f\u00f6r \u00e5tdragning av kl\u00e4mmskruvar (rekommenderat: 15 in\/lb). F\u00f6r l\u00e5ngdistansskytte.<\/p>\n<h3>Specifikationer:<\/h3>\n<ul>\n<li>Vikt: 0,09 kg<\/li>\n<li>M\u00e5tt: 21,6 \u00d7 2,54 \u00d7 2,54 cm<\/li>\n<li>Tillverkare: Area 419<\/li>\n<li>Storlek: 20MOA<\/li>\n<\/ul>\n<\/div>\n","protected":false},"excerpt":{"rendered":"<p>Precisionsfr\u00e4st 20MOA kikarsiktsf\u00e4ste f\u00f6r Ruger American-gev\u00e4r.<\/p>\n","protected":false},"featured_media":112136,"template":"","meta":{"_acf_changed":false},"product_brand":[11051],"product_cat":[13053,13001,390],"product_tag":[],"class_list":{"0":"post-141621","1":"product","2":"type-product","3":"status-publish","4":"has-post-thumbnail","6":"product_brand-area-419","7":"product_cat-gevaer","8":"product_cat-skenor","9":"product_cat-aiming","11":"first","12":"instock","13":"taxable","14":"shipping-taxable","15":"purchasable","16":"product-type-simple"},"acf":[],"_links":{"self":[{"href":"https:\/\/staging.nbg.eu\/sv\/wp-json\/wp\/v2\/product\/141621","targetHints":{"allow":["GET"]}}],"collection":[{"href":"https:\/\/staging.nbg.eu\/sv\/wp-json\/wp\/v2\/product"}],"about":[{"href":"https:\/\/staging.nbg.eu\/sv\/wp-json\/wp\/v2\/types\/product"}],"wp:featuredmedia":[{"embeddable":true,"href":"https:\/\/staging.nbg.eu\/sv\/wp-json\/wp\/v2\/media\/112136"}],"wp:attachment":[{"href":"https:\/\/staging.nbg.eu\/sv\/wp-json\/wp\/v2\/media?parent=141621"}],"wp:term":[{"taxonomy":"product_brand","embeddable":true,"href":"https:\/\/staging.nbg.eu\/sv\/wp-json\/wp\/v2\/product_brand?post=141621"},{"taxonomy":"product_cat","embeddable":true,"href":"https:\/\/staging.nbg.eu\/sv\/wp-json\/wp\/v2\/product_cat?post=141621"},{"taxonomy":"product_tag","embeddable":true,"href":"https:\/\/staging.nbg.eu\/sv\/wp-json\/wp\/v2\/product_tag?post=141621"}],"curies":[{"name":"wp","href":"https:\/\/api.w.org\/{rel}","templated":true}]}}