{"id":141513,"date":"2025-01-04T07:53:30","date_gmt":"2025-01-10T22:38:15","guid":{"rendered":"https:\/\/staging.nbg.eu\/product\/area-419-s-m-a-l-single-mlok-arcalock-rail\/"},"modified":"2025-01-10T22:39:50","modified_gmt":"2025-01-10T22:39:50","slug":"area-419-smal-enkel-mlok-arcalock-skena","status":"publish","type":"product","link":"https:\/\/staging.nbg.eu\/sv\/produkt\/area-419-smal-enkel-mlok-arcalock-skena\/","title":{"rendered":"Area 419 &#8211; S.M.A.L. &#8211; Enkel MLOK ARCALOCK Skena"},"content":{"rendered":"<div class=\"product-description\">\n<h2>Area 419 &#8211; S.M.A.L. &#8211; Enkel MLOK ARCALOCK-skena<\/h2>\n<p>S.M.A.L. (Single MLOK ARCALOCK) skenan \u00e4r l\u00e4mplig f\u00f6r montering av avst\u00e5ndsm\u00e4tare, kikare, observat\u00f6rer och korta gev\u00e4r med minimal yta.<\/p>\n<ul>\n<li>MLOK-f\u00e4stpunkter med medf\u00f6ljande f\u00e4stdetaljer<\/li>\n<li>Central 1\/4-20 f\u00e4stpunkt (f\u00e4stdetaljer ing\u00e5r)<\/li>\n<li>Fr\u00e4st i Amerika av 6061-T6 aluminium<\/li>\n<li>Svart h\u00e5rdanodiserad yta<\/li>\n<\/ul>\n<h3>Specifikationer:<\/h3>\n<ul>\n<li>Vikt: 0,18 kg<\/li>\n<li>M\u00e5tt: 15,2 \u00d7 10,2 \u00d7 2,5 cm<\/li>\n<\/ul>\n<p>S.M.A.L.-skenan erbjuder en m\u00e5ngsidig monteringsl\u00f6sning f\u00f6r din precisionsutrustning.<\/p>\n<\/div>\n","protected":false},"excerpt":{"rendered":"<p>Kompakt MLOK ARCALOCK-skena f\u00f6r m\u00e5ngsidig montering. Tillverkad i USA av 6061-T6 aluminium.<\/p>\n","protected":false},"featured_media":115754,"template":"","meta":{"_acf_changed":false},"product_brand":[11051],"product_cat":[13053,13001,390],"product_tag":[],"class_list":{"0":"post-141513","1":"product","2":"type-product","3":"status-publish","4":"has-post-thumbnail","6":"product_brand-area-419","7":"product_cat-gevaer","8":"product_cat-skenor","9":"product_cat-aiming","11":"first","12":"instock","13":"taxable","14":"shipping-taxable","15":"purchasable","16":"product-type-simple"},"acf":[],"_links":{"self":[{"href":"https:\/\/staging.nbg.eu\/sv\/wp-json\/wp\/v2\/product\/141513","targetHints":{"allow":["GET"]}}],"collection":[{"href":"https:\/\/staging.nbg.eu\/sv\/wp-json\/wp\/v2\/product"}],"about":[{"href":"https:\/\/staging.nbg.eu\/sv\/wp-json\/wp\/v2\/types\/product"}],"wp:featuredmedia":[{"embeddable":true,"href":"https:\/\/staging.nbg.eu\/sv\/wp-json\/wp\/v2\/media\/115754"}],"wp:attachment":[{"href":"https:\/\/staging.nbg.eu\/sv\/wp-json\/wp\/v2\/media?parent=141513"}],"wp:term":[{"taxonomy":"product_brand","embeddable":true,"href":"https:\/\/staging.nbg.eu\/sv\/wp-json\/wp\/v2\/product_brand?post=141513"},{"taxonomy":"product_cat","embeddable":true,"href":"https:\/\/staging.nbg.eu\/sv\/wp-json\/wp\/v2\/product_cat?post=141513"},{"taxonomy":"product_tag","embeddable":true,"href":"https:\/\/staging.nbg.eu\/sv\/wp-json\/wp\/v2\/product_tag?post=141513"}],"curies":[{"name":"wp","href":"https:\/\/api.w.org\/{rel}","templated":true}]}}