{"id":141410,"date":"2025-01-04T07:20:19","date_gmt":"2025-01-10T22:33:46","guid":{"rendered":"https:\/\/staging.nbg.eu\/product\/area-419-arcalock-clamp\/"},"modified":"2025-01-10T22:35:22","modified_gmt":"2025-01-10T22:35:22","slug":"area-419-arcalock-klaemma","status":"publish","type":"product","link":"https:\/\/staging.nbg.eu\/sv\/produkt\/area-419-arcalock-klaemma\/","title":{"rendered":"Area 419 &#8211; ARCALOCK Kl\u00e4mma"},"content":{"rendered":"<div class=\"product-description\">\n<h2>Area 419 &#8211; ARCALOCK Kl\u00e4mma<\/h2>\n<p>ARCALOCK Kl\u00e4mma fr\u00e5n Area 419 fungerar p\u00e5 alla standard ARCA\/1,5&#8243; svalstj\u00e4rtskenor och erbjuder en mekaniskt l\u00e5st l\u00f6sning f\u00f6r \u00f6kad stabilitet.<\/p>\n<ul>\n<li>Tv\u00e5stegs skruvdesign f\u00f6r snabb r\u00f6relse och extra vridmoment<\/li>\n<li>Kompatibel med Atlas Bipods och anpassningsbar f\u00f6r Harris Bipods<\/li>\n<li>Kan anv\u00e4ndas som barri\u00e4rstopp<\/li>\n<li>Bak\u00e5tkompatibel med standard ARCA-skenor<\/li>\n<li>Tillverkad av 6061-T6 aluminium med Type III Hardcoat anodisering<\/li>\n<li>V\u00e4ger 72,5 gram<\/li>\n<\/ul>\n<p>Area 419 ARCALOCK Kl\u00e4mma \u00e4r ett tillbeh\u00f6r f\u00f6r precisionsgev\u00e4r.<\/p>\n<\/div>\n","protected":false},"excerpt":{"rendered":"<p>S\u00e4ker ARCA-kl\u00e4mma med l\u00e5smekanism f\u00f6r precisionsgev\u00e4r.<\/p>\n","protected":false},"featured_media":115261,"template":"","meta":{"_acf_changed":false},"product_brand":[11051],"product_cat":[13053,13001],"product_tag":[],"class_list":{"0":"post-141410","1":"product","2":"type-product","3":"status-publish","4":"has-post-thumbnail","6":"product_brand-area-419","7":"product_cat-gevaer","8":"product_cat-skenor","10":"first","11":"instock","12":"taxable","13":"shipping-taxable","14":"purchasable","15":"product-type-simple"},"acf":[],"_links":{"self":[{"href":"https:\/\/staging.nbg.eu\/sv\/wp-json\/wp\/v2\/product\/141410","targetHints":{"allow":["GET"]}}],"collection":[{"href":"https:\/\/staging.nbg.eu\/sv\/wp-json\/wp\/v2\/product"}],"about":[{"href":"https:\/\/staging.nbg.eu\/sv\/wp-json\/wp\/v2\/types\/product"}],"wp:featuredmedia":[{"embeddable":true,"href":"https:\/\/staging.nbg.eu\/sv\/wp-json\/wp\/v2\/media\/115261"}],"wp:attachment":[{"href":"https:\/\/staging.nbg.eu\/sv\/wp-json\/wp\/v2\/media?parent=141410"}],"wp:term":[{"taxonomy":"product_brand","embeddable":true,"href":"https:\/\/staging.nbg.eu\/sv\/wp-json\/wp\/v2\/product_brand?post=141410"},{"taxonomy":"product_cat","embeddable":true,"href":"https:\/\/staging.nbg.eu\/sv\/wp-json\/wp\/v2\/product_cat?post=141410"},{"taxonomy":"product_tag","embeddable":true,"href":"https:\/\/staging.nbg.eu\/sv\/wp-json\/wp\/v2\/product_tag?post=141410"}],"curies":[{"name":"wp","href":"https:\/\/api.w.org\/{rel}","templated":true}]}}