{"id":141293,"date":"2025-01-04T07:26:25","date_gmt":"2025-01-10T21:47:07","guid":{"rendered":"https:\/\/staging.nbg.eu\/product\/area-419-arcalock-clamp-black\/"},"modified":"2025-01-10T21:48:41","modified_gmt":"2025-01-10T21:48:41","slug":"area-419-arcalock-klaemma-svart","status":"publish","type":"product","link":"https:\/\/staging.nbg.eu\/sv\/produkt\/area-419-arcalock-klaemma-svart\/","title":{"rendered":"Area 419 &#8211; ARCALOCK Kl\u00e4mma svart"},"content":{"rendered":"<div class=\"product-description\">\n<h2>Area 419 &#8211; ARCALOCK Kl\u00e4mma (Svart)<\/h2>\n<p>Area 419 ARCALOCK Kl\u00e4mma i svart. Denna kl\u00e4mma fungerar p\u00e5 alla standard ARCA\/1,5&#8243; svalstj\u00e4rtskenor och erbjuder en mekaniskt l\u00e5st l\u00f6sning f\u00f6r \u00f6kad stabilitet.<\/p>\n<ul>\n<li>Tv\u00e5stegs skruvdesign f\u00f6r snabb r\u00f6relse och extra vridmoment<\/li>\n<li>Kompatibel med Atlas Bipods och kan anpassas f\u00f6r Harris Bipods<\/li>\n<li>Bak\u00e5tkompatibel med standard ARCA-skenor<\/li>\n<li>Tillverkad av 6061-T6 aluminium med svart anodiserad yta av typ III<\/li>\n<li>303 rostfritt st\u00e5l skruv<\/li>\n<li>Vikt: 72,5 gram<\/li>\n<\/ul>\n<p>Area 419 ARCALOCK Kl\u00e4mma \u00e4r designad och tillverkad i USA.<\/p>\n<\/div>\n","protected":false},"excerpt":{"rendered":"<p>S\u00e4ker ARCA-skenskl\u00e4mma med svart vred f\u00f6r precisionsgev\u00e4r.<\/p>\n","protected":false},"featured_media":115385,"template":"","meta":{"_acf_changed":false},"product_brand":[11051],"product_cat":[13053,13001,390],"product_tag":[],"class_list":{"0":"post-141293","1":"product","2":"type-product","3":"status-publish","4":"has-post-thumbnail","6":"product_brand-area-419","7":"product_cat-gevaer","8":"product_cat-skenor","9":"product_cat-aiming","11":"first","12":"instock","13":"taxable","14":"shipping-taxable","15":"purchasable","16":"product-type-simple"},"acf":[],"_links":{"self":[{"href":"https:\/\/staging.nbg.eu\/sv\/wp-json\/wp\/v2\/product\/141293","targetHints":{"allow":["GET"]}}],"collection":[{"href":"https:\/\/staging.nbg.eu\/sv\/wp-json\/wp\/v2\/product"}],"about":[{"href":"https:\/\/staging.nbg.eu\/sv\/wp-json\/wp\/v2\/types\/product"}],"wp:featuredmedia":[{"embeddable":true,"href":"https:\/\/staging.nbg.eu\/sv\/wp-json\/wp\/v2\/media\/115385"}],"wp:attachment":[{"href":"https:\/\/staging.nbg.eu\/sv\/wp-json\/wp\/v2\/media?parent=141293"}],"wp:term":[{"taxonomy":"product_brand","embeddable":true,"href":"https:\/\/staging.nbg.eu\/sv\/wp-json\/wp\/v2\/product_brand?post=141293"},{"taxonomy":"product_cat","embeddable":true,"href":"https:\/\/staging.nbg.eu\/sv\/wp-json\/wp\/v2\/product_cat?post=141293"},{"taxonomy":"product_tag","embeddable":true,"href":"https:\/\/staging.nbg.eu\/sv\/wp-json\/wp\/v2\/product_tag?post=141293"}],"curies":[{"name":"wp","href":"https:\/\/api.w.org\/{rel}","templated":true}]}}