{"id":140622,"date":"2025-01-04T07:09:46","date_gmt":"2025-01-10T17:49:52","guid":{"rendered":"https:\/\/staging.nbg.eu\/product\/area-419-arcalock-arm-for-garmin-xero\/"},"modified":"2025-01-10T17:51:36","modified_gmt":"2025-01-10T17:51:36","slug":"area-419-arcalock-arm-foer-garmin-xero","status":"publish","type":"product","link":"https:\/\/staging.nbg.eu\/sv\/produkt\/area-419-arcalock-arm-foer-garmin-xero\/","title":{"rendered":"Area 419 &#8211; ARCALOCK Arm f\u00f6r Garmin Xero"},"content":{"rendered":"<div class=\"product-description\">\n<h2>Area 419 &#8211; ARCALOCK-arm f\u00f6r Garmin Xero C1<\/h2>\n<p>\u00d6ka anv\u00e4ndbarheten f\u00f6r din Garmin Xero C1 med v\u00e5r ARCALOCK-arm. Detta tillbeh\u00f6r m\u00f6jligg\u00f6r flera monteringsalternativ:<\/p>\n<ul>\n<li>I linje med pipan (sidomontering)<\/li>\n<li>F\u00f6rskjuten med ARCA-skena eller f\u00f6rl\u00e4ngd picatinnyskena<\/li>\n<li>Avtagbar f\u00f6r anv\u00e4ndning p\u00e5 alla ARCA-kompatibla stativ<\/li>\n<\/ul>\n<p>Tillverkad av aluminium, denna arm har ett 17S-monteringsm\u00f6nster kompatibelt med v\u00e5ra Arcalock-kl\u00e4mmor eller QD picatinny-spakkl\u00e4mmor. Ett komplement till din Garmin Xero C1 Kronograf!<\/p>\n<h3>Specifikationer:<\/h3>\n<ul>\n<li>Vikt: 454 g<\/li>\n<li>M\u00e5tt: 15,24 cm \u00d7 10,16 cm \u00d7 2,54 cm<\/li>\n<\/ul>\n<\/div>\n","protected":false},"excerpt":{"rendered":"<p>M\u00e5ngsidig f\u00e4ste f\u00f6r Garmin Xero C1: Kompatibel med pipa, skena eller stativ.<\/p>\n","protected":false},"featured_media":114895,"template":"","meta":{"_acf_changed":false},"product_brand":[11051],"product_cat":[13053,13001],"product_tag":[],"class_list":{"0":"post-140622","1":"product","2":"type-product","3":"status-publish","4":"has-post-thumbnail","6":"product_brand-area-419","7":"product_cat-gevaer","8":"product_cat-skenor","10":"first","11":"instock","12":"taxable","13":"shipping-taxable","14":"purchasable","15":"product-type-variable","16":"wvs-archive-product-wrapper"},"acf":[],"_links":{"self":[{"href":"https:\/\/staging.nbg.eu\/sv\/wp-json\/wp\/v2\/product\/140622","targetHints":{"allow":["GET"]}}],"collection":[{"href":"https:\/\/staging.nbg.eu\/sv\/wp-json\/wp\/v2\/product"}],"about":[{"href":"https:\/\/staging.nbg.eu\/sv\/wp-json\/wp\/v2\/types\/product"}],"wp:featuredmedia":[{"embeddable":true,"href":"https:\/\/staging.nbg.eu\/sv\/wp-json\/wp\/v2\/media\/114895"}],"wp:attachment":[{"href":"https:\/\/staging.nbg.eu\/sv\/wp-json\/wp\/v2\/media?parent=140622"}],"wp:term":[{"taxonomy":"product_brand","embeddable":true,"href":"https:\/\/staging.nbg.eu\/sv\/wp-json\/wp\/v2\/product_brand?post=140622"},{"taxonomy":"product_cat","embeddable":true,"href":"https:\/\/staging.nbg.eu\/sv\/wp-json\/wp\/v2\/product_cat?post=140622"},{"taxonomy":"product_tag","embeddable":true,"href":"https:\/\/staging.nbg.eu\/sv\/wp-json\/wp\/v2\/product_tag?post=140622"}],"curies":[{"name":"wp","href":"https:\/\/api.w.org\/{rel}","templated":true}]}}