{"id":140188,"date":"2025-01-04T04:53:09","date_gmt":"2025-01-10T14:01:45","guid":{"rendered":"https:\/\/staging.nbg.eu\/product\/area-419-arcalock-12-universal-dovetail-rail\/"},"modified":"2025-01-10T14:03:19","modified_gmt":"2025-01-10T14:03:19","slug":"area-419-arcalock-12-universal-svalstjaertsskena","status":"publish","type":"product","link":"https:\/\/staging.nbg.eu\/sv\/produkt\/area-419-arcalock-12-universal-svalstjaertsskena\/","title":{"rendered":"Area 419 &#8211; ARCALOCK 12&#8243; universal svalstj\u00e4rtsskena"},"content":{"rendered":"<div class=\"product-description\">\n<h2>Area 419 &#8211; ARCALOCK 12&#8243; Universell Svalstj\u00e4rtsskena<\/h2>\n<p>ARCALOCK 12&#8243; Universell Svalstj\u00e4rtsskena fr\u00e5n Area 419 har f\u00f6ljande egenskaper:<\/p>\n<ul>\n<li>R\u00e4fflade sidor f\u00f6r mekanisk l\u00e5sning med Area 419-kl\u00e4mmor<\/li>\n<li>Bak\u00e5tkompatibel med standard Arca-tillbeh\u00f6r<\/li>\n<li>12&#8243; l\u00e4ngd<\/li>\n<li>Vikt 4,1 oz<\/li>\n<li>Kompatibel med RRS 1,5&#8243; svalstj\u00e4rtsstandard<\/li>\n<li>Rundade kanter<\/li>\n<li>Flera f\u00e4stpunkter<\/li>\n<li>Typ 3 h\u00e5rdanodiserad 6061-T6 aluminiumkonstruktion<\/li>\n<li>Tillverkad i USA<\/li>\n<\/ul>\n<p>MLOK-h\u00e5rdvara ing\u00e5r ej.<\/p>\n<\/div>\n","protected":false},"excerpt":{"rendered":"<p>L\u00e5sande 12&#8243; ARCA-skena f\u00f6r precisionsvapen. MLOK-f\u00e4sten ing\u00e5r ej.<\/p>\n","protected":false},"featured_media":114662,"template":"","meta":{"_acf_changed":false},"product_brand":[11051],"product_cat":[13053,13001,390],"product_tag":[],"class_list":{"0":"post-140188","1":"product","2":"type-product","3":"status-publish","4":"has-post-thumbnail","6":"product_brand-area-419","7":"product_cat-gevaer","8":"product_cat-skenor","9":"product_cat-aiming","11":"first","12":"instock","13":"taxable","14":"shipping-taxable","15":"purchasable","16":"product-type-simple"},"acf":[],"_links":{"self":[{"href":"https:\/\/staging.nbg.eu\/sv\/wp-json\/wp\/v2\/product\/140188","targetHints":{"allow":["GET"]}}],"collection":[{"href":"https:\/\/staging.nbg.eu\/sv\/wp-json\/wp\/v2\/product"}],"about":[{"href":"https:\/\/staging.nbg.eu\/sv\/wp-json\/wp\/v2\/types\/product"}],"wp:featuredmedia":[{"embeddable":true,"href":"https:\/\/staging.nbg.eu\/sv\/wp-json\/wp\/v2\/media\/114662"}],"wp:attachment":[{"href":"https:\/\/staging.nbg.eu\/sv\/wp-json\/wp\/v2\/media?parent=140188"}],"wp:term":[{"taxonomy":"product_brand","embeddable":true,"href":"https:\/\/staging.nbg.eu\/sv\/wp-json\/wp\/v2\/product_brand?post=140188"},{"taxonomy":"product_cat","embeddable":true,"href":"https:\/\/staging.nbg.eu\/sv\/wp-json\/wp\/v2\/product_cat?post=140188"},{"taxonomy":"product_tag","embeddable":true,"href":"https:\/\/staging.nbg.eu\/sv\/wp-json\/wp\/v2\/product_tag?post=140188"}],"curies":[{"name":"wp","href":"https:\/\/api.w.org\/{rel}","templated":true}]}}