{"id":139913,"date":"2025-01-04T06:50:31","date_gmt":"2025-01-10T13:09:24","guid":{"rendered":"https:\/\/staging.nbg.eu\/product\/area-419-arcalock-6-m-lok-dovetail-rail\/"},"modified":"2025-01-10T13:11:08","modified_gmt":"2025-01-10T13:11:08","slug":"area-419-arcalock-6-m-lok-svalstjaertsskena","status":"publish","type":"product","link":"https:\/\/staging.nbg.eu\/sv\/produkt\/area-419-arcalock-6-m-lok-svalstjaertsskena\/","title":{"rendered":"Area 419 &#8211; ARCALOCK 6&#8243; M-LOK svalstj\u00e4rtsskena"},"content":{"rendered":"<div class=\"product-description\">\n<h2>Area 419 &#8211; ARCALOCK 6&#8243; M-LOK Svalstj\u00e4rtskena<\/h2>\n<p><strong>Obs: Kr\u00e4ver 3 p\u00e5 varandra f\u00f6ljande M-LOK-platser f\u00f6r montering.<\/strong><\/p>\n<p>ARCALOCK svalstj\u00e4rtskena. Denna 6&#8243; skena har f\u00f6ljande egenskaper:<\/p>\n<ul>\n<li>R\u00e4fflade sidor f\u00f6r mekanisk l\u00e5sning med Area 419 kl\u00e4mmor<\/li>\n<li>Kompatibel med standard ARCA-tillbeh\u00f6r<\/li>\n<li>V\u00e4ger 2,2 oz<\/li>\n<li>F\u00f6ljer RRS 1,5&#8243; svalstj\u00e4rtstandard<\/li>\n<li>Fasade kanter och rundade h\u00f6rn<\/li>\n<li>Typ 3 h\u00e5rdanodiserad 6061-T6 aluminium<\/li>\n<li>Tillverkad i USA av inhemska material<\/li>\n<\/ul>\n<p>Skenan \u00f6kar gev\u00e4rets stabilitet och m\u00e5ngsidighet. Inkluderar n\u00f6dv\u00e4ndigt M-LOK monteringsmaterial.<\/p>\n<\/div>\n","protected":false},"excerpt":{"rendered":"<p>S\u00e4ker 6&#8243; M-LOK svalbansr\u00e4ls med l\u00e5sande r\u00e4fflor. Tillverkad i USA.<\/p>\n","protected":false},"featured_media":114275,"template":"","meta":{"_acf_changed":false},"product_brand":[11051],"product_cat":[13053,13001],"product_tag":[],"class_list":{"0":"post-139913","1":"product","2":"type-product","3":"status-publish","4":"has-post-thumbnail","6":"product_brand-area-419","7":"product_cat-gevaer","8":"product_cat-skenor","10":"first","11":"instock","12":"taxable","13":"shipping-taxable","14":"purchasable","15":"product-type-variable","16":"wvs-archive-product-wrapper"},"acf":[],"_links":{"self":[{"href":"https:\/\/staging.nbg.eu\/sv\/wp-json\/wp\/v2\/product\/139913","targetHints":{"allow":["GET"]}}],"collection":[{"href":"https:\/\/staging.nbg.eu\/sv\/wp-json\/wp\/v2\/product"}],"about":[{"href":"https:\/\/staging.nbg.eu\/sv\/wp-json\/wp\/v2\/types\/product"}],"wp:featuredmedia":[{"embeddable":true,"href":"https:\/\/staging.nbg.eu\/sv\/wp-json\/wp\/v2\/media\/114275"}],"wp:attachment":[{"href":"https:\/\/staging.nbg.eu\/sv\/wp-json\/wp\/v2\/media?parent=139913"}],"wp:term":[{"taxonomy":"product_brand","embeddable":true,"href":"https:\/\/staging.nbg.eu\/sv\/wp-json\/wp\/v2\/product_brand?post=139913"},{"taxonomy":"product_cat","embeddable":true,"href":"https:\/\/staging.nbg.eu\/sv\/wp-json\/wp\/v2\/product_cat?post=139913"},{"taxonomy":"product_tag","embeddable":true,"href":"https:\/\/staging.nbg.eu\/sv\/wp-json\/wp\/v2\/product_tag?post=139913"}],"curies":[{"name":"wp","href":"https:\/\/api.w.org\/{rel}","templated":true}]}}