{"id":139645,"date":"2025-01-04T11:00:05","date_gmt":"2025-01-10T12:08:07","guid":{"rendered":"https:\/\/staging.nbg.eu\/product\/area-419-improved-bipod-picatinny-rail-ibr\/"},"modified":"2025-01-10T12:30:54","modified_gmt":"2025-01-10T12:30:54","slug":"area-419-foerbaettrad-skjutstoed-picatinny-skena-ibr","status":"publish","type":"product","link":"https:\/\/staging.nbg.eu\/sv\/produkt\/area-419-foerbaettrad-skjutstoed-picatinny-skena-ibr\/","title":{"rendered":"Area 419 &#8211; F\u00f6rb\u00e4ttrad skjutst\u00f6d Picatinny skena (IBR)"},"content":{"rendered":"<div class=\"product-description\">\n<h2>Area 419 &#8211; F\u00f6rb\u00e4ttrad Bipod Picatinny-skena (IBR)<\/h2>\n<p>Area 419 IBR \u00e4r en 4,8&#8243; skena med 10 sp\u00e5r. Den v\u00e4ger 1,09 oz.<\/p>\n<ul>\n<li>Precisionsfr\u00e4st med rundade h\u00f6rn och fasade kanter<\/li>\n<li>Passar skruvh\u00e5lsavst\u00e5nd fr\u00e5n 1,5&#8243; till 3,475&#8243;<\/li>\n<li>Fullbredds f\u00e4ste f\u00f6r Larue-stil bipod-montering<\/li>\n<li>Alla sp\u00e5r anv\u00e4ndbara oavsett skruvplacering<\/li>\n<li>Tillverkad av 7075-T651 aluminium<\/li>\n<li>Tillverkad i USA med amerikanska material<\/li>\n<li>Monteringsmaterial ing\u00e5r<\/li>\n<\/ul>\n<p>Area 419 IBR.<\/p>\n<\/div>\n","protected":false},"excerpt":{"rendered":"<p>Area 419:s IBR: L\u00e4tt, h\u00e5llbar bipodskena med 10 sp\u00e5r.<\/p>\n","protected":false},"featured_media":118188,"template":"","meta":{"_acf_changed":false},"product_brand":[11051],"product_cat":[13053,13001],"product_tag":[],"class_list":{"0":"post-139645","1":"product","2":"type-product","3":"status-publish","4":"has-post-thumbnail","6":"product_brand-area-419","7":"product_cat-gevaer","8":"product_cat-skenor","10":"first","11":"instock","12":"taxable","13":"shipping-taxable","14":"purchasable","15":"product-type-variable","16":"wvs-archive-product-wrapper"},"acf":[],"_links":{"self":[{"href":"https:\/\/staging.nbg.eu\/sv\/wp-json\/wp\/v2\/product\/139645","targetHints":{"allow":["GET"]}}],"collection":[{"href":"https:\/\/staging.nbg.eu\/sv\/wp-json\/wp\/v2\/product"}],"about":[{"href":"https:\/\/staging.nbg.eu\/sv\/wp-json\/wp\/v2\/types\/product"}],"wp:featuredmedia":[{"embeddable":true,"href":"https:\/\/staging.nbg.eu\/sv\/wp-json\/wp\/v2\/media\/118188"}],"wp:attachment":[{"href":"https:\/\/staging.nbg.eu\/sv\/wp-json\/wp\/v2\/media?parent=139645"}],"wp:term":[{"taxonomy":"product_brand","embeddable":true,"href":"https:\/\/staging.nbg.eu\/sv\/wp-json\/wp\/v2\/product_brand?post=139645"},{"taxonomy":"product_cat","embeddable":true,"href":"https:\/\/staging.nbg.eu\/sv\/wp-json\/wp\/v2\/product_cat?post=139645"},{"taxonomy":"product_tag","embeddable":true,"href":"https:\/\/staging.nbg.eu\/sv\/wp-json\/wp\/v2\/product_tag?post=139645"}],"curies":[{"name":"wp","href":"https:\/\/api.w.org\/{rel}","templated":true}]}}