{"id":139447,"date":"2025-01-04T07:39:43","date_gmt":"2025-01-10T10:50:34","guid":{"rendered":"https:\/\/staging.nbg.eu\/product\/area-419-arcalock-fixed-barricade-block\/"},"modified":"2025-01-10T10:52:08","modified_gmt":"2025-01-10T10:52:08","slug":"area-419-arcalock-fast-barrikadblock","status":"publish","type":"product","link":"https:\/\/staging.nbg.eu\/sv\/produkt\/area-419-arcalock-fast-barrikadblock\/","title":{"rendered":"Area 419 &#8211; ARCALOCK fast barrikadblock"},"content":{"rendered":"<div class=\"product-description\">\n<h2>Area 419 &#8211; ARCALOCK Fast barrikadblock<\/h2>\n<p>ARCALOCK Fast barrikadblock \u00e4r utformad f\u00f6r platta ARCALOCK-skenor. Detta tillbeh\u00f6r glider p\u00e5 12&#8243; Universal-, M-LOK-, Keymod- och MPA-skenor och ger ett s\u00e4kert och anpassningsbart stopp.<\/p>\n<ul>\n<li>1-1\/8&#8243; h\u00f6g fr\u00e5n skenans botten<\/li>\n<li>R\u00e4fflad yta f\u00f6r b\u00e4ttre grepp<\/li>\n<li>Kl\u00e4mdesign med st\u00e4llskruv f\u00f6r garanterad stabilitet<\/li>\n<li>Tillverkad av 6061-T6 aluminium<\/li>\n<li>Typ III svart h\u00e5rdanodiserad yta<\/li>\n<li>Inkluderar 3\/32&#8243; nyckel f\u00f6r justering<\/li>\n<\/ul>\n<p>V\u00e4ger 0,2 lbs och m\u00e4ter 2&#8243; x 1,5&#8243; x 1,5&#8243;, detta kompakta block erbjuder h\u00e5llbarhet och precision.<\/p>\n<\/div>\n","protected":false},"excerpt":{"rendered":"<p>S\u00e4ker, justerbar stoppkloss f\u00f6r ARCALOCK-skenor. Aluminium med r\u00e4fflat grepp.<\/p>\n","protected":false},"featured_media":115557,"template":"","meta":{"_acf_changed":false},"product_brand":[11051],"product_cat":[13053,13001,390],"product_tag":[],"class_list":{"0":"post-139447","1":"product","2":"type-product","3":"status-publish","4":"has-post-thumbnail","6":"product_brand-area-419","7":"product_cat-gevaer","8":"product_cat-skenor","9":"product_cat-aiming","11":"first","12":"instock","13":"taxable","14":"shipping-taxable","15":"purchasable","16":"product-type-simple"},"acf":[],"_links":{"self":[{"href":"https:\/\/staging.nbg.eu\/sv\/wp-json\/wp\/v2\/product\/139447","targetHints":{"allow":["GET"]}}],"collection":[{"href":"https:\/\/staging.nbg.eu\/sv\/wp-json\/wp\/v2\/product"}],"about":[{"href":"https:\/\/staging.nbg.eu\/sv\/wp-json\/wp\/v2\/types\/product"}],"wp:featuredmedia":[{"embeddable":true,"href":"https:\/\/staging.nbg.eu\/sv\/wp-json\/wp\/v2\/media\/115557"}],"wp:attachment":[{"href":"https:\/\/staging.nbg.eu\/sv\/wp-json\/wp\/v2\/media?parent=139447"}],"wp:term":[{"taxonomy":"product_brand","embeddable":true,"href":"https:\/\/staging.nbg.eu\/sv\/wp-json\/wp\/v2\/product_brand?post=139447"},{"taxonomy":"product_cat","embeddable":true,"href":"https:\/\/staging.nbg.eu\/sv\/wp-json\/wp\/v2\/product_cat?post=139447"},{"taxonomy":"product_tag","embeddable":true,"href":"https:\/\/staging.nbg.eu\/sv\/wp-json\/wp\/v2\/product_tag?post=139447"}],"curies":[{"name":"wp","href":"https:\/\/api.w.org\/{rel}","templated":true}]}}