{"id":139210,"date":"2025-01-04T11:14:34","date_gmt":"2025-01-04T11:14:34","guid":{"rendered":"https:\/\/staging.nbg.eu\/product\/fixed-scope-level-for-area-419-rings-and-mounts\/"},"modified":"2025-01-10T10:28:45","modified_gmt":"2025-01-10T10:28:45","slug":"fast-vattenpassniva-foer-area-419-ringar-och-faesten","status":"publish","type":"product","link":"https:\/\/staging.nbg.eu\/sv\/produkt\/fast-vattenpassniva-foer-area-419-ringar-och-faesten\/","title":{"rendered":"Fast vattenpassniv\u00e5 f\u00f6r Area 419 ringar och f\u00e4sten"},"content":{"rendered":"<div class=\"product-description\">\n<h2>Fast kikarsikteniv\u00e5 f\u00f6r Area 419 ringar och f\u00e4sten<\/h2>\n<p>V\u00e5r fasta kikarsikteniv\u00e5 \u00e4r designad f\u00f6r god synlighet och repeterbarhet. Denna niv\u00e5 har f\u00f6ljande egenskaper:<\/p>\n<ul>\n<li>L\u00e4ttl\u00e4st vattenpass<\/li>\n<li>M\u00e5ngsidig design som passar flera f\u00e4stpunkter<\/li>\n<li>Tillverkad av h\u00e5llbar 6061 aluminium<\/li>\n<li>Tillverkad i USA<\/li>\n<\/ul>\n<p>L\u00e4mplig f\u00f6r skyttar som kr\u00e4ver precision. Kan monteras p\u00e5 v\u00e5ra ringar och f\u00e4sten enligt \u00f6nskem\u00e5l.<\/p>\n<h3>Specifikationer:<\/h3>\n<ul>\n<li>Vikt: 0,23 kg<\/li>\n<li>M\u00e5tt: 15,2 \u00d7 10,2 \u00d7 2,5 cm<\/li>\n<\/ul>\n<p>V\u00e5r fasta kikarsikteniv\u00e5 kombinerar enkelhet med precision.<\/p>\n<\/div>\n","protected":false},"excerpt":{"rendered":"<p>&#8221;Synlig, repeterbar vattenpassniv\u00e5. Tillverkad i aluminium i USA. M\u00e5ngsidig montering.&#8221;<\/p>\n","protected":false},"featured_media":118933,"template":"","meta":{"_acf_changed":false},"product_brand":[11051],"product_cat":[12986,13029],"product_tag":[],"class_list":{"0":"post-139210","1":"product","2":"type-product","3":"status-publish","4":"has-post-thumbnail","6":"product_brand-area-419","7":"product_cat-siktestillbehoer","8":"product_cat-siktning","10":"first","11":"instock","12":"taxable","13":"shipping-taxable","14":"purchasable","15":"product-type-simple"},"acf":[],"_links":{"self":[{"href":"https:\/\/staging.nbg.eu\/sv\/wp-json\/wp\/v2\/product\/139210","targetHints":{"allow":["GET"]}}],"collection":[{"href":"https:\/\/staging.nbg.eu\/sv\/wp-json\/wp\/v2\/product"}],"about":[{"href":"https:\/\/staging.nbg.eu\/sv\/wp-json\/wp\/v2\/types\/product"}],"wp:featuredmedia":[{"embeddable":true,"href":"https:\/\/staging.nbg.eu\/sv\/wp-json\/wp\/v2\/media\/118933"}],"wp:attachment":[{"href":"https:\/\/staging.nbg.eu\/sv\/wp-json\/wp\/v2\/media?parent=139210"}],"wp:term":[{"taxonomy":"product_brand","embeddable":true,"href":"https:\/\/staging.nbg.eu\/sv\/wp-json\/wp\/v2\/product_brand?post=139210"},{"taxonomy":"product_cat","embeddable":true,"href":"https:\/\/staging.nbg.eu\/sv\/wp-json\/wp\/v2\/product_cat?post=139210"},{"taxonomy":"product_tag","embeddable":true,"href":"https:\/\/staging.nbg.eu\/sv\/wp-json\/wp\/v2\/product_tag?post=139210"}],"curies":[{"name":"wp","href":"https:\/\/api.w.org\/{rel}","templated":true}]}}