{"id":139103,"date":"2025-01-04T11:21:50","date_gmt":"2025-01-04T11:21:50","guid":{"rendered":"https:\/\/staging.nbg.eu\/product\/area-419-master-funnel-kit\/"},"modified":"2025-01-10T10:23:25","modified_gmt":"2025-01-10T10:23:25","slug":"area-419-master-tratt-kit","status":"publish","type":"product","link":"https:\/\/staging.nbg.eu\/sv\/produkt\/area-419-master-tratt-kit\/","title":{"rendered":"Area 419 &#8211; Master tratt-kit"},"content":{"rendered":"<h2>Area 419 &#8211; Huvudtrattsats<\/h2>\n<p>Area 419 Huvudtrattsats inneh\u00e5ller:<\/p>\n<ul>\n<li>1 Trattbas<\/li>\n<li>6 Kaliberspecifika f\u00e4rgkodade huvuden (22 kal, 6mm\/243, 6,5mm\/264, 7mm\/284, 30 kal, 338 kal)<\/li>\n<li>1 F\u00f6rvaringsblock<\/li>\n<\/ul>\n<p>Tillverkad av 6061-T6 aluminium. Tratten minskar statisk elektricitet och f\u00f6rb\u00e4ttrar krutfl\u00f6det. De utbytbara huvudena passar olika kalibrar. Designen inkluderar:<\/p>\n<ul>\n<li>R\u00e4fflat inre f\u00f6r f\u00f6rb\u00e4ttrat krutfl\u00f6de<\/li>\n<li>Bearbetade handtag f\u00f6r grepp<\/li>\n<li>J\u00e4mna ytor f\u00f6r att f\u00f6rhindra att krut fastnar<\/li>\n<\/ul>\n<p>Tillverkad i USA, denna sats \u00e4r avsedd f\u00f6r precisionsuppladdning.<\/p>\n","protected":false},"excerpt":{"rendered":"<p>Area 419 Master Tratt-kit: Precisionsuppladdning med 6 kaliberhuvuden.<\/p>\n","protected":false},"featured_media":119077,"template":"","meta":{"_acf_changed":false},"product_brand":[],"product_cat":[13049,13003],"product_tag":[],"class_list":{"0":"post-139103","1":"product","2":"type-product","3":"status-publish","4":"has-post-thumbnail","6":"product_cat-omladdning","7":"product_cat-omladdningstillbehoer","9":"first","10":"instock","11":"taxable","12":"shipping-taxable","13":"purchasable","14":"product-type-simple"},"acf":[],"_links":{"self":[{"href":"https:\/\/staging.nbg.eu\/sv\/wp-json\/wp\/v2\/product\/139103","targetHints":{"allow":["GET"]}}],"collection":[{"href":"https:\/\/staging.nbg.eu\/sv\/wp-json\/wp\/v2\/product"}],"about":[{"href":"https:\/\/staging.nbg.eu\/sv\/wp-json\/wp\/v2\/types\/product"}],"wp:featuredmedia":[{"embeddable":true,"href":"https:\/\/staging.nbg.eu\/sv\/wp-json\/wp\/v2\/media\/119077"}],"wp:attachment":[{"href":"https:\/\/staging.nbg.eu\/sv\/wp-json\/wp\/v2\/media?parent=139103"}],"wp:term":[{"taxonomy":"product_brand","embeddable":true,"href":"https:\/\/staging.nbg.eu\/sv\/wp-json\/wp\/v2\/product_brand?post=139103"},{"taxonomy":"product_cat","embeddable":true,"href":"https:\/\/staging.nbg.eu\/sv\/wp-json\/wp\/v2\/product_cat?post=139103"},{"taxonomy":"product_tag","embeddable":true,"href":"https:\/\/staging.nbg.eu\/sv\/wp-json\/wp\/v2\/product_tag?post=139103"}],"curies":[{"name":"wp","href":"https:\/\/api.w.org\/{rel}","templated":true}]}}