{"id":138378,"date":"2025-01-04T04:14:08","date_gmt":"2025-01-09T20:35:49","guid":{"rendered":"https:\/\/staging.nbg.eu\/product\/area-419-remington-700-long-action-improved-scope-rail-isr-la\/"},"modified":"2025-01-09T20:37:50","modified_gmt":"2025-01-09T20:37:50","slug":"area-419-remington-700-long-action-foerbaettrad-kikarskena-isr-la","status":"publish","type":"product","link":"https:\/\/staging.nbg.eu\/sv\/produkt\/area-419-remington-700-long-action-foerbaettrad-kikarskena-isr-la\/","title":{"rendered":"Area 419 &#8211; Remington 700 Long Action f\u00f6rb\u00e4ttrad kikarsken\u0430 (ISR-LA)"},"content":{"rendered":"<div class=\"product-description\">\n<h2>Area 419 &#8211; Remington 700 Long Action F\u00f6rb\u00e4ttrad Kikarsikte Skena (ISR-LA)<\/h2>\n<p>Area 419 ISR-LA kikarsikte skena. Tillverkad av 7075 Aluminium, denna skena har f\u00f6ljande egenskaper:<\/p>\n<ul>\n<li>Integrerad rekylklack f\u00f6r \u00f6kad stabilitet<\/li>\n<li>Tillg\u00e4nglig i Helt Sp\u00e5rad och ARC Top design<\/li>\n<li>Kompatibel med #6 och #8 skruvar<\/li>\n<li>20 MOA vinkel f\u00f6r ut\u00f6kad r\u00e4ckvidd<\/li>\n<li>MIL-STD-1913 kompatibel<\/li>\n<li>Typ III H\u00e5rdanodiserad svart yta<\/li>\n<\/ul>\n<p>Inkluderar monteringsdelar och Torx T10 nyckel. V\u00e4lj mellan Helt Sp\u00e5rad f\u00f6r universell kompatibilitet eller ARC Top f\u00f6r ett unikt utseende. M\u00e5tt: 8,25&#8243; \u00d7 1&#8243; \u00d7 1&#8243;, Vikt: 0,2 lbs (90,7 g).<\/p>\n<\/div>\n","protected":false},"excerpt":{"rendered":"<p>Precisionsutformad 20 MOA kikarsikte-skena f\u00f6r Remington 700 LA-gev\u00e4r.<\/p>\n","protected":false},"featured_media":111617,"template":"","meta":{"_acf_changed":false},"product_brand":[],"product_cat":[13053,13001],"product_tag":[],"class_list":{"0":"post-138378","1":"product","2":"type-product","3":"status-publish","4":"has-post-thumbnail","6":"product_cat-gevaer","7":"product_cat-skenor","9":"first","10":"instock","11":"taxable","12":"shipping-taxable","13":"purchasable","14":"product-type-variable","15":"wvs-archive-product-wrapper"},"acf":[],"_links":{"self":[{"href":"https:\/\/staging.nbg.eu\/sv\/wp-json\/wp\/v2\/product\/138378","targetHints":{"allow":["GET"]}}],"collection":[{"href":"https:\/\/staging.nbg.eu\/sv\/wp-json\/wp\/v2\/product"}],"about":[{"href":"https:\/\/staging.nbg.eu\/sv\/wp-json\/wp\/v2\/types\/product"}],"wp:featuredmedia":[{"embeddable":true,"href":"https:\/\/staging.nbg.eu\/sv\/wp-json\/wp\/v2\/media\/111617"}],"wp:attachment":[{"href":"https:\/\/staging.nbg.eu\/sv\/wp-json\/wp\/v2\/media?parent=138378"}],"wp:term":[{"taxonomy":"product_brand","embeddable":true,"href":"https:\/\/staging.nbg.eu\/sv\/wp-json\/wp\/v2\/product_brand?post=138378"},{"taxonomy":"product_cat","embeddable":true,"href":"https:\/\/staging.nbg.eu\/sv\/wp-json\/wp\/v2\/product_cat?post=138378"},{"taxonomy":"product_tag","embeddable":true,"href":"https:\/\/staging.nbg.eu\/sv\/wp-json\/wp\/v2\/product_tag?post=138378"}],"curies":[{"name":"wp","href":"https:\/\/api.w.org\/{rel}","templated":true}]}}