{"id":137818,"date":"2025-01-04T10:53:28","date_gmt":"2025-01-04T10:53:28","guid":{"rendered":"https:\/\/staging.nbg.eu\/product\/area-419-harris-bipod-adapter\/"},"modified":"2025-01-09T15:58:55","modified_gmt":"2025-01-09T15:58:55","slug":"area-419-harris-skjutstoed-adapter","status":"publish","type":"product","link":"https:\/\/staging.nbg.eu\/sv\/produkt\/area-419-harris-skjutstoed-adapter\/","title":{"rendered":"Area 419 &#8211; Harris skjutst\u00f6d adapter"},"content":{"rendered":"<div class=\"product-description\">\n<h2>Area 419 &#8211; Harris Bipod-adapter<\/h2>\n<p>Adapter f\u00f6r Harris sv\u00e4ngbara bipod, utformad f\u00f6r &#8221;S&#8221; (sv\u00e4ngbar) typ av Harris bipod. Denna adapter g\u00f6r det m\u00f6jligt att montera din bipod p\u00e5 ARCALOCK kl\u00e4mbaser eller Atlas Bipod-r\u00e4ls adapters.<\/p>\n<ul>\n<li>Ers\u00e4tter den ursprungliga sv\u00e4ngbara monteringsplattformen<\/li>\n<li>Kompatibel med fabrikssp\u00e4nnskruv eller KMW Pod Loc<\/li>\n<li>Tillverkad av 6061-T6 aluminium<\/li>\n<li>Typ III svart h\u00e5rdanodiserad yta<\/li>\n<li>Vikt: 0,09 kg<\/li>\n<li>M\u00e5tt: 3,81 \u00d7 3,81 \u00d7 3,81 cm<\/li>\n<\/ul>\n<p><strong>Obs:<\/strong> Bipod och kl\u00e4mma ing\u00e5r ej. Ej kompatibel med barrikadstopp.<\/p>\n<\/div>\n","protected":false},"excerpt":{"rendered":"<p>Anpassa Harris sv\u00e4ngbara tv\u00e5benst\u00f6d till ARCALOCK- eller Atlas-r\u00e4lsystem.<\/p>\n","protected":false},"featured_media":117905,"template":"","meta":{"_acf_changed":false},"product_brand":[],"product_cat":[13053,13001,13046],"product_tag":[],"class_list":{"0":"post-137818","1":"product","2":"type-product","3":"status-publish","4":"has-post-thumbnail","6":"product_cat-gevaer","7":"product_cat-skenor","8":"product_cat-tvabenstoed","10":"first","11":"outofstock","12":"taxable","13":"shipping-taxable","14":"purchasable","15":"product-type-simple"},"acf":[],"_links":{"self":[{"href":"https:\/\/staging.nbg.eu\/sv\/wp-json\/wp\/v2\/product\/137818","targetHints":{"allow":["GET"]}}],"collection":[{"href":"https:\/\/staging.nbg.eu\/sv\/wp-json\/wp\/v2\/product"}],"about":[{"href":"https:\/\/staging.nbg.eu\/sv\/wp-json\/wp\/v2\/types\/product"}],"wp:featuredmedia":[{"embeddable":true,"href":"https:\/\/staging.nbg.eu\/sv\/wp-json\/wp\/v2\/media\/117905"}],"wp:attachment":[{"href":"https:\/\/staging.nbg.eu\/sv\/wp-json\/wp\/v2\/media?parent=137818"}],"wp:term":[{"taxonomy":"product_brand","embeddable":true,"href":"https:\/\/staging.nbg.eu\/sv\/wp-json\/wp\/v2\/product_brand?post=137818"},{"taxonomy":"product_cat","embeddable":true,"href":"https:\/\/staging.nbg.eu\/sv\/wp-json\/wp\/v2\/product_cat?post=137818"},{"taxonomy":"product_tag","embeddable":true,"href":"https:\/\/staging.nbg.eu\/sv\/wp-json\/wp\/v2\/product_tag?post=137818"}],"curies":[{"name":"wp","href":"https:\/\/api.w.org\/{rel}","templated":true}]}}