{"id":134803,"date":"2024-11-26T10:13:16","date_gmt":"2024-11-26T10:13:16","guid":{"rendered":"https:\/\/staging.nbg.eu\/product\/geissele-ak-high-energy-main-spring\/"},"modified":"2025-01-08T19:01:09","modified_gmt":"2025-01-08T19:01:09","slug":"geissele-ak-hoegenergi-huvudfjaeder","status":"publish","type":"product","link":"https:\/\/staging.nbg.eu\/sv\/produkt\/geissele-ak-hoegenergi-huvudfjaeder\/","title":{"rendered":"Geissele AK h\u00f6genergi huvudfj\u00e4der"},"content":{"rendered":"<div class=\"product-description\">\n<h2>Geissele AK Huvudfj\u00e4der med H\u00f6g Energi<\/h2>\n<p>F\u00f6rb\u00e4ttra prestandan p\u00e5 din AK47\/74-plattforms gev\u00e4r med Geissele AK Huvudfj\u00e4der med H\u00f6g Energi. Denna ers\u00e4ttningsfj\u00e4der erbjuder:<\/p>\n<ul>\n<li>Konstruktion av kromsilikon i enkel tr\u00e5d<\/li>\n<li>Tillverkad enligt ASTM A401-specifikationer<\/li>\n<li>25% mer vridmoment \u00e4n standard fabriksfj\u00e4drar<\/li>\n<li>Minskad l\u00e5stid f\u00f6r f\u00f6rb\u00e4ttrad skjuthastighet<\/li>\n<li>\u00d6kad konsistens i t\u00e4ndhattsant\u00e4ndning<\/li>\n<\/ul>\n<p>Uppgradera din AK:s tillf\u00f6rlitlighet och respons med denna fj\u00e4der. Geissele AK Huvudfj\u00e4der med H\u00f6g Energi ger f\u00f6rb\u00e4ttrad prestanda och konsistens skott efter skott.<\/p>\n<\/div>\n","protected":false},"excerpt":{"rendered":"<p>F\u00f6rb\u00e4ttra prestandan f\u00f6r AK47\/74 med denna h\u00f6genergetiska utbytesfj\u00e4der.<\/p>\n","protected":false},"featured_media":81159,"template":"","meta":{"_acf_changed":false},"product_brand":[11396],"product_cat":[12987],"product_tag":[],"class_list":{"0":"post-134803","1":"product","2":"type-product","3":"status-publish","4":"has-post-thumbnail","6":"product_brand-geissele","7":"product_cat-ak-justering","9":"first","10":"instock","11":"taxable","12":"shipping-taxable","13":"product-type-simple"},"acf":[],"_links":{"self":[{"href":"https:\/\/staging.nbg.eu\/sv\/wp-json\/wp\/v2\/product\/134803","targetHints":{"allow":["GET"]}}],"collection":[{"href":"https:\/\/staging.nbg.eu\/sv\/wp-json\/wp\/v2\/product"}],"about":[{"href":"https:\/\/staging.nbg.eu\/sv\/wp-json\/wp\/v2\/types\/product"}],"wp:featuredmedia":[{"embeddable":true,"href":"https:\/\/staging.nbg.eu\/sv\/wp-json\/wp\/v2\/media\/81159"}],"wp:attachment":[{"href":"https:\/\/staging.nbg.eu\/sv\/wp-json\/wp\/v2\/media?parent=134803"}],"wp:term":[{"taxonomy":"product_brand","embeddable":true,"href":"https:\/\/staging.nbg.eu\/sv\/wp-json\/wp\/v2\/product_brand?post=134803"},{"taxonomy":"product_cat","embeddable":true,"href":"https:\/\/staging.nbg.eu\/sv\/wp-json\/wp\/v2\/product_cat?post=134803"},{"taxonomy":"product_tag","embeddable":true,"href":"https:\/\/staging.nbg.eu\/sv\/wp-json\/wp\/v2\/product_tag?post=134803"}],"curies":[{"name":"wp","href":"https:\/\/api.w.org\/{rel}","templated":true}]}}