{"id":134551,"date":"2024-11-26T10:10:26","date_gmt":"2025-01-08T18:01:30","guid":{"rendered":"https:\/\/staging.nbg.eu\/product\/geissele-ak-braided-spring\/"},"modified":"2025-01-08T18:03:07","modified_gmt":"2025-01-08T18:03:07","slug":"geissele-ak-flaetad-fjaeder","status":"publish","type":"product","link":"https:\/\/staging.nbg.eu\/sv\/produkt\/geissele-ak-flaetad-fjaeder\/","title":{"rendered":"Geissele AK Fl\u00e4tad Fj\u00e4der"},"content":{"rendered":"<div class=\"product-description\">\n<h2>Geissele AK Fl\u00e4tad Fj\u00e4der<\/h2>\n<p>Ers\u00e4tt din AK47\/74-gev\u00e4rfj\u00e4der med ALG AK Fl\u00e4tad Huvudfj\u00e4der. Tillverkad i USA, denna fj\u00e4der har:<\/p>\n<ul>\n<li>Tre tr\u00e5dar av musikwire<\/li>\n<li>Fl\u00e4tad konstruktion f\u00f6r h\u00e5llbarhet<\/li>\n<li>F\u00f6rb\u00e4ttrad cykelr\u00f6relse och tillf\u00f6rlitlighet<\/li>\n<li>Kompatibel med AK47 och AK74 varianter<\/li>\n<\/ul>\n<p>Denna fj\u00e4der ger j\u00e4mnare funktion. Den fl\u00e4tade designen erbjuder l\u00e4ngre livsl\u00e4ngd j\u00e4mf\u00f6rt med traditionella enkel-tr\u00e5dsfj\u00e4drar. F\u00f6rb\u00e4ttra ditt gev\u00e4rs funktionalitet med denna uppgradering.<\/p>\n<\/div>\n","protected":false},"excerpt":{"rendered":"<p>F\u00f6rb\u00e4ttra AK47\/74-prestandan med en huvudfj\u00e4der av fl\u00e4tat st\u00e5l tillverkad i USA.<\/p>\n","protected":false},"featured_media":81112,"template":"","meta":{"_acf_changed":false},"product_brand":[11396],"product_cat":[12987],"product_tag":[],"class_list":{"0":"post-134551","1":"product","2":"type-product","3":"status-publish","4":"has-post-thumbnail","6":"product_brand-geissele","7":"product_cat-ak-justering","9":"first","10":"instock","11":"taxable","12":"shipping-taxable","13":"product-type-simple"},"acf":[],"_links":{"self":[{"href":"https:\/\/staging.nbg.eu\/sv\/wp-json\/wp\/v2\/product\/134551","targetHints":{"allow":["GET"]}}],"collection":[{"href":"https:\/\/staging.nbg.eu\/sv\/wp-json\/wp\/v2\/product"}],"about":[{"href":"https:\/\/staging.nbg.eu\/sv\/wp-json\/wp\/v2\/types\/product"}],"wp:featuredmedia":[{"embeddable":true,"href":"https:\/\/staging.nbg.eu\/sv\/wp-json\/wp\/v2\/media\/81112"}],"wp:attachment":[{"href":"https:\/\/staging.nbg.eu\/sv\/wp-json\/wp\/v2\/media?parent=134551"}],"wp:term":[{"taxonomy":"product_brand","embeddable":true,"href":"https:\/\/staging.nbg.eu\/sv\/wp-json\/wp\/v2\/product_brand?post=134551"},{"taxonomy":"product_cat","embeddable":true,"href":"https:\/\/staging.nbg.eu\/sv\/wp-json\/wp\/v2\/product_cat?post=134551"},{"taxonomy":"product_tag","embeddable":true,"href":"https:\/\/staging.nbg.eu\/sv\/wp-json\/wp\/v2\/product_tag?post=134551"}],"curies":[{"name":"wp","href":"https:\/\/api.w.org\/{rel}","templated":true}]}}