{"id":134259,"date":"2024-11-17T08:22:03","date_gmt":"2025-01-08T17:30:06","guid":{"rendered":"https:\/\/staging.nbg.eu\/product\/geissele-ak-recoil-spring\/"},"modified":"2025-01-08T17:31:49","modified_gmt":"2025-01-08T17:31:49","slug":"geissele-ak-rekylfjaeder","status":"publish","type":"product","link":"https:\/\/staging.nbg.eu\/sv\/produkt\/geissele-ak-rekylfjaeder\/","title":{"rendered":"Geissele AK Rekylfj\u00e4der"},"content":{"rendered":"<div class=\"product-description\">\n<h2>Geissele AK Rekylfj\u00e4der<\/h2>\n<p>ALG AK rekylfj\u00e4der f\u00f6r AK-vapen. Denna design erbjuder h\u00e5llbarhet och p\u00e5litlighet f\u00f6r ditt skjutvapen.<\/p>\n<ul>\n<li>Tillverkad av krom-kisel-st\u00e5l<\/li>\n<li>Motst\u00e5ndskraftig mot st\u00f6tp\u00e5verkan och avslappning<\/li>\n<li>2-3 d\u00f6da varv i mitten av fj\u00e4dern<\/li>\n<li>F\u00f6rhindrar harmonisk skada och bibeh\u00e5ller fri l\u00e4ngd<\/li>\n<\/ul>\n<p>Denna fj\u00e4der har en design som \u00e4ndrar dess naturliga frekvens, vilket s\u00e4kerst\u00e4ller konsekvent prestanda och f\u00f6rl\u00e4ngd livsl\u00e4ngd. Denna rekylfj\u00e4der kan f\u00f6rb\u00e4ttra skjutstabilitet och minska slitage p\u00e5 ditt skjutvapen.<\/p>\n<\/div>\n","protected":false},"excerpt":{"rendered":"<p>Geissele AK rekylfj\u00e4der: H\u00e5llbar, st\u00f6tt\u00e5lig, harmonikd\u00e4mpande.<\/p>\n","protected":false},"featured_media":81065,"template":"","meta":{"_acf_changed":false},"product_brand":[11396],"product_cat":[12987],"product_tag":[],"class_list":{"0":"post-134259","1":"product","2":"type-product","3":"status-publish","4":"has-post-thumbnail","6":"product_brand-geissele","7":"product_cat-ak-justering","9":"first","10":"instock","11":"taxable","12":"shipping-taxable","13":"product-type-simple"},"acf":[],"_links":{"self":[{"href":"https:\/\/staging.nbg.eu\/sv\/wp-json\/wp\/v2\/product\/134259","targetHints":{"allow":["GET"]}}],"collection":[{"href":"https:\/\/staging.nbg.eu\/sv\/wp-json\/wp\/v2\/product"}],"about":[{"href":"https:\/\/staging.nbg.eu\/sv\/wp-json\/wp\/v2\/types\/product"}],"wp:featuredmedia":[{"embeddable":true,"href":"https:\/\/staging.nbg.eu\/sv\/wp-json\/wp\/v2\/media\/81065"}],"wp:attachment":[{"href":"https:\/\/staging.nbg.eu\/sv\/wp-json\/wp\/v2\/media?parent=134259"}],"wp:term":[{"taxonomy":"product_brand","embeddable":true,"href":"https:\/\/staging.nbg.eu\/sv\/wp-json\/wp\/v2\/product_brand?post=134259"},{"taxonomy":"product_cat","embeddable":true,"href":"https:\/\/staging.nbg.eu\/sv\/wp-json\/wp\/v2\/product_cat?post=134259"},{"taxonomy":"product_tag","embeddable":true,"href":"https:\/\/staging.nbg.eu\/sv\/wp-json\/wp\/v2\/product_tag?post=134259"}],"curies":[{"name":"wp","href":"https:\/\/api.w.org\/{rel}","templated":true}]}}