{"id":134139,"date":"2024-11-27T16:45:20","date_gmt":"2025-01-08T17:18:52","guid":{"rendered":"https:\/\/staging.nbg.eu\/product\/area-419-remington-700-short-action-improved-scope-rail-isr-sa\/"},"modified":"2025-01-08T17:20:36","modified_gmt":"2025-01-08T17:20:36","slug":"area-419-remington-700-short-action-foerbaettrad-kikarskena-isr-sa","status":"publish","type":"product","link":"https:\/\/staging.nbg.eu\/sv\/produkt\/area-419-remington-700-short-action-foerbaettrad-kikarskena-isr-sa\/","title":{"rendered":"Area 419 &#8211; Remington 700 Short Action F\u00f6rb\u00e4ttrad Kikarsken\u0430 (ISR-SA)"},"content":{"rendered":"<div class=\"product-description\">\n<h2>Area 419 &#8211; Remington 700 Short Action F\u00f6rb\u00e4ttrad Kikarsikte Skena (ISR-SA)<\/h2>\n<p>Area 419 ISR-SA \u00e4r en kikarsikte skena f\u00f6r Remington 700 Short Action gev\u00e4r. Tillverkad av 7075 aluminium med f\u00f6ljande egenskaper:<\/p>\n<ul>\n<li>Integrerad rekylklack f\u00f6r stabilitet<\/li>\n<li>Finns i helsp\u00e5rad och ARC-topp versioner<\/li>\n<li>Kompatibel med #6 och #8 skruvar (ing\u00e5r)<\/li>\n<li>1:1 ytbearbetning f\u00f6r passform<\/li>\n<li>MIL-STD-1913 kompatibel<\/li>\n<li>Typ III h\u00e5rdanodiserad svart finish<\/li>\n<li>Utsk\u00e4rning f\u00f6r utkastar\u00f6ppning f\u00f6r toppladdning<\/li>\n<\/ul>\n<p>V\u00e4lj mellan 20 MOA och 30 MOA alternativ. Vikt: 0,09 kg. M\u00e5tt: 21 \u00d7 2,5 \u00d7 2,5 cm. F\u00f6r Remington 700.<\/p>\n<\/div>\n","protected":false},"excerpt":{"rendered":"<p>Precisionsfr\u00e4st 7075 Al-kikarsiktesskena f\u00f6r Remington 700 SA<\/p>\n","protected":false},"featured_media":108116,"template":"","meta":{"_acf_changed":false},"product_brand":[],"product_cat":[13053,13001],"product_tag":[],"class_list":{"0":"post-134139","1":"product","2":"type-product","3":"status-publish","4":"has-post-thumbnail","6":"product_cat-gevaer","7":"product_cat-skenor","9":"first","10":"instock","11":"taxable","12":"shipping-taxable","13":"purchasable","14":"product-type-variable","15":"wvs-archive-product-wrapper"},"acf":[],"_links":{"self":[{"href":"https:\/\/staging.nbg.eu\/sv\/wp-json\/wp\/v2\/product\/134139","targetHints":{"allow":["GET"]}}],"collection":[{"href":"https:\/\/staging.nbg.eu\/sv\/wp-json\/wp\/v2\/product"}],"about":[{"href":"https:\/\/staging.nbg.eu\/sv\/wp-json\/wp\/v2\/types\/product"}],"wp:featuredmedia":[{"embeddable":true,"href":"https:\/\/staging.nbg.eu\/sv\/wp-json\/wp\/v2\/media\/108116"}],"wp:attachment":[{"href":"https:\/\/staging.nbg.eu\/sv\/wp-json\/wp\/v2\/media?parent=134139"}],"wp:term":[{"taxonomy":"product_brand","embeddable":true,"href":"https:\/\/staging.nbg.eu\/sv\/wp-json\/wp\/v2\/product_brand?post=134139"},{"taxonomy":"product_cat","embeddable":true,"href":"https:\/\/staging.nbg.eu\/sv\/wp-json\/wp\/v2\/product_cat?post=134139"},{"taxonomy":"product_tag","embeddable":true,"href":"https:\/\/staging.nbg.eu\/sv\/wp-json\/wp\/v2\/product_tag?post=134139"}],"curies":[{"name":"wp","href":"https:\/\/api.w.org\/{rel}","templated":true}]}}