{"id":130885,"date":"2025-01-01T20:50:51","date_gmt":"2025-01-07T14:17:32","guid":{"rendered":"https:\/\/staging.nbg.eu\/product\/low-profile-red-dot-plates-for-area-419-tactical-mounts\/"},"modified":"2025-01-07T14:19:20","modified_gmt":"2025-01-07T14:19:20","slug":"lagprofil-red-dot-plattor-foer-area-419-tactical-faesten","status":"publish","type":"product","link":"https:\/\/staging.nbg.eu\/sv\/produkt\/lagprofil-red-dot-plattor-foer-area-419-tactical-faesten\/","title":{"rendered":"L\u00e5gprofil Red-Dot Plattor f\u00f6r Area 419 Tactical F\u00e4sten"},"content":{"rendered":"<div class=\"product-description\">\n<h2>L\u00e5gprofil r\u00f6dpunktsplattor f\u00f6r Area 419 taktiska f\u00e4sten<\/h2>\n<p>Dessa l\u00e5gprofil r\u00f6dpunktsplattor \u00e4r utformade f\u00f6r Area 419 taktiska f\u00e4sten. Plattorna har f\u00f6ljande egenskaper:<\/p>\n<ul>\n<li>Typ III h\u00e5rdanodiserad svart finish<\/li>\n<li>Integrerade monteringsskruvar f\u00f6r enkel installation<\/li>\n<li>Tillverkade i USA av 7075 aluminium<\/li>\n<li>Patents\u00f6kt dubbel konisk montering f\u00f6r s\u00e4kerhet<\/li>\n<li>H\u00e5llbarhet och styvhet f\u00f6r f\u00f6rb\u00e4ttrad \u00e5terg\u00e5ng till nollpunkt<\/li>\n<\/ul>\n<p>Finns i RMR-, ACRO- och DPP-format, kompatibla med m\u00e5nga popul\u00e4ra optiska sikten. Plattorna v\u00e4ger 0,11 kg och har m\u00e5tten 15,2 cm \u00d7 10,2 cm \u00d7 2,5 cm.<\/p>\n<p>Dessa r\u00f6dpunktsplattor \u00e4r designade f\u00f6r Area 419 taktiska f\u00e4sten.<\/p>\n<\/div>\n","protected":false},"excerpt":{"rendered":"<p>S\u00e4kra, m\u00e5ngsidiga r\u00f6dpunktplattor f\u00f6r Area 419 taktiska f\u00e4sten.<\/p>\n","protected":false},"featured_media":109010,"template":"","meta":{"_acf_changed":false},"product_brand":[],"product_cat":[12986,13029],"product_tag":[],"class_list":{"0":"post-130885","1":"product","2":"type-product","3":"status-publish","4":"has-post-thumbnail","6":"product_cat-siktestillbehoer","7":"product_cat-siktning","9":"first","10":"instock","11":"taxable","12":"shipping-taxable","13":"purchasable","14":"product-type-variable","15":"wvs-archive-product-wrapper"},"acf":[],"_links":{"self":[{"href":"https:\/\/staging.nbg.eu\/sv\/wp-json\/wp\/v2\/product\/130885","targetHints":{"allow":["GET"]}}],"collection":[{"href":"https:\/\/staging.nbg.eu\/sv\/wp-json\/wp\/v2\/product"}],"about":[{"href":"https:\/\/staging.nbg.eu\/sv\/wp-json\/wp\/v2\/types\/product"}],"wp:featuredmedia":[{"embeddable":true,"href":"https:\/\/staging.nbg.eu\/sv\/wp-json\/wp\/v2\/media\/109010"}],"wp:attachment":[{"href":"https:\/\/staging.nbg.eu\/sv\/wp-json\/wp\/v2\/media?parent=130885"}],"wp:term":[{"taxonomy":"product_brand","embeddable":true,"href":"https:\/\/staging.nbg.eu\/sv\/wp-json\/wp\/v2\/product_brand?post=130885"},{"taxonomy":"product_cat","embeddable":true,"href":"https:\/\/staging.nbg.eu\/sv\/wp-json\/wp\/v2\/product_cat?post=130885"},{"taxonomy":"product_tag","embeddable":true,"href":"https:\/\/staging.nbg.eu\/sv\/wp-json\/wp\/v2\/product_tag?post=130885"}],"curies":[{"name":"wp","href":"https:\/\/api.w.org\/{rel}","templated":true}]}}