{"id":130262,"date":"2024-01-30T18:12:20","date_gmt":"2025-01-07T13:16:40","guid":{"rendered":"https:\/\/staging.nbg.eu\/product\/area-419-cantilevered-tactical-one-piece-scope-mount\/"},"modified":"2025-01-07T13:18:30","modified_gmt":"2025-01-07T13:18:30","slug":"area-419-cantilevered-tactical-endelat-kikarsiktefaeste","status":"publish","type":"product","link":"https:\/\/staging.nbg.eu\/sv\/produkt\/area-419-cantilevered-tactical-endelat-kikarsiktefaeste\/","title":{"rendered":"Area 419 Cantilevered Tactical Endelat Kikarsiktef\u00e4ste"},"content":{"rendered":"<div class=\"product-description\">\n<h2>Area 419 Konsolmonterad Taktisk Endelad Kikarsiktemontage<\/h2>\n<p>Area 419 Konsolmonterad Taktisk Endelad Kikarsiktemontage \u00e4r konstruerad f\u00f6r precisionsskyttar. Detta f\u00e4ste ger ett grepp om din optik.<\/p>\n<h2>Tillverkningsprocess<\/h2>\n<ul>\n<li>CNC-fr\u00e4st i USA av 7075 aluminium<\/li>\n<li>Slutborrad i set f\u00f6r korrekt inriktning<\/li>\n<li>R\u00e5 aluminium, precisionsborrade kontaktytor f\u00f6r kikarsikte<\/li>\n<li>Aldrig helt demonterad efter borrning<\/li>\n<\/ul>\n<h2>Huvudfunktioner<\/h2>\n<ul>\n<li>L\u00e4tt design: 8-9 oz per f\u00e4ste<\/li>\n<li>Flera f\u00e4stpunkter f\u00f6r tillbeh\u00f6r<\/li>\n<li>Separata kl\u00e4mst\u00e4nger f\u00f6r picatinny-skenan<\/li>\n<li>Inf\u00e4llda kl\u00e4mf\u00f6tter f\u00f6r maximal justeringsm\u00f6jlighet<\/li>\n<li>Styrpinnar av st\u00e5l mellan bas och lock<\/li>\n<li>Nitridbehandlad h\u00e5rdvara av rostfritt st\u00e5l<\/li>\n<li>Patents\u00f6kt tillbeh\u00f6rsf\u00e4ste<\/li>\n<\/ul>\n<h2>Specifikationer<\/h2>\n<ul>\n<li>Vikt: 680 g<\/li>\n<li>M\u00e5tt: 24,1 \u00d7 14,7 \u00d7 7,1 cm<\/li>\n<li>Tubdiameteralternativ: 30mm, 34mm, 35mm, 36mm<\/li>\n<li>H\u00f6jdalternativ: 34mm, 39mm<\/li>\n<li>Lutningsalternativ: 0 MOA, 20 MOA<\/li>\n<\/ul>\n<p>V\u00e5r tillverkningsprocess skapar ett kikarsiktef\u00e4ste som uppfyller h\u00f6ga kvalitets- och prestandastandarder.<\/p>\n<\/div>\n","protected":false},"excerpt":{"rendered":"<p>Precisionstillverkad kikarsiktesmontering: robust, l\u00e4tt, med slutborrade matchande ringar f\u00f6r ultimat precision.<\/p>\n","protected":false},"featured_media":108750,"template":"","meta":{"_acf_changed":false},"product_brand":[11051],"product_cat":[13029],"product_tag":[],"class_list":{"0":"post-130262","1":"product","2":"type-product","3":"status-publish","4":"has-post-thumbnail","6":"product_brand-area-419","7":"product_cat-siktning","9":"first","10":"instock","11":"taxable","12":"shipping-taxable","13":"purchasable","14":"product-type-variable","15":"wvs-archive-product-wrapper"},"acf":[],"_links":{"self":[{"href":"https:\/\/staging.nbg.eu\/sv\/wp-json\/wp\/v2\/product\/130262","targetHints":{"allow":["GET"]}}],"collection":[{"href":"https:\/\/staging.nbg.eu\/sv\/wp-json\/wp\/v2\/product"}],"about":[{"href":"https:\/\/staging.nbg.eu\/sv\/wp-json\/wp\/v2\/types\/product"}],"wp:featuredmedia":[{"embeddable":true,"href":"https:\/\/staging.nbg.eu\/sv\/wp-json\/wp\/v2\/media\/108750"}],"wp:attachment":[{"href":"https:\/\/staging.nbg.eu\/sv\/wp-json\/wp\/v2\/media?parent=130262"}],"wp:term":[{"taxonomy":"product_brand","embeddable":true,"href":"https:\/\/staging.nbg.eu\/sv\/wp-json\/wp\/v2\/product_brand?post=130262"},{"taxonomy":"product_cat","embeddable":true,"href":"https:\/\/staging.nbg.eu\/sv\/wp-json\/wp\/v2\/product_cat?post=130262"},{"taxonomy":"product_tag","embeddable":true,"href":"https:\/\/staging.nbg.eu\/sv\/wp-json\/wp\/v2\/product_tag?post=130262"}],"curies":[{"name":"wp","href":"https:\/\/api.w.org\/{rel}","templated":true}]}}