{"id":129833,"date":"2024-01-30T18:11:57","date_gmt":"2025-01-07T12:21:41","guid":{"rendered":"https:\/\/staging.nbg.eu\/product\/area-419-tactical-one-piece-scope-mount\/"},"modified":"2025-01-07T12:23:28","modified_gmt":"2025-01-07T12:23:28","slug":"area-419-tactical-endelat-kikarsiktefaeste","status":"publish","type":"product","link":"https:\/\/staging.nbg.eu\/sv\/produkt\/area-419-tactical-endelat-kikarsiktefaeste\/","title":{"rendered":"Area 419 Tactical Endelat Kikarsiktef\u00e4ste"},"content":{"rendered":"<div class=\"product-description\">\n<h2>Area 419 Taktiskt Kikarsikte F\u00e4ste i Ett Stycke<\/h2>\n<p>Ett kikarsikte f\u00e4ste med matchade ringar och aluminiumdelar. Detta f\u00e4ste ger ett bra grepp om din optik utan on\u00f6dig vikt.<\/p>\n<ul>\n<li>CNC-fr\u00e4st i USA av 7075 aluminium<\/li>\n<li>Obehandlade aluminium, precisionborrade kontaktytor f\u00f6r kikarsiktet<\/li>\n<li>Flera f\u00e4stpunkter f\u00f6r tillbeh\u00f6r<\/li>\n<li>Separata kl\u00e4mst\u00e4nger f\u00f6r maximalt grepp<\/li>\n<li>Styrpinnar i st\u00e5l f\u00f6r inriktning<\/li>\n<li>Anpassade nitrerade f\u00e4stelement i rostfritt st\u00e5l<\/li>\n<li>Patents\u00f6kt f\u00e4ste f\u00f6r tillbeh\u00f6r p\u00e5 ovansidan<\/li>\n<\/ul>\n<p>Tillg\u00e4nglig i olika tubdiametrar och h\u00f6jder, med 0 MOA eller 20 MOA lutningsalternativ. Vikt: 0,68 kg. M\u00e5tt: 24,1 \u00d7 14,7 \u00d7 7,1 cm.<\/p>\n<\/div>\n","protected":false},"excerpt":{"rendered":"<p>Precisionsborrad, ultrarigid kikarsiktesmontering f\u00f6r o\u00f6vertr\u00e4ffad tillf\u00f6rlitlighet.<\/p>\n","protected":false},"featured_media":108378,"template":"","meta":{"_acf_changed":false},"product_brand":[11051],"product_cat":[13029],"product_tag":[],"class_list":{"0":"post-129833","1":"product","2":"type-product","3":"status-publish","4":"has-post-thumbnail","6":"product_brand-area-419","7":"product_cat-siktning","9":"first","10":"instock","11":"taxable","12":"shipping-taxable","13":"purchasable","14":"product-type-variable","15":"wvs-archive-product-wrapper"},"acf":[],"_links":{"self":[{"href":"https:\/\/staging.nbg.eu\/sv\/wp-json\/wp\/v2\/product\/129833","targetHints":{"allow":["GET"]}}],"collection":[{"href":"https:\/\/staging.nbg.eu\/sv\/wp-json\/wp\/v2\/product"}],"about":[{"href":"https:\/\/staging.nbg.eu\/sv\/wp-json\/wp\/v2\/types\/product"}],"wp:featuredmedia":[{"embeddable":true,"href":"https:\/\/staging.nbg.eu\/sv\/wp-json\/wp\/v2\/media\/108378"}],"wp:attachment":[{"href":"https:\/\/staging.nbg.eu\/sv\/wp-json\/wp\/v2\/media?parent=129833"}],"wp:term":[{"taxonomy":"product_brand","embeddable":true,"href":"https:\/\/staging.nbg.eu\/sv\/wp-json\/wp\/v2\/product_brand?post=129833"},{"taxonomy":"product_cat","embeddable":true,"href":"https:\/\/staging.nbg.eu\/sv\/wp-json\/wp\/v2\/product_cat?post=129833"},{"taxonomy":"product_tag","embeddable":true,"href":"https:\/\/staging.nbg.eu\/sv\/wp-json\/wp\/v2\/product_tag?post=129833"}],"curies":[{"name":"wp","href":"https:\/\/api.w.org\/{rel}","templated":true}]}}