{"id":129495,"date":"2024-11-06T20:46:32","date_gmt":"2024-11-06T20:46:32","guid":{"rendered":"https:\/\/staging.nbg.eu\/product\/vortex-optics-defender-stmicro-red-dot\/"},"modified":"2025-01-07T10:55:58","modified_gmt":"2025-01-07T10:55:58","slug":"vortex-optics-defender-st-micro-red-dot","status":"publish","type":"product","link":"https:\/\/staging.nbg.eu\/sv\/produkt\/vortex-optics-defender-st-micro-red-dot\/","title":{"rendered":"Vortex Optics &#8211; Defender-ST Micro Red Dot"},"content":{"rendered":"<h2>Vortex Optics &#8211; Defender-ST\u2122 Micro R\u00f6dpunktsikte<\/h2>\n<p>Vortex Optics Defender-ST\u2122 Micro R\u00f6dpunktsikte \u00e4r utformat f\u00f6r pistoler, hagelgev\u00e4r och som offset p\u00e5 karbiner. Det kan anv\u00e4ndas f\u00f6r skjutbanetr\u00e4ning eller kr\u00e4vande tj\u00e4nstebruk.<\/p>\n<h2>Huvudfunktioner:<\/h2>\n<ul>\n<li>DeltaPoint\u00ae Pro monteringsfotavtryck<\/li>\n<li>6 MOA r\u00f6d prick<\/li>\n<li>1x f\u00f6rstoring med obegr\u00e4nsat \u00f6gonavst\u00e5nd<\/li>\n<li>25 000 timmars batteritid med CR2032-batteri<\/li>\n<li>R\u00f6relseaktivering med 10 minuters automatisk avst\u00e4ngning<\/li>\n<li>ShockShield\u2122-teknik f\u00f6r \u00f6kad h\u00e5llbarhet<\/li>\n<li>Fast-Rack\u2122-textur f\u00f6r enkel slide-man\u00f6vrering<\/li>\n<li>Toppmonterat batteri f\u00f6r enkla byten<\/li>\n<li>10 ljusstyrkeniv\u00e5er, inklusive 2 nattseende-kompatibla alternativ<\/li>\n<\/ul>\n<h2>Optisk prestanda:<\/h2>\n<p>Defender-ST\u2122 har en stor, h\u00e5rdbelagd asf\u00e4risk lins f\u00f6r en distorsionsfri siktbild. Den har en parallaxfri design och en belyst mittpunkt f\u00f6r m\u00e5luppt\u00e4ckt i olika ljusf\u00f6rh\u00e5llanden.<\/p>\n<h2>H\u00e5llbarhet och konstruktion:<\/h2>\n<p>Detta sikte \u00e4r vattent\u00e4tt, imfritt och st\u00f6tt\u00e5ligt. Kroppen \u00e4r tillverkad av 7075 aluminium med ShockShield\u2122 polymerinl\u00e4gg. Den har en mattsvart anodiserad yta som \u00e4r korrosionsbest\u00e4ndig.<\/p>\n<h2>M\u00e5ngsidighet och bekv\u00e4mlighet:<\/h2>\n<p>Med sin kompakta storlek (1,8 tum l\u00e4ngd) och l\u00e4tta design (1,48 oz) passar Defender-ST\u2122 f\u00f6r olika anv\u00e4ndningsomr\u00e5den. Det toppmonterade batteriet kan bytas utan att f\u00f6rlora nollst\u00e4llningen, och Fast-Rack\u2122-texturen m\u00f6jligg\u00f6r slide-man\u00f6vrering p\u00e5 olika ytor.<\/p>\n<p>Vortex Optics Defender-ST\u2122 Micro R\u00f6dpunktsikte \u00e4r anpassningsbart och kan anv\u00e4ndas i olika skjutsituationer.<\/p>\n","protected":false},"excerpt":{"rendered":"<p>T\u00e5lig, exakt mikror\u00f6dpunkt f\u00f6r pistoler, hagelgev\u00e4r och karbiner.<\/p>\n","protected":false},"featured_media":78396,"template":"","meta":{"_acf_changed":false},"product_brand":[11967],"product_cat":[13063,13010,13009,13030,13029],"product_tag":[],"class_list":{"0":"post-129495","1":"product","2":"type-product","3":"status-publish","4":"has-post-thumbnail","6":"product_brand-vortex","7":"product_cat-gevaerssikten","8":"product_cat-pistol","9":"product_cat-pistolroedpunkter","10":"product_cat-roedpunktsikten","11":"product_cat-siktning","13":"first","14":"outofstock","15":"taxable","16":"shipping-taxable","17":"purchasable","18":"product-type-simple"},"acf":[],"_links":{"self":[{"href":"https:\/\/staging.nbg.eu\/sv\/wp-json\/wp\/v2\/product\/129495","targetHints":{"allow":["GET"]}}],"collection":[{"href":"https:\/\/staging.nbg.eu\/sv\/wp-json\/wp\/v2\/product"}],"about":[{"href":"https:\/\/staging.nbg.eu\/sv\/wp-json\/wp\/v2\/types\/product"}],"wp:featuredmedia":[{"embeddable":true,"href":"https:\/\/staging.nbg.eu\/sv\/wp-json\/wp\/v2\/media\/78396"}],"wp:attachment":[{"href":"https:\/\/staging.nbg.eu\/sv\/wp-json\/wp\/v2\/media?parent=129495"}],"wp:term":[{"taxonomy":"product_brand","embeddable":true,"href":"https:\/\/staging.nbg.eu\/sv\/wp-json\/wp\/v2\/product_brand?post=129495"},{"taxonomy":"product_cat","embeddable":true,"href":"https:\/\/staging.nbg.eu\/sv\/wp-json\/wp\/v2\/product_cat?post=129495"},{"taxonomy":"product_tag","embeddable":true,"href":"https:\/\/staging.nbg.eu\/sv\/wp-json\/wp\/v2\/product_tag?post=129495"}],"curies":[{"name":"wp","href":"https:\/\/api.w.org\/{rel}","templated":true}]}}