{"id":129214,"date":"2025-01-01T20:36:12","date_gmt":"2025-01-07T10:14:46","guid":{"rendered":"https:\/\/staging.nbg.eu\/product\/high-profile-red-dot-plates-for-area-419-tactical-mounts\/"},"modified":"2025-01-07T10:16:35","modified_gmt":"2025-01-07T10:16:35","slug":"hoegprofil-red-dot-plattor-foer-area-419-tactical-faesten","status":"publish","type":"product","link":"https:\/\/staging.nbg.eu\/sv\/produkt\/hoegprofil-red-dot-plattor-foer-area-419-tactical-faesten\/","title":{"rendered":"H\u00f6gprofil Red-Dot Plattor f\u00f6r Area 419 Tactical F\u00e4sten"},"content":{"rendered":"<h2>H\u00f6gprofilerade r\u00f6d-punkt-plattor f\u00f6r Area 419 taktiska f\u00e4sten<\/h2>\n<p>H\u00f6gprofilerade r\u00f6d-punkt-plattor designade f\u00f6r taktiska endelssiktesf\u00e4sten. Dessa plattor erbjuder funktionalitet och h\u00e5llbarhet.<\/p>\n<h2>Huvudegenskaper:<\/h2>\n<ul>\n<li>Patents\u00f6kt dubbel konisk montering f\u00f6r s\u00e4ker fasts\u00e4ttning<\/li>\n<li>Kompatibel med vattenpass, dope-kort, r\u00f6da punkter och laseravst\u00e5ndsm\u00e4tare<\/li>\n<li>H\u00e5llbarhet och styvhet f\u00f6r \u00e5terg\u00e5ng till nollpunkt<\/li>\n<li>Tillg\u00e4nglig i standard- och l\u00e5gh\u00f6jdsalternativ<\/li>\n<li>CNC-fr\u00e4st i USA av 7075 aluminium<\/li>\n<li>Typ III h\u00e5rdanodiserad svart yta<\/li>\n<\/ul>\n<p>V\u00e4lj mellan standard (1,11 tum h\u00f6g) och l\u00e5g (0,70 tum h\u00f6g) h\u00f6jd efter behov. B\u00e5da har MIL-STD-1913-specifikationsskenor och f\u00e4stskruvar f\u00f6r enkel installation.<\/p>\n<p>Vikt: 1 lbs<br \/>\nM\u00e5tt: 6 \u00d7 3,5 \u00d7 2 tum<\/p>\n","protected":false},"excerpt":{"rendered":"<p>S\u00e4ker, m\u00e5ngsidig skena f\u00f6r r\u00f6dpunktssikten och tillbeh\u00f6r p\u00e5 taktiska f\u00e4sten.<\/p>\n","protected":false},"featured_media":108726,"template":"","meta":{"_acf_changed":false},"product_brand":[],"product_cat":[12986,13029],"product_tag":[],"class_list":{"0":"post-129214","1":"product","2":"type-product","3":"status-publish","4":"has-post-thumbnail","6":"product_cat-siktestillbehoer","7":"product_cat-siktning","9":"first","10":"instock","11":"taxable","12":"shipping-taxable","13":"purchasable","14":"product-type-variable","15":"wvs-archive-product-wrapper"},"acf":[],"_links":{"self":[{"href":"https:\/\/staging.nbg.eu\/sv\/wp-json\/wp\/v2\/product\/129214","targetHints":{"allow":["GET"]}}],"collection":[{"href":"https:\/\/staging.nbg.eu\/sv\/wp-json\/wp\/v2\/product"}],"about":[{"href":"https:\/\/staging.nbg.eu\/sv\/wp-json\/wp\/v2\/types\/product"}],"wp:featuredmedia":[{"embeddable":true,"href":"https:\/\/staging.nbg.eu\/sv\/wp-json\/wp\/v2\/media\/108726"}],"wp:attachment":[{"href":"https:\/\/staging.nbg.eu\/sv\/wp-json\/wp\/v2\/media?parent=129214"}],"wp:term":[{"taxonomy":"product_brand","embeddable":true,"href":"https:\/\/staging.nbg.eu\/sv\/wp-json\/wp\/v2\/product_brand?post=129214"},{"taxonomy":"product_cat","embeddable":true,"href":"https:\/\/staging.nbg.eu\/sv\/wp-json\/wp\/v2\/product_cat?post=129214"},{"taxonomy":"product_tag","embeddable":true,"href":"https:\/\/staging.nbg.eu\/sv\/wp-json\/wp\/v2\/product_tag?post=129214"}],"curies":[{"name":"wp","href":"https:\/\/api.w.org\/{rel}","templated":true}]}}