{"id":128328,"date":"2025-01-01T20:24:58","date_gmt":"2025-01-07T09:39:28","guid":{"rendered":"https:\/\/staging.nbg.eu\/product\/area-419-tikka-t3-standard-action-improved-scope-rail\/"},"modified":"2025-01-14T13:41:24","modified_gmt":"2025-01-14T13:41:24","slug":"area-419-tikka-t3-standard-action-foerbaettrad-kikarskena","status":"publish","type":"product","link":"https:\/\/staging.nbg.eu\/sv\/produkt\/area-419-tikka-t3-standard-action-foerbaettrad-kikarskena\/","title":{"rendered":"Area 419 &#8211; Tikka T3 Standard Action F\u00f6rb\u00e4ttrad Kikarsken\u0430"},"content":{"rendered":"<div class=\"product-description\">\n<h2>Area 419 &#8211; Tikka T3 Standard Action F\u00f6rb\u00e4ttrad Kikarsikte Skena<\/h2>\n<p>Area 419:s kikarsikte skena f\u00f6r Tikka T3 eller T3X. Tillverkad av 7075 aluminium med f\u00f6ljande egenskaper:<\/p>\n<ul>\n<li>20 MOA vinkel f\u00f6r l\u00e4ngre r\u00e4ckvidd<\/li>\n<li>Uppfyller MIL-STD-1913<\/li>\n<li>Avrundade kanter<\/li>\n<li>Typ III h\u00e5rdanodiserad svart yta<\/li>\n<li>Rekylstift i rostfritt st\u00e5l f\u00f6r \u00f6kad stabilitet<\/li>\n<li>Enhetliga T10 Torx-skruvar f\u00f6r enkel montering<\/li>\n<\/ul>\n<p>V\u00e4ger 0,09 kg och m\u00e4ter 21 \u00d7 2,5 \u00d7 2,5 cm. Fullslitsad skena. Inkluderar T10 Torx-nyckel.<\/p>\n<\/div>\n","protected":false},"excerpt":{"rendered":"<p>I apologize, but there is no product description provided in your message for me to translate. If you&#8217;d like me to translate a specific product description to Swedish, please provide the text and I&#8217;ll be happy to assist you.<\/p>\n","protected":false},"featured_media":108216,"template":"","meta":{"_acf_changed":false},"product_brand":[],"product_cat":[13053,13001],"product_tag":[],"class_list":{"0":"post-128328","1":"product","2":"type-product","3":"status-publish","4":"has-post-thumbnail","6":"product_cat-gevaer","7":"product_cat-skenor","9":"first","10":"instock","11":"taxable","12":"shipping-taxable","13":"purchasable","14":"product-type-simple"},"acf":[],"_links":{"self":[{"href":"https:\/\/staging.nbg.eu\/sv\/wp-json\/wp\/v2\/product\/128328","targetHints":{"allow":["GET"]}}],"collection":[{"href":"https:\/\/staging.nbg.eu\/sv\/wp-json\/wp\/v2\/product"}],"about":[{"href":"https:\/\/staging.nbg.eu\/sv\/wp-json\/wp\/v2\/types\/product"}],"wp:featuredmedia":[{"embeddable":true,"href":"https:\/\/staging.nbg.eu\/sv\/wp-json\/wp\/v2\/media\/108216"}],"wp:attachment":[{"href":"https:\/\/staging.nbg.eu\/sv\/wp-json\/wp\/v2\/media?parent=128328"}],"wp:term":[{"taxonomy":"product_brand","embeddable":true,"href":"https:\/\/staging.nbg.eu\/sv\/wp-json\/wp\/v2\/product_brand?post=128328"},{"taxonomy":"product_cat","embeddable":true,"href":"https:\/\/staging.nbg.eu\/sv\/wp-json\/wp\/v2\/product_cat?post=128328"},{"taxonomy":"product_tag","embeddable":true,"href":"https:\/\/staging.nbg.eu\/sv\/wp-json\/wp\/v2\/product_tag?post=128328"}],"curies":[{"name":"wp","href":"https:\/\/api.w.org\/{rel}","templated":true}]}}