{"id":106675,"date":"2024-01-30T18:13:57","date_gmt":"2024-12-30T09:39:43","guid":{"rendered":"https:\/\/staging.nbg.eu\/product\/tangent-theta-tt735p-7-35x56mm-professional\/"},"modified":"2024-12-30T09:41:40","modified_gmt":"2024-12-30T09:41:40","slug":"tangent-theta-tt735p-7-35x56mm-professional","status":"publish","type":"product","link":"https:\/\/staging.nbg.eu\/sv\/produkt\/tangent-theta-tt735p-7-35x56mm-professional\/","title":{"rendered":"Tangent Theta TT735P (7-35x56mm Professional)"},"content":{"rendered":"<div class=\"product-description\">\n<p>Tangent Theta grundades 2013 i Nova Scotia, Kanada med m\u00e5let att producera de b\u00e4sta kikarsiktena i v\u00e4rlden. Kikarsiktena monteras f\u00f6r hand, testas och inspekteras individuellt av ett team best\u00e5ende av optiska konstrukt\u00f6rer, mekaniska ingenj\u00f6rer och l\u00e5ngdistansskyttar av internationell klass.<\/p>\n<h2>Tangent Theta TT735P 7-35x56mm Professionellt Kikarsikte<\/h2>\n<p>Tangent Theta TT735P \u00e4r ett 7-35x56mm kikarsikte f\u00f6r professionella skyttar. Detta kikarsikte kombinerar teknologi med h\u00e5llbarhet f\u00f6r att leverera prestanda under kr\u00e4vande f\u00f6rh\u00e5llanden.<\/p>\n<h2>Huvudfunktioner:<\/h2>\n<ul>\n<li>7-35x f\u00f6rstoringsomr\u00e5de f\u00f6r m\u00e5lidentifiering p\u00e5 l\u00e5nga avst\u00e5nd<\/li>\n<li>56mm objektivlins f\u00f6r ljusupptagning<\/li>\n<li>36mm huvudtub f\u00f6r \u00f6kad strukturell integritet och justeringsomr\u00e5de<\/li>\n<li>Parallaxjustering ner till 10 meter<\/li>\n<li>11 riktmedelsbelysningsinst\u00e4llningar<\/li>\n<li>Patenterad TOOL-LESS RE-ZERO\u00ae funktion f\u00f6r nollst\u00e4llning (US Patent # 10,591,253)<\/li>\n<li>Icke-\u00f6vers\u00e4ttande vred med h\u00f6jdstopp f\u00f6r justeringar<\/li>\n<li>Dubbelvarvsh\u00f6jd med varvindikator<\/li>\n<li>L\u00e5sbar snabbjusterande dioptri f\u00f6r personlig fokus<\/li>\n<\/ul>\n<h2>Kvalitet:<\/h2>\n<p>Tillverkad i Kanada, TT735P testas f\u00f6r att motst\u00e5 h\u00e5rda milj\u00f6f\u00f6rh\u00e5llanden. Med Type II anodiserad matt yta, 4 timmars vattent\u00e4thet p\u00e5 10 meter, och 700g st\u00f6tt\u00e5lighet vid 10 000 cykler.<\/p>\n<\/div>\n<h2>Riktmedel:<\/h2>\n<ol>\n<li data-line-height=\"xs\">Horus Tremor3 riktmedel<\/li>\n<li data-line-height=\"xs\">JTAC<\/li>\n<li data-line-height=\"xs\">Gen 3 XR Fine<\/li>\n<\/ol>\n<div class=\"product-description\">\n<h2>Optik:<\/h2>\n<p>V\u00e4lj mellan tre riktmedelsalternativ: Horus Tremor3, JTAC, eller Gen 3 XR Fine. TT735P erbjuder 90mm \u00f6gonavst\u00e5nd och synf\u00e4lt fr\u00e5n 5,41m p\u00e5 100m (7x) till 1,08m p\u00e5 100m (35x).<\/p>\n<h2>Justeringar:<\/h2>\n<p>0,1 mrad justeringsuppl\u00f6sning, 30 mrad totalt h\u00f6jdomr\u00e5de, och 14 mrad totalt vindomr\u00e5de. Sidoparallaxjustering och l\u00e5sbar dioptri s\u00e4kerst\u00e4ller en skarp siktbild p\u00e5 alla avst\u00e5nd.<\/p>\n<p>Tangent Theta TT735P &#8211; f\u00f6r skyttar som kr\u00e4ver det b\u00e4sta.<\/p>\n<\/div>\n","protected":false},"excerpt":{"rendered":"<p>Tangent Theta 7-35x56mm Professional \u00e4r kikarsiktet du v\u00e4ljer f\u00f6r skytte p\u00e5 extrema avst\u00e5nd.<\/p>\n","protected":false},"featured_media":81010,"template":"","meta":{"_acf_changed":false},"product_brand":[11900],"product_cat":[12997,13029],"product_tag":[],"class_list":{"0":"post-106675","1":"product","2":"type-product","3":"status-publish","4":"has-post-thumbnail","6":"product_brand-tangent-theta","7":"product_cat-foerstorande-sikten","8":"product_cat-siktning","10":"first","11":"instock","12":"taxable","13":"shipping-taxable","14":"purchasable","15":"product-type-variable","16":"wvs-archive-product-wrapper"},"acf":[],"_links":{"self":[{"href":"https:\/\/staging.nbg.eu\/sv\/wp-json\/wp\/v2\/product\/106675","targetHints":{"allow":["GET"]}}],"collection":[{"href":"https:\/\/staging.nbg.eu\/sv\/wp-json\/wp\/v2\/product"}],"about":[{"href":"https:\/\/staging.nbg.eu\/sv\/wp-json\/wp\/v2\/types\/product"}],"wp:featuredmedia":[{"embeddable":true,"href":"https:\/\/staging.nbg.eu\/sv\/wp-json\/wp\/v2\/media\/81010"}],"wp:attachment":[{"href":"https:\/\/staging.nbg.eu\/sv\/wp-json\/wp\/v2\/media?parent=106675"}],"wp:term":[{"taxonomy":"product_brand","embeddable":true,"href":"https:\/\/staging.nbg.eu\/sv\/wp-json\/wp\/v2\/product_brand?post=106675"},{"taxonomy":"product_cat","embeddable":true,"href":"https:\/\/staging.nbg.eu\/sv\/wp-json\/wp\/v2\/product_cat?post=106675"},{"taxonomy":"product_tag","embeddable":true,"href":"https:\/\/staging.nbg.eu\/sv\/wp-json\/wp\/v2\/product_tag?post=106675"}],"curies":[{"name":"wp","href":"https:\/\/api.w.org\/{rel}","templated":true}]}}