{"id":84588,"date":"2024-11-17T07:25:58","date_gmt":"2024-12-18T10:05:30","guid":{"rendered":"https:\/\/staging.nbg.eu\/product\/tangent-theta-tt315m-3-15x50mm-marksman\/"},"modified":"2024-12-30T08:46:02","modified_gmt":"2024-12-30T08:46:02","slug":"tangent-theta-tt315m-3-15x50mm-marksman","status":"publish","type":"product","link":"https:\/\/staging.nbg.eu\/sl\/izdelek\/tangent-theta-tt315m-3-15x50mm-marksman\/","title":{"rendered":"Tangent Theta TT315M (3-15x50mm Marksman)"},"content":{"rendered":"<div class=\"product-description\">\n<p>Tangent Theta je bila ustanovljena leta 2013 v Novi \u0160kotski, Kanada, z edinim ciljem proizvajati objektivno najbolj\u0161e strelne daljnoglede na svetu. Daljnogledi so ro\u010dno sestavljeni, posami\u010dno preizku\u0161eni in pregledani s strani ekipe opti\u010dnih oblikovalcev, strojnih in\u017eenirjev in strelcev na dolge razdalje mednarodnega razreda.<\/p>\n<h2>Tangent Theta TT315M 3-15x50mm Strelni Daljnogled za Strelce<\/h2>\n<p>Tangent Theta TT315M je precizni daljnogled srednjega dosega, zasnovan za policijske in varnostne strelce. Ta profesionalni strelni daljnogled z zmanj\u0161ano te\u017eo zdru\u017euje napredno tehnologijo z opti\u010dno zmogljivostjo.<\/p>\n<h2>Klju\u010dne lastnosti:<\/h2>\n<ul>\n<li>50mm objektiv za zbiranje svetlobe<\/li>\n<li>30mm glavna cev za vzdr\u017eljivost<\/li>\n<li>Mehanski indikator smeri stranskega vetra<\/li>\n<li>11 nastavitev osvetlitve merilne mre\u017ee za razli\u010dne svetlobne pogoje<\/li>\n<li>Stranska nastavitev paralakse za natan\u010dno ostrenje<\/li>\n<li>Gumbi brez prevajanja z vi\u0161inskim stop-ni\u010dlo<\/li>\n<li>Dvojni obrat vi\u0161ine z indikatorjem obrata in smeri stranskega vetra<\/li>\n<li>Razpon pove\u010dave 3-15x<\/li>\n<li>Zaklepna hitro nastavljiva dioptrija<\/li>\n<\/ul>\n<h2>Opti\u010dna kakovost:<\/h2>\n<p>TT315M ima optimizirano opti\u010dno pot, ki zagotavlja kakovost slike. To strelcem omogo\u010da razlo\u010devanje podrobnosti tar\u010de in vzdr\u017eevanje merjenja dalj\u0161e obdobje brez utrujenosti o\u010di.<\/p>\n<h2>Natan\u010dne nastavitve:<\/h2>\n<p>TT315M ima natan\u010dne mehanizme za nastavitve s stop-ni\u010dlami, mehanskimi indikatorji obratov in smeri stranskega vetra, kar zmanj\u0161uje napake pri nastavitvah in zagotavlja natan\u010dnost v kriti\u010dnih situacijah.<\/p>\n<h2>Mo\u017enosti merilne mre\u017ee:<\/h2>\n<ul>\n<li>Gen 2XR<\/li>\n<li>MoA<\/li>\n<li>Gen 2 Mil-Dot<\/li>\n<li>Gen 3XR<\/li>\n<\/ul>\n<h2>Tehni\u010dne specifikacije:<\/h2>\n<ul>\n<li>Dol\u017eina: 351mm<\/li>\n<li>Te\u017ea: 786g<\/li>\n<li>Vidno polje @ 3x: 7,3 stopinj (12,8m @ 100m)<\/li>\n<li>Vidno polje @ 15x: 1,6 stopinj (2,8m @ 100m)<\/li>\n<li>Razdalja o\u010desa: 90mm<\/li>\n<li>Skupni razpon nastavitve vi\u0161ine: 18 mrad (60 MoA)<\/li>\n<li>Skupni razpon nastavitve stranskega vetra: +\/- 12 mrad (+\/-40 MoA)<\/li>\n<li>Lo\u010dljivost nastavitve: 0,1 mrad ali 1\/4 MoA<\/li>\n<li>Razpon nastavitve paralakse: 50m do neskon\u010dnosti<\/li>\n<\/ul>\n<h2>Trpe\u017enost:<\/h2>\n<p>TT315M je odporen na zahtevne pogoje, vodoodporen 4 ure na 10 metrih in odporen na udarce do 700g pri 10.000 ciklih. Zunanjost ima mat zaklju\u010dek s Type II anodizacijo za dodatno za\u0161\u010dito.<\/p>\n<h2>Vklju\u010deni dodatki:<\/h2>\n<p>Pokrovi le\u010d Tenebraex in ARD (naprava proti odsevanju) so vklju\u010deni kot standardni dodatki.<\/p>\n<\/div>\n","protected":false},"excerpt":{"rendered":"<p>Precizni strelni daljnogled 3-15x50mm za ostrostrelce. Optimalna slika, blokada ni\u010delne to\u010dke, osvetljen.<\/p>\n","protected":false},"featured_media":167625,"template":"","meta":{"_acf_changed":false},"product_brand":[11899],"product_cat":[13459,13427],"product_tag":[],"class_list":{"0":"post-84588","1":"product","2":"type-product","3":"status-publish","4":"has-post-thumbnail","6":"product_brand-tangent-theta","7":"product_cat-meritev","8":"product_cat-povecevalne-optike","10":"first","11":"instock","12":"taxable","13":"shipping-taxable","14":"purchasable","15":"product-type-variable","16":"wvs-archive-product-wrapper"},"acf":[],"_links":{"self":[{"href":"https:\/\/staging.nbg.eu\/sl\/wp-json\/wp\/v2\/product\/84588","targetHints":{"allow":["GET"]}}],"collection":[{"href":"https:\/\/staging.nbg.eu\/sl\/wp-json\/wp\/v2\/product"}],"about":[{"href":"https:\/\/staging.nbg.eu\/sl\/wp-json\/wp\/v2\/types\/product"}],"wp:featuredmedia":[{"embeddable":true,"href":"https:\/\/staging.nbg.eu\/sl\/wp-json\/wp\/v2\/media\/167625"}],"wp:attachment":[{"href":"https:\/\/staging.nbg.eu\/sl\/wp-json\/wp\/v2\/media?parent=84588"}],"wp:term":[{"taxonomy":"product_brand","embeddable":true,"href":"https:\/\/staging.nbg.eu\/sl\/wp-json\/wp\/v2\/product_brand?post=84588"},{"taxonomy":"product_cat","embeddable":true,"href":"https:\/\/staging.nbg.eu\/sl\/wp-json\/wp\/v2\/product_cat?post=84588"},{"taxonomy":"product_tag","embeddable":true,"href":"https:\/\/staging.nbg.eu\/sl\/wp-json\/wp\/v2\/product_tag?post=84588"}],"curies":[{"name":"wp","href":"https:\/\/api.w.org\/{rel}","templated":true}]}}