{"id":83677,"date":"2024-11-27T16:38:30","date_gmt":"2024-12-17T12:43:18","guid":{"rendered":"https:\/\/staging.nbg.eu\/product\/super-precision-t1-mount-absolute-co-witness-ddc\/"},"modified":"2024-12-17T12:45:03","modified_gmt":"2024-12-17T12:45:03","slug":"super-precision-t1-montaza-absolute-co-witness-ddc","status":"publish","type":"product","link":"https:\/\/staging.nbg.eu\/sl\/izdelek\/super-precision-t1-montaza-absolute-co-witness-ddc\/","title":{"rendered":"Super Precision T1 Montaza &#8211; Absolute Co-Witness &#8211; DDC"},"content":{"rendered":"<div class=\"product-description\">\n<h2>Natan\u010dni nosilec T1 &#8211; Absolutno sosledje &#8211; DDC<\/h2>\n<p>Nosilec T1 za Aimpoint T1 ali podobne rde\u010de pike optike. Izdelan iz enega kosa 7075-T6 aluminija za vzdr\u017eljivost in zmogljivost.<\/p>\n<ul>\n<li>Vi\u0161ina za absolutno sosledje za optimalno sliko<\/li>\n<li>DDC (Desert Dirt Color) tip 3 trda anodizirana povr\u0161ina<\/li>\n<li>Geisselejev posodobljen sistem pritrditve z matico in vijakom, ki zagotavlja 1.400 funtov pritrdilne sile<\/li>\n<li>3 stri\u017eni jezi\u010dki za maksimalno togost in vrnitev na ni\u010dlo<\/li>\n<li>Lahka zasnova, te\u017eka le 2 unci<\/li>\n<\/ul>\n<p>Geisselejev nosilec ponuja kakovostno re\u0161itev za monta\u017eo.<\/p>\n<\/div>\n","protected":false},"excerpt":{"rendered":"<p>Natan\u010dno T1 opti\u010dno dr\u017ealo, absolutna so-poravnava, DDC zaklju\u010dek, ultra-varno<\/p>\n","protected":false},"featured_media":82849,"template":"","meta":{"_acf_changed":false},"product_brand":[11389],"product_cat":[13459],"product_tag":[],"class_list":{"0":"post-83677","1":"product","2":"type-product","3":"status-publish","4":"has-post-thumbnail","6":"product_brand-geissele","7":"product_cat-meritev","9":"first","10":"instock","11":"taxable","12":"shipping-taxable","13":"product-type-simple"},"acf":[],"_links":{"self":[{"href":"https:\/\/staging.nbg.eu\/sl\/wp-json\/wp\/v2\/product\/83677","targetHints":{"allow":["GET"]}}],"collection":[{"href":"https:\/\/staging.nbg.eu\/sl\/wp-json\/wp\/v2\/product"}],"about":[{"href":"https:\/\/staging.nbg.eu\/sl\/wp-json\/wp\/v2\/types\/product"}],"wp:featuredmedia":[{"embeddable":true,"href":"https:\/\/staging.nbg.eu\/sl\/wp-json\/wp\/v2\/media\/82849"}],"wp:attachment":[{"href":"https:\/\/staging.nbg.eu\/sl\/wp-json\/wp\/v2\/media?parent=83677"}],"wp:term":[{"taxonomy":"product_brand","embeddable":true,"href":"https:\/\/staging.nbg.eu\/sl\/wp-json\/wp\/v2\/product_brand?post=83677"},{"taxonomy":"product_cat","embeddable":true,"href":"https:\/\/staging.nbg.eu\/sl\/wp-json\/wp\/v2\/product_cat?post=83677"},{"taxonomy":"product_tag","embeddable":true,"href":"https:\/\/staging.nbg.eu\/sl\/wp-json\/wp\/v2\/product_tag?post=83677"}],"curies":[{"name":"wp","href":"https:\/\/api.w.org\/{rel}","templated":true}]}}