{"id":83633,"date":"2024-11-27T08:29:48","date_gmt":"2024-11-27T08:29:48","guid":{"rendered":"https:\/\/staging.nbg.eu\/product\/geissele-ak-trigger-ultimate-with-lightning-bow-akt-ul\/"},"modified":"2024-12-17T12:31:16","modified_gmt":"2024-12-17T12:31:16","slug":"geissele-ak-sprozilec-ultimate-z-lightning-bow-akt-ul","status":"publish","type":"product","link":"https:\/\/staging.nbg.eu\/sl\/izdelek\/geissele-ak-sprozilec-ultimate-z-lightning-bow-akt-ul\/","title":{"rendered":"Geissele AK Sprozilec Ultimate z Lightning Bow (AKT-UL)"},"content":{"rendered":"<div class=\"product-description\">\n<h2>Geissele AK spro\u017eilec Ultimate z Lightning Bow (AKT-UL)<\/h2>\n<p>ALG AK spro\u017eilec Ultimate z Lightning Bow (AKT-UL) za AK47 ali AK74. Ta enostopenjski spro\u017eilec ponuja:<\/p>\n<ul>\n<li>Kraj\u0161i poteg in ostrej\u0161a ponastavitev za bolj\u0161o natan\u010dnost<\/li>\n<li>Izdelan iz visokokakovostnega legiranega jekla<\/li>\n<li>Lightning Bow zasnova za bolj\u0161i nadzor<\/li>\n<li>Izdelano v ZDA, prispeva k skladnosti s 922(r)<\/li>\n<\/ul>\n<p>AKT-UL je primeren za natan\u010dno in tar\u010dno streljanje. Opomba: Priporo\u010dena je profesionalna namestitev zaradi morebitnih zahtev prilagajanja. Ni zdru\u017eljiv z 12 Gauge in 308 \/ 7.62x54r razli\u010dicami.<\/p>\n<\/div>\n","protected":false},"excerpt":{"rendered":"<p>Precizni AK spro\u017eilec z lokom Lightning za izbolj\u0161an nadzor in ob\u010dutek.<\/p>\n","protected":false},"featured_media":82202,"template":"","meta":{"_acf_changed":false},"product_brand":[],"product_cat":[13417,13432,13483,13420],"product_tag":[],"class_list":{"0":"post-83633","1":"product","2":"type-product","3":"status-publish","4":"has-post-thumbnail","6":"product_cat-ak-nastavitve","7":"product_cat-nastavitve-puske","8":"product_cat-puska","9":"product_cat-sprozilci","11":"first","12":"instock","13":"taxable","14":"shipping-taxable","15":"product-type-simple"},"acf":[],"_links":{"self":[{"href":"https:\/\/staging.nbg.eu\/sl\/wp-json\/wp\/v2\/product\/83633","targetHints":{"allow":["GET"]}}],"collection":[{"href":"https:\/\/staging.nbg.eu\/sl\/wp-json\/wp\/v2\/product"}],"about":[{"href":"https:\/\/staging.nbg.eu\/sl\/wp-json\/wp\/v2\/types\/product"}],"wp:featuredmedia":[{"embeddable":true,"href":"https:\/\/staging.nbg.eu\/sl\/wp-json\/wp\/v2\/media\/82202"}],"wp:attachment":[{"href":"https:\/\/staging.nbg.eu\/sl\/wp-json\/wp\/v2\/media?parent=83633"}],"wp:term":[{"taxonomy":"product_brand","embeddable":true,"href":"https:\/\/staging.nbg.eu\/sl\/wp-json\/wp\/v2\/product_brand?post=83633"},{"taxonomy":"product_cat","embeddable":true,"href":"https:\/\/staging.nbg.eu\/sl\/wp-json\/wp\/v2\/product_cat?post=83633"},{"taxonomy":"product_tag","embeddable":true,"href":"https:\/\/staging.nbg.eu\/sl\/wp-json\/wp\/v2\/product_tag?post=83633"}],"curies":[{"name":"wp","href":"https:\/\/api.w.org\/{rel}","templated":true}]}}