{"id":83611,"date":"2024-11-27T16:26:53","date_gmt":"2024-12-17T12:21:12","guid":{"rendered":"https:\/\/staging.nbg.eu\/product\/super-precision-t1-mount-absolute-co-witness-black\/"},"modified":"2024-12-17T12:22:44","modified_gmt":"2024-12-17T12:22:44","slug":"super-precision-t1-montaza-absolute-co-witness-crna","status":"publish","type":"product","link":"https:\/\/staging.nbg.eu\/sl\/izdelek\/super-precision-t1-montaza-absolute-co-witness-crna\/","title":{"rendered":"Super Precision T1 Montaza &#8211; Absolute Co-Witness &#8211; Crna"},"content":{"rendered":"<h2>Natan\u010dni nosilec T1 &#8211; Absolutna so-poravnava &#8211; \u010crn<\/h2>\n<p>Nosilec T1 je zasnovan za Aimpoint T1 in podobne rde\u010de pike optike. Izdelan je iz enega kosa 7075-T6 aluminija za vzdr\u017eljivost in u\u010dinkovitost.<\/p>\n<ul>\n<li>Mo\u017enost absolutne so-poravnave<\/li>\n<li>\u010crna trda anodizirana prevleka tipa 3<\/li>\n<li>Te\u017ea samo 57 gramov<\/li>\n<li>Uporablja Geisselejev posodobljen sistem matic in vijakov<\/li>\n<li>635 kilogramov pritrdilne sile<\/li>\n<li>3 stri\u017eni jezi\u010dki za maksimalno togost in vrnitev na ni\u010dlo<\/li>\n<\/ul>\n<p>Nosilec T1 zagotavlja stabilnost in natan\u010dnost namestitve. Optika ostane varno na mestu, kar omogo\u010da osredoto\u010denost na cilj.<\/p>\n","protected":false},"excerpt":{"rendered":"<p>Precizno izdelano T1 dr\u017ealo za popolno so\u010dasno nastavitev. Trpe\u017een aluminij, toga namestitev.<\/p>\n","protected":false},"featured_media":82503,"template":"","meta":{"_acf_changed":false},"product_brand":[11389],"product_cat":[13459],"product_tag":[],"class_list":{"0":"post-83611","1":"product","2":"type-product","3":"status-publish","4":"has-post-thumbnail","6":"product_brand-geissele","7":"product_cat-meritev","9":"first","10":"instock","11":"taxable","12":"shipping-taxable","13":"product-type-simple"},"acf":[],"_links":{"self":[{"href":"https:\/\/staging.nbg.eu\/sl\/wp-json\/wp\/v2\/product\/83611","targetHints":{"allow":["GET"]}}],"collection":[{"href":"https:\/\/staging.nbg.eu\/sl\/wp-json\/wp\/v2\/product"}],"about":[{"href":"https:\/\/staging.nbg.eu\/sl\/wp-json\/wp\/v2\/types\/product"}],"wp:featuredmedia":[{"embeddable":true,"href":"https:\/\/staging.nbg.eu\/sl\/wp-json\/wp\/v2\/media\/82503"}],"wp:attachment":[{"href":"https:\/\/staging.nbg.eu\/sl\/wp-json\/wp\/v2\/media?parent=83611"}],"wp:term":[{"taxonomy":"product_brand","embeddable":true,"href":"https:\/\/staging.nbg.eu\/sl\/wp-json\/wp\/v2\/product_brand?post=83611"},{"taxonomy":"product_cat","embeddable":true,"href":"https:\/\/staging.nbg.eu\/sl\/wp-json\/wp\/v2\/product_cat?post=83611"},{"taxonomy":"product_tag","embeddable":true,"href":"https:\/\/staging.nbg.eu\/sl\/wp-json\/wp\/v2\/product_tag?post=83611"}],"curies":[{"name":"wp","href":"https:\/\/api.w.org\/{rel}","templated":true}]}}