{"id":83519,"date":"2024-11-03T11:57:46","date_gmt":"2024-12-16T11:43:24","guid":{"rendered":"https:\/\/staging.nbg.eu\/product\/tinck-arms-semi-automatic-carbine-perun-x9-125-cal-9x19mm\/"},"modified":"2024-12-16T11:44:51","modified_gmt":"2024-12-16T11:44:51","slug":"tinck-arms-polavtomatska-karabinka-perun-x9-125-kal-9x19mm","status":"publish","type":"product","link":"https:\/\/staging.nbg.eu\/sl\/izdelek\/tinck-arms-polavtomatska-karabinka-perun-x9-125-kal-9x19mm\/","title":{"rendered":"Tinck Arms polavtomatska karabinka Perun X9 12,5&#8243; &#8211; kal. 9x19mm"},"content":{"rendered":"<div class=\"product-description\">\n<h2>Tinck Arms Perun X9 12,5&#8243; polavtomatska karabinka<\/h2>\n<p>Tinck Arms Perun X9 je 9mm karabinka. Temelji na platformi X16 in ponuja izbolj\u0161ano zmogljivost v kompaktnem, lahkem paketu.<\/p>\n<h2>Klju\u010dne lastnosti:<\/h2>\n<ul>\n<li>Kaliber: 9x19mm Parabellum<\/li>\n<li>Dol\u017eina cevi: 12,5&#8243; hladno kovana CrMoV jeklo<\/li>\n<li>Operativni sistem: Zaprti zaklep z neposrednim povratnim udarom<\/li>\n<li>Skupna dol\u017eina: 700mm (zlo\u017eeno) \/ 950mm (raztegnjeno)<\/li>\n<li>Te\u017ea: 2,8kg (vklju\u010dno s 30-strelnim okvirjem)<\/li>\n<li>Obojestranski kontrolni elementi in nerecipro\u010da ro\u010dica za polnjenje<\/li>\n<li>Zdru\u017eljivo z okvirji Glock 9x19mm<\/li>\n<\/ul>\n<h2>Prilagodljivost<\/h2>\n<p>Perun X9 se prilagaja va\u0161im potrebam z ve\u010d mo\u017enostmi konfiguracije:<\/p>\n<ul>\n<li>Izbira med klasi\u010dnim AR15 ali tekmovalnim spro\u017eilnim sistemom<\/li>\n<li>Dol\u017eine cevi od 8,5&#8243; do 14,5&#8243;<\/li>\n<li>Tovarni\u0161ko zasnovana ustna zavora za zmanj\u0161anje odsuna<\/li>\n<li>CNC obdelano plavajo\u010de prednje kopito za monta\u017eo dodatkov<\/li>\n<li>Mo\u017enosti zlo\u017eljivega kopita Masada ali standardnega AR-15 kopita<\/li>\n<\/ul>\n<h2>Ergonomija in funkcionalnost<\/h2>\n<p>Zasnovano za optimalno delovanje v vseh situacijah:<\/p>\n<ul>\n<li>Obojestranski varnostni izbirnik<\/li>\n<li>Preklopni zasilni merki z 300mm razdaljo med merki<\/li>\n<li>1 zgornja in 3 dodatne NAR tirnice za optiko in dodatke<\/li>\n<li>1\/2&#8243;-28 navojna cev za zdru\u017eljivost z du\u0161ilcem<\/li>\n<\/ul>\n<h2>Usposabljanje in prilagodljivost<\/h2>\n<p>Perun X9 podpira Simunition vadbeno strelivo in vklju\u010duje funkcije za vadbo rokovanja, kar ga naredi primernega za usposabljanje policije in vojske.<\/p>\n<p>Vsak Perun X9 je opremljen z enim 30-strelnim okvirjem, zdru\u017eljivim z Glock, in podrobnimi navodili za uporabo.<\/p>\n<\/div>\n","protected":false},"excerpt":{"rendered":"<p>Kompaktna 9mm karabinka z 31,75 cm cevjo, zlo\u017eljivim kopitom in zdru\u017eljivostjo z nabojniki za Glock.<\/p>\n","protected":false},"featured_media":77218,"template":"","meta":{"_acf_changed":false},"product_brand":[11922],"product_cat":[13480,13497,13483],"product_tag":[],"class_list":{"0":"post-83519","1":"product","2":"type-product","3":"status-publish","4":"has-post-thumbnail","6":"product_brand-tinck-arms","7":"product_cat-karabinke","8":"product_cat-pcc","9":"product_cat-puska","11":"first","12":"instock","13":"taxable","14":"shipping-taxable","15":"purchasable","16":"product-type-simple"},"acf":[],"_links":{"self":[{"href":"https:\/\/staging.nbg.eu\/sl\/wp-json\/wp\/v2\/product\/83519","targetHints":{"allow":["GET"]}}],"collection":[{"href":"https:\/\/staging.nbg.eu\/sl\/wp-json\/wp\/v2\/product"}],"about":[{"href":"https:\/\/staging.nbg.eu\/sl\/wp-json\/wp\/v2\/types\/product"}],"wp:featuredmedia":[{"embeddable":true,"href":"https:\/\/staging.nbg.eu\/sl\/wp-json\/wp\/v2\/media\/77218"}],"wp:attachment":[{"href":"https:\/\/staging.nbg.eu\/sl\/wp-json\/wp\/v2\/media?parent=83519"}],"wp:term":[{"taxonomy":"product_brand","embeddable":true,"href":"https:\/\/staging.nbg.eu\/sl\/wp-json\/wp\/v2\/product_brand?post=83519"},{"taxonomy":"product_cat","embeddable":true,"href":"https:\/\/staging.nbg.eu\/sl\/wp-json\/wp\/v2\/product_cat?post=83519"},{"taxonomy":"product_tag","embeddable":true,"href":"https:\/\/staging.nbg.eu\/sl\/wp-json\/wp\/v2\/product_tag?post=83519"}],"curies":[{"name":"wp","href":"https:\/\/api.w.org\/{rel}","templated":true}]}}