{"id":83469,"date":"2024-11-16T09:53:46","date_gmt":"2024-12-16T10:52:13","guid":{"rendered":"https:\/\/staging.nbg.eu\/product\/elcan-specterdr-1x-4x\/"},"modified":"2024-12-16T10:54:09","modified_gmt":"2024-12-16T10:54:09","slug":"elcan-specterdr-1x4x","status":"publish","type":"product","link":"https:\/\/staging.nbg.eu\/sl\/izdelek\/elcan-specterdr-1x4x\/","title":{"rendered":"ELCAN SpecterDR 1x\/4x"},"content":{"rendered":"<h2>ELCAN SpecterDR 1x\/4x Opti\u010dna naprava z dvojno vlogo<\/h2>\n<p>Predstavljamo ELCAN SpecterDR 1x\/4x za leto 2024 &#8211; opti\u010dno napravo z dvojnim vidnim poljem.<\/p>\n<h2>Klju\u010dne lastnosti:<\/h2>\n<ul>\n<li>Vgrajene Picatinny tirnice<\/li>\n<li>Obojestransko upravljanje pove\u010dave<\/li>\n<li>Izbolj\u0161ani pokrovi za baterije<\/li>\n<li>CERAKOTE\u00ae zaklju\u010dni sloji v \u010drni ali zemeljsko rjavi barvi (FDE)<\/li>\n<li>Takoj\u0161en preklop med 4x pove\u010davo in 1x CQB na\u010dinom<\/li>\n<li>Optimizirana opti\u010dna pot in enaka razdalja o\u010desa v obeh na\u010dinih<\/li>\n<li>Osvetljen kri\u017eec ali rde\u010da pika v sredini<\/li>\n<li>\u0160iroko vidno polje v 1x na\u010dinu<\/li>\n<li>Jasna slika v 4x na\u010dinu<\/li>\n<\/ul>\n<h2>Merki:<\/h2>\n<ul>\n<li>5.56 (CX5395)<\/li>\n<li>7.62 (CX5396)<\/li>\n<\/ul>\n<h2>Tehni\u010dne specifikacije:<\/h2>\n<ul>\n<li>Pove\u010dava: 4x \/ 1x<\/li>\n<li>Dimenzije: 153mm x 68mm x 72mm (nominalno)<\/li>\n<li>Te\u017ea: 655g (nominalno)<\/li>\n<li>Merek: Balisti\u010dni kri\u017eec z dvema debelinama in izbirno rde\u010do piko<\/li>\n<li>Vidno polje: 26\u00b0 pri 1x, 6,5\u00b0 pri 4x<\/li>\n<li>Razdalja o\u010desa: 70mm<\/li>\n<li>Baterija: CR2032 (3v Litijeva)<\/li>\n<li>\u017divljenjska doba baterije: Do 1730 ur<\/li>\n<li>Razpon nastavitev: 120 kotnih minut<\/li>\n<\/ul>\n<h2>Opcijski XOPTEK\u2122 mikro refleksni merek<\/h2>\n<p>SpecterDR 1-4 lahko nadgradite z XOPTEK\u2122 mikro refleksnim merkom, lahkim pripomo\u010dkom za hitro merjenje na kratke do srednje razdalje.<\/p>\n<p>ELCAN SpecterDR 1x\/4x je zasnovan za vzdr\u017eljivost pri sodobni profesionalni uporabi in nudi re\u0161itev za srednje razdalje in CQB situacije.<\/p>\n","protected":false},"excerpt":{"rendered":"<p>ELCAN SpecterDR 1x\/4x: Dvonamenska optika s takoj\u0161njim preklopom pove\u010dave.<\/p>\n","protected":false},"featured_media":79351,"template":"","meta":{"_acf_changed":false},"product_brand":[11303],"product_cat":[13459,13427],"product_tag":[],"class_list":{"0":"post-83469","1":"product","2":"type-product","3":"status-publish","4":"has-post-thumbnail","6":"product_brand-elcan","7":"product_cat-meritev","8":"product_cat-povecevalne-optike","10":"first","11":"instock","12":"taxable","13":"shipping-taxable","14":"purchasable","15":"product-type-variable","16":"wvs-archive-product-wrapper"},"acf":[],"_links":{"self":[{"href":"https:\/\/staging.nbg.eu\/sl\/wp-json\/wp\/v2\/product\/83469","targetHints":{"allow":["GET"]}}],"collection":[{"href":"https:\/\/staging.nbg.eu\/sl\/wp-json\/wp\/v2\/product"}],"about":[{"href":"https:\/\/staging.nbg.eu\/sl\/wp-json\/wp\/v2\/types\/product"}],"wp:featuredmedia":[{"embeddable":true,"href":"https:\/\/staging.nbg.eu\/sl\/wp-json\/wp\/v2\/media\/79351"}],"wp:attachment":[{"href":"https:\/\/staging.nbg.eu\/sl\/wp-json\/wp\/v2\/media?parent=83469"}],"wp:term":[{"taxonomy":"product_brand","embeddable":true,"href":"https:\/\/staging.nbg.eu\/sl\/wp-json\/wp\/v2\/product_brand?post=83469"},{"taxonomy":"product_cat","embeddable":true,"href":"https:\/\/staging.nbg.eu\/sl\/wp-json\/wp\/v2\/product_cat?post=83469"},{"taxonomy":"product_tag","embeddable":true,"href":"https:\/\/staging.nbg.eu\/sl\/wp-json\/wp\/v2\/product_tag?post=83469"}],"curies":[{"name":"wp","href":"https:\/\/api.w.org\/{rel}","templated":true}]}}