{"id":83409,"date":"2024-11-05T08:15:55","date_gmt":"2024-12-16T10:07:13","guid":{"rendered":"https:\/\/staging.nbg.eu\/product\/tinck-arms-semi-automatic-carbine-perun-x17-16\/"},"modified":"2024-12-16T10:09:00","modified_gmt":"2024-12-16T10:09:00","slug":"tinck-arms-polavtomatska-karabinka-perun-x17-16","status":"publish","type":"product","link":"https:\/\/staging.nbg.eu\/sl\/izdelek\/tinck-arms-polavtomatska-karabinka-perun-x17-16\/","title":{"rendered":"Tinck Arms polavtomatska karabinka Perun X17 &#8211; 16&#8243;"},"content":{"rendered":"<div class=\"product-description\">\n<h2>Tinck Arms Perun X17 &#8211; 16&#8243; Polavtomatska karabinka<\/h2>\n<p>Perun X17 predstavlja naslednjo stopnjo v tehnologiji strelnega oro\u017eja, zasnovano za prihodnje potrebe \u0161portnih navdu\u0161encev, organov pregona in voja\u0161kega osebja po vsem svetu. Ta platforma temelji na uveljavljenem sistemu AR10 in vklju\u010duje inovativne funkcije ter patentiran operacijski sistem, ki postavlja nove standarde zanesljivosti in enostavnosti vzdr\u017eevanja.<\/p>\n<h2>Klju\u010dne lastnosti:<\/h2>\n<ul>\n<li>Ravnote\u017eje in rokovanje za izbolj\u0161ano natan\u010dnost med hitrim streljanjem<\/li>\n<li>Gladko streljanje izbolj\u0161a splo\u0161no zmogljivost<\/li>\n<li>Visoka modularnost in zdru\u017eljivost z deli platforme AR10<\/li>\n<li>Ambidekstrne kontrole za vsestranski nadzor<\/li>\n<li>Mo\u017enost zlo\u017eljive kopite za bolj\u0161o prenosljivost<\/li>\n<\/ul>\n<h2>Tehni\u010dne specifikacije:<\/h2>\n<table>\n<tr>\n<td>Kaliber:<\/td>\n<td>7,62 x 51mm .308Win, 6,5 Creedmoor<\/td>\n<\/tr>\n<tr>\n<td>Operacijski sistem:<\/td>\n<td>Zaklenjeni rotacijski zaklep hibridni DI in kratki hod<\/td>\n<\/tr>\n<tr>\n<td>Delovanje:<\/td>\n<td>Polavtomatsko<\/td>\n<\/tr>\n<tr>\n<td>Dol\u017eina (min\/max):<\/td>\n<td>605mm \/ 1040mm<\/td>\n<\/tr>\n<tr>\n<td>\u0160irina:<\/td>\n<td>56mm (64mm skupaj z ro\u010dico za napenjanje)<\/td>\n<\/tr>\n<tr>\n<td>Vi\u0161ina:<\/td>\n<td>210mm (z 10-strelnim nabojnikom)<\/td>\n<\/tr>\n<tr>\n<td>Dol\u017eina cevi:<\/td>\n<td>16&#8243; (Standardno zdru\u017eljiva z AR10)<\/td>\n<\/tr>\n<tr>\n<td>Stopnja zavoja:<\/td>\n<td>1:12<\/td>\n<\/tr>\n<tr>\n<td>Te\u017ea:<\/td>\n<td>3,7kg (z 20-strelnim nabojnikom)<\/td>\n<\/tr>\n<tr>\n<td>Sistem ciljanja:<\/td>\n<td>Preklopni zasilni merek (sekundarni)<\/td>\n<\/tr>\n<tr>\n<td>Dol\u017eina merka:<\/td>\n<td>300mm, 340mm<\/td>\n<\/tr>\n<tr>\n<td>Priklju\u010dek za du\u0161ilec:<\/td>\n<td>5\/8 x 24 navoj integriran v ustni zavor<\/td>\n<\/tr>\n<tr>\n<td>Ustna naprava:<\/td>\n<td>3-komorni ustni zavor<\/td>\n<\/tr>\n<tr>\n<td>NAR vodila:<\/td>\n<td>1+3<\/td>\n<\/tr>\n<tr>\n<td>Ro\u010dica za napenjanje:<\/td>\n<td>Nepovraten<\/td>\n<\/tr>\n<tr>\n<td>Kapaciteta nabojnika:<\/td>\n<td>10, 20, 25 nabojev (polimer)<\/td>\n<\/tr>\n<tr>\n<td>Mo\u017enosti kopita:<\/td>\n<td>Zlo\u017eljiva kopita Masada, AR-15 puferska cev z MFT kopito<\/td>\n","protected":false},"excerpt":{"rendered":"<p>Vsestranska, zanesljiva 7,62x51mm karabinka s 40,64 cm cevjo. Gladko streljanje, modularna platforma AR10.<\/p>\n","protected":false},"featured_media":77496,"template":"","meta":{"_acf_changed":false},"product_brand":[11922],"product_cat":[13480,13483],"product_tag":[],"class_list":{"0":"post-83409","1":"product","2":"type-product","3":"status-publish","4":"has-post-thumbnail","6":"product_brand-tinck-arms","7":"product_cat-karabinke","8":"product_cat-puska","10":"first","11":"instock","12":"taxable","13":"shipping-taxable","14":"purchasable","15":"product-type-simple"},"acf":[],"_links":{"self":[{"href":"https:\/\/staging.nbg.eu\/sl\/wp-json\/wp\/v2\/product\/83409","targetHints":{"allow":["GET"]}}],"collection":[{"href":"https:\/\/staging.nbg.eu\/sl\/wp-json\/wp\/v2\/product"}],"about":[{"href":"https:\/\/staging.nbg.eu\/sl\/wp-json\/wp\/v2\/types\/product"}],"wp:featuredmedia":[{"embeddable":true,"href":"https:\/\/staging.nbg.eu\/sl\/wp-json\/wp\/v2\/media\/77496"}],"wp:attachment":[{"href":"https:\/\/staging.nbg.eu\/sl\/wp-json\/wp\/v2\/media?parent=83409"}],"wp:term":[{"taxonomy":"product_brand","embeddable":true,"href":"https:\/\/staging.nbg.eu\/sl\/wp-json\/wp\/v2\/product_brand?post=83409"},{"taxonomy":"product_cat","embeddable":true,"href":"https:\/\/staging.nbg.eu\/sl\/wp-json\/wp\/v2\/product_cat?post=83409"},{"taxonomy":"product_tag","embeddable":true,"href":"https:\/\/staging.nbg.eu\/sl\/wp-json\/wp\/v2\/product_tag?post=83409"}],"curies":[{"name":"wp","href":"https:\/\/api.w.org\/{rel}","templated":true}]}}