{"id":83387,"date":"2024-11-01T13:52:15","date_gmt":"2024-11-01T13:52:15","guid":{"rendered":"https:\/\/staging.nbg.eu\/product\/daa-target-bag-classic-ipsc-target\/"},"modified":"2024-12-16T09:56:18","modified_gmt":"2024-12-16T09:56:18","slug":"daa-torba-za-tarce-classic-ipsc-tarca","status":"publish","type":"product","link":"https:\/\/staging.nbg.eu\/sl\/izdelek\/daa-torba-za-tarce-classic-ipsc-tarca\/","title":{"rendered":"DAA Torba za Tarce, Classic (IPSC) tarca"},"content":{"rendered":"<h2>DAA Torba za tar\u010de, Klasi\u010dna (IPSC)<\/h2>\n<p>DAA torba za tar\u010de ponuja:<\/p>\n<ul>\n<li>Izdelana iz D6000 tekstila<\/li>\n<li>Glavni predel dr\u017ei 20+ klasi\u010dnih IPSC tar\u010d polne velikosti<\/li>\n<li>Trije zunanji \u017eepi:\n<ul>\n<li>\u017dep za aplikator za hitro krpanje<\/li>\n<li>\u017dep za spenjalnik<\/li>\n<li>Ve\u010dnamenski \u017eep za trak, sponke in orodja<\/li>\n<\/ul>\n<\/li>\n<li>Dva nastavljiva trakova za kavlje kovinskih tar\u010d<\/li>\n<li>Naramni pas in oblazinjen ro\u010daj<\/li>\n<\/ul>\n<p>Organizirajte vso opremo za tar\u010de v eni torbi. Roke ostanejo proste za torbe za streli\u0161\u010de in strelivo.<\/p>\n","protected":false},"excerpt":{"rendered":"<p>DAA torba za tar\u010de: Enostavno organizirajte in prena\u0161ajte IPSC tar\u010de.<\/p>\n","protected":false},"featured_media":76240,"template":"","meta":{"_acf_changed":false},"product_brand":[11274],"product_cat":[13450,13496],"product_tag":[],"class_list":{"0":"post-83387","1":"product","2":"type-product","3":"status-publish","4":"has-post-thumbnail","6":"product_brand-doublealpha","7":"product_cat-oprema","8":"product_cat-torbe-za-strelisce","10":"first","11":"outofstock","12":"taxable","13":"shipping-taxable","14":"purchasable","15":"product-type-simple"},"acf":[],"_links":{"self":[{"href":"https:\/\/staging.nbg.eu\/sl\/wp-json\/wp\/v2\/product\/83387","targetHints":{"allow":["GET"]}}],"collection":[{"href":"https:\/\/staging.nbg.eu\/sl\/wp-json\/wp\/v2\/product"}],"about":[{"href":"https:\/\/staging.nbg.eu\/sl\/wp-json\/wp\/v2\/types\/product"}],"wp:featuredmedia":[{"embeddable":true,"href":"https:\/\/staging.nbg.eu\/sl\/wp-json\/wp\/v2\/media\/76240"}],"wp:attachment":[{"href":"https:\/\/staging.nbg.eu\/sl\/wp-json\/wp\/v2\/media?parent=83387"}],"wp:term":[{"taxonomy":"product_brand","embeddable":true,"href":"https:\/\/staging.nbg.eu\/sl\/wp-json\/wp\/v2\/product_brand?post=83387"},{"taxonomy":"product_cat","embeddable":true,"href":"https:\/\/staging.nbg.eu\/sl\/wp-json\/wp\/v2\/product_cat?post=83387"},{"taxonomy":"product_tag","embeddable":true,"href":"https:\/\/staging.nbg.eu\/sl\/wp-json\/wp\/v2\/product_tag?post=83387"}],"curies":[{"name":"wp","href":"https:\/\/api.w.org\/{rel}","templated":true}]}}