{"id":78654,"date":"2024-11-05T08:14:10","date_gmt":"2024-11-05T08:14:10","guid":{"rendered":"https:\/\/staging.nbg.eu\/product\/tinck-arms-semi-automatic-rifle-ar-x15-ms-pro-cal-300-blackout-12-5\/"},"modified":"2025-10-01T16:19:42","modified_gmt":"2025-10-01T13:19:42","slug":"tinck-arms-polavtomatska-puska-ar-x15-ms-pro-kal-300-blackout-125","status":"publish","type":"product","link":"https:\/\/staging.nbg.eu\/sl\/izdelek\/tinck-arms-polavtomatska-puska-ar-x15-ms-pro-kal-300-blackout-125\/","title":{"rendered":"Tinck Arms Polavtomatska Puska AR X15-MS Pro Kal. .300 Blackout &#8211; 12.5&#8243;"},"content":{"rendered":"<div class=\"product-description\">\n<h2>Tinck Arms ARX15-MS Pro Kal. .300AAC &#8211; 12,5&#8243;<\/h2>\n<p>ARX15-MS Pro je pu\u0161ka za natan\u010dno in dinami\u010dno streljanje. Primerna je za stati\u010dno natan\u010dno streljanje, lov ali dinami\u010dno streljanje.<\/p>\n<h2>Klju\u010dne lastnosti:<\/h2>\n<ul>\n<li>Kaliber: .300AAC<\/li>\n<li>Dol\u017eina cevi: 12,5&#8243; (Druge dol\u017eine na voljo po naro\u010dilu)<\/li>\n<li>Polavtomatsko delovanje<\/li>\n<li>Zaklenjen rotacijski zaklep, sistem neposrednega delovanja plina (DI)<\/li>\n<li>Obojestransko upravljanje<\/li>\n<li>Lahka zasnova: 2,8 kg vklju\u010dno s 30-strelnim nabojnikom<\/li>\n<li>Kompaktna in nastavljiva: Dol\u017eina od 660 mm do 970 mm<\/li>\n<\/ul>\n<h2>In\u017eeniring:<\/h2>\n<p>ARX15-MS Pro ima cev z zavojem 1:7&#8243;, za natan\u010dnost in stabilnost nabojev .300AAC. Trito\u010dkovni kompenzator zmanj\u0161uje odsun in dvig cevi, vgrajen priklju\u010dek za du\u0161ilec 1\/2&#8243;-28 omogo\u010da prilagoditev.<\/p>\n<h2>Prilagodljivost:<\/h2>\n<p>Z 1+3 M-LOK NAR vodili omogo\u010da namestitev dodatne opreme. Nereciprokajo\u010da ro\u010dica za napenjanje in preklopni zasilni merek zagotavljata zanesljivo delovanje.<\/p>\n<h2>Udobje in ergonomija:<\/h2>\n<p>Opremljena z AR-15 cevjo odbojnika in MFT kopitom za udobno streljanje. Obojestranski kontrolni elementi ustrezajo levi\u010darjem in desni\u010darjem.<\/p>\n<h2>Dodatne specifikacije:<\/h2>\n<ul>\n<li>\u0160irina: 56 mm (70 mm z ro\u010dico za napenjanje)<\/li>\n<li>Vi\u0161ina: 220 mm s 30-strelnim nabojnikom<\/li>\n<li>Dol\u017eina merka: mo\u017enosti 330 mm, 370 mm, 450 mm<\/li>\n<li>Kapaciteta nabojnika: 10 ali 30 nabojev (polimer)<\/li>\n<\/ul>\n<p>Tinck Arms ARX15-MS Pro Kal. .300AAC &#8211; 12,5&#8243; vklju\u010duje en 10 (ali 30) strelni nabojnik in navodila za uporabo.<\/p>\n<\/div>\n","protected":false},"excerpt":{"rendered":"<p>Vsestranska .300AAC pu\u0161ka za natan\u010dno in dinami\u010dno streljanje. 12,5\u2033 cev, polavtomatska.<\/p>\n","protected":false},"featured_media":77590,"template":"","meta":{"_acf_changed":false},"product_brand":[11922],"product_cat":[13480,13483],"product_tag":[],"class_list":{"0":"post-78654","1":"product","2":"type-product","3":"status-publish","4":"has-post-thumbnail","6":"product_brand-tinck-arms","7":"product_cat-karabinke","8":"product_cat-puska","10":"first","11":"outofstock","12":"taxable","13":"shipping-taxable","14":"purchasable","15":"product-type-simple"},"acf":[],"_links":{"self":[{"href":"https:\/\/staging.nbg.eu\/sl\/wp-json\/wp\/v2\/product\/78654","targetHints":{"allow":["GET"]}}],"collection":[{"href":"https:\/\/staging.nbg.eu\/sl\/wp-json\/wp\/v2\/product"}],"about":[{"href":"https:\/\/staging.nbg.eu\/sl\/wp-json\/wp\/v2\/types\/product"}],"wp:featuredmedia":[{"embeddable":true,"href":"https:\/\/staging.nbg.eu\/sl\/wp-json\/wp\/v2\/media\/77590"}],"wp:attachment":[{"href":"https:\/\/staging.nbg.eu\/sl\/wp-json\/wp\/v2\/media?parent=78654"}],"wp:term":[{"taxonomy":"product_brand","embeddable":true,"href":"https:\/\/staging.nbg.eu\/sl\/wp-json\/wp\/v2\/product_brand?post=78654"},{"taxonomy":"product_cat","embeddable":true,"href":"https:\/\/staging.nbg.eu\/sl\/wp-json\/wp\/v2\/product_cat?post=78654"},{"taxonomy":"product_tag","embeddable":true,"href":"https:\/\/staging.nbg.eu\/sl\/wp-json\/wp\/v2\/product_tag?post=78654"}],"curies":[{"name":"wp","href":"https:\/\/api.w.org\/{rel}","templated":true}]}}