{"id":78610,"date":"2024-01-30T18:15:03","date_gmt":"2024-01-30T18:15:03","guid":{"rendered":"https:\/\/staging.nbg.eu\/product\/kmr-w-02-umbra-x\/"},"modified":"2025-02-19T16:17:03","modified_gmt":"2025-02-19T16:17:03","slug":"kmr-w-02-umbra-x","status":"publish","type":"product","link":"https:\/\/staging.nbg.eu\/sl\/izdelek\/kmr-w-02-umbra-x\/","title":{"rendered":"KMR W-02 Umbra X"},"content":{"rendered":"<div class=\"product-description\">\n<h2>KMR W-02 Umbra X: IDPA Divizije<\/h2>\n<p>KMR W-02 Umbra X je lahka in zmogljiva pi\u0161tola, namenjena \u0161portnemu in rekreativnemu streljanju. Primerna je za discipline z omejeno te\u017eo, kot je IDPA, in zagotavlja dobro zmogljivost in natan\u010dnost.<\/p>\n<h2>Glavne zna\u010dilnosti:<\/h2>\n<ul>\n<li>4,5&#8243; te\u017eka, narebrena, nitridirana cev s sistemom BRS (sistem stabilizacije cevi)<\/li>\n<li>Vmesnik za optiko (OR) za prilagoditev<\/li>\n<li>CNC obdelan jekleni okvir za vzdr\u017eljivost<\/li>\n<li>SA\/DA spro\u017eilni mehanizem s kratkim resetom<\/li>\n<li>Kapaciteta nabojnika 16+1 nabojev<\/li>\n<li>WAVES Duralumin ro\u010daji v temno rde\u010di barvi<\/li>\n<li>Nastavljiv gumb za sprostitev nabojnika iz duraluminija<\/li>\n<li>Sprednji merek iz opti\u010dnih vlaken (1 mm) in nastavljiv zadnji merek OR<\/li>\n<li>Nitridiran okvir in zaklepi\u0161\u010de v \u010drni barvi<\/li>\n<\/ul>\n<h2>Specifikacije:<\/h2>\n<ul>\n<li>Kaliber: 9&#215;19, 9&#215;21<\/li>\n<li>Skupna dol\u017eina: 208 mm<\/li>\n<li>Dol\u017eina cevi: 114 mm<\/li>\n<li>Te\u017ea s praznim nabojnikom: 1210 g<\/li>\n<li>Sila spro\u017eilca: 17,5 N (SA) \/ 45 N (DA)<\/li>\n<\/ul>\n<p>KMR W-02 Umbra X je opremljen s KMR dodatki. Primeren je za izku\u0161ene strelce in navdu\u0161ence.<\/p>\n<p>Paket vklju\u010duje: 3 nabojnike, KMR kov\u010dek za pi\u0161tolo, komplet za \u010di\u0161\u010denje, KMR olje, BRS monta\u017eni adapter, klju\u010d za nastavljanje zadnjega merka, navodila za uporabo in garancijski list.<\/p>\n<p><strong>KMR W-02 Umbra X \u2013 za streljanje.<\/strong><\/p>\n<\/div>\n","protected":false},"excerpt":{"rendered":"<p>I apologize, but there is no product description provided in your message for me to translate. Could you please provide the product description you&#8217;d like translated to Slovenian? Once you share the text, I&#8217;ll be happy to translate it for you.<\/p>\n","protected":false},"featured_media":76076,"template":"","meta":{"_acf_changed":false},"product_brand":[11509],"product_cat":[13440,13430],"product_tag":[],"class_list":{"0":"post-78610","1":"product","2":"type-product","3":"status-publish","4":"has-post-thumbnail","6":"product_brand-kmr-precision","7":"product_cat-pistola","8":"product_cat-pistole","10":"first","11":"outofstock","12":"taxable","13":"shipping-taxable","14":"product-type-simple"},"acf":[],"_links":{"self":[{"href":"https:\/\/staging.nbg.eu\/sl\/wp-json\/wp\/v2\/product\/78610","targetHints":{"allow":["GET"]}}],"collection":[{"href":"https:\/\/staging.nbg.eu\/sl\/wp-json\/wp\/v2\/product"}],"about":[{"href":"https:\/\/staging.nbg.eu\/sl\/wp-json\/wp\/v2\/types\/product"}],"wp:featuredmedia":[{"embeddable":true,"href":"https:\/\/staging.nbg.eu\/sl\/wp-json\/wp\/v2\/media\/76076"}],"wp:attachment":[{"href":"https:\/\/staging.nbg.eu\/sl\/wp-json\/wp\/v2\/media?parent=78610"}],"wp:term":[{"taxonomy":"product_brand","embeddable":true,"href":"https:\/\/staging.nbg.eu\/sl\/wp-json\/wp\/v2\/product_brand?post=78610"},{"taxonomy":"product_cat","embeddable":true,"href":"https:\/\/staging.nbg.eu\/sl\/wp-json\/wp\/v2\/product_cat?post=78610"},{"taxonomy":"product_tag","embeddable":true,"href":"https:\/\/staging.nbg.eu\/sl\/wp-json\/wp\/v2\/product_tag?post=78610"}],"curies":[{"name":"wp","href":"https:\/\/api.w.org\/{rel}","templated":true}]}}