{"id":77448,"date":"2024-11-01T07:33:05","date_gmt":"2024-11-01T07:33:05","guid":{"rendered":"https:\/\/staging.nbg.eu\/product\/kmr-l-02-emiq\/"},"modified":"2024-11-04T13:34:29","modified_gmt":"2024-11-04T13:34:29","slug":"kmr-l-02-emiq","status":"publish","type":"product","link":"https:\/\/staging.nbg.eu\/sl\/izdelek\/kmr-l-02-emiq\/","title":{"rendered":"KMR L-02 EMIQ"},"content":{"rendered":"<div class=\"product-description\">\n<h2>KMR L-02 EMIQ: Pripravljeno za tekmovanje<\/h2>\n<p>KMR L-02 EMIQ je pi\u0161tola za prakti\u010dno strelsko tekmovanje. To strelno oro\u017eje zdru\u017euje natan\u010dno in\u017eenirstvo z dodatki za doseganje natan\u010dnosti in hitrosti.<\/p>\n<h2>Klju\u010dne lastnosti:<\/h2>\n<ul>\n<li>5&#8243; te\u017eka, narebrena, nitridirana cev za izbolj\u0161ano natan\u010dnost in odvajanje toplote<\/li>\n<li>3+1 portni kompenzator za zmanj\u0161ano dvigovanje cevi in hitrej\u0161e nadaljnje strele<\/li>\n<li>CNC-strojen jeklen okvir za trpe\u017enost in stabilnost<\/li>\n<li>Namestitev za rde\u010do piko s \u0161\u010ditnikom za izbolj\u0161ano zajemanje tar\u010de<\/li>\n<li>Nastavljiv SA spro\u017eilni mehanizem z nazob\u010danim ravnim spro\u017eilcem za prilagodljivo delovanje<\/li>\n<li>Nabojniki z veliko kapaciteto: 19+1 ali 26+1 nabojev (9&#215;19, 9\u00d721)<\/li>\n<li>KMR dodatki in BRS sistem stabilizacije cevi za optimalno delovanje<\/li>\n<\/ul>\n<h2>Specifikacije:<\/h2>\n<ul>\n<li>Kaliber: 9&#215;19, 9&#215;21<\/li>\n<li>Skupna dol\u017eina: 261 mm \/ 10,3 palcev<\/li>\n<li>Dol\u017eina cevi: 127 mm \/ 5 palcev<\/li>\n<li>Te\u017ea (brez nabojnika): 1260 g \/ 44 un\u010d<\/li>\n<li>Spro\u017eilna sila: &gt; 13,5 N<\/li>\n<\/ul>\n<p>KMR L-02 EMIQ izdelujejo na\u0161i oro\u017earski strokovnjaki, kar zagotavlja individualno nego in pozornost do podrobnosti. S svojimi naprednimi funkcijami in ergonomsko zasnovo ta pi\u0161tola omogo\u010da bolj\u0161e rezultate na tekmovanjih.<\/p>\n<p>Izberite KMR L-02 EMIQ za tekmovanje.<\/p>\n<\/div>\n","protected":false},"excerpt":{"rendered":"<p>Visoko zmogljiva \u0161portna pi\u0161tola s kompenzatorjem za tekmovanja.<\/p>\n","protected":false},"featured_media":75845,"template":"","meta":{"_acf_changed":false},"product_brand":[11509],"product_cat":[13440,13430],"product_tag":[],"class_list":{"0":"post-77448","1":"product","2":"type-product","3":"status-publish","4":"has-post-thumbnail","6":"product_brand-kmr-precision","7":"product_cat-pistola","8":"product_cat-pistole","10":"first","11":"outofstock","12":"taxable","13":"shipping-taxable","14":"product-type-simple"},"acf":[],"_links":{"self":[{"href":"https:\/\/staging.nbg.eu\/sl\/wp-json\/wp\/v2\/product\/77448","targetHints":{"allow":["GET"]}}],"collection":[{"href":"https:\/\/staging.nbg.eu\/sl\/wp-json\/wp\/v2\/product"}],"about":[{"href":"https:\/\/staging.nbg.eu\/sl\/wp-json\/wp\/v2\/types\/product"}],"wp:featuredmedia":[{"embeddable":true,"href":"https:\/\/staging.nbg.eu\/sl\/wp-json\/wp\/v2\/media\/75845"}],"wp:attachment":[{"href":"https:\/\/staging.nbg.eu\/sl\/wp-json\/wp\/v2\/media?parent=77448"}],"wp:term":[{"taxonomy":"product_brand","embeddable":true,"href":"https:\/\/staging.nbg.eu\/sl\/wp-json\/wp\/v2\/product_brand?post=77448"},{"taxonomy":"product_cat","embeddable":true,"href":"https:\/\/staging.nbg.eu\/sl\/wp-json\/wp\/v2\/product_cat?post=77448"},{"taxonomy":"product_tag","embeddable":true,"href":"https:\/\/staging.nbg.eu\/sl\/wp-json\/wp\/v2\/product_tag?post=77448"}],"curies":[{"name":"wp","href":"https:\/\/api.w.org\/{rel}","templated":true}]}}