{"id":75477,"date":"2024-10-30T18:55:52","date_gmt":"2024-11-01T09:44:37","guid":{"rendered":"https:\/\/staging.nbg.eu\/product\/rhh-201-iwb-magazine-2\/"},"modified":"2024-11-01T09:46:41","modified_gmt":"2024-11-01T09:46:41","slug":"rhh-201-iwb-nabojnik","status":"publish","type":"product","link":"https:\/\/staging.nbg.eu\/sl\/izdelek\/rhh-201-iwb-nabojnik\/","title":{"rendered":"Rhh .201 IWB Nabojnik"},"content":{"rendered":"<div class=\"product-description\">\n<h2>Rhh .201 IWB Torbica za Nabojnik<\/h2>\n<p>Rhh .201 IWB torbica za nabojnik za no\u0161enje znotraj pasu. Zna\u010dilnosti te torbice so:<\/p>\n<ul>\n<li>Konstrukcija iz stisnjenega kydexa za natan\u010dno prileganje<\/li>\n<li>Ro\u010dno obrezani robovi<\/li>\n<li>Nastavljiv oprijem za prilagojeno zadr\u017eevanje<\/li>\n<li>Oblika za enostavno \u010di\u0161\u010denje<\/li>\n<li>2 mm tanek, trpe\u017een kydex material<\/li>\n<li>Mo\u017enosti no\u0161enja okoli pasu<\/li>\n<li>Primerno za uporabo skozi celo leto, zlasti poleti<\/li>\n<li>Na voljo z jeklenimi sponkami v velikostih 40 mm in 45 mm<\/li>\n<li>Mo\u017enost dodatne za\u0161\u010dite pred znojenjem<\/li>\n<\/ul>\n<p>Omogo\u010da skrito no\u0161enje z minimalnim odtisom pod obla\u010dili. Primerno za desni\u010darje v polo\u017eaju na 9. uri.<\/p>\n<\/div>\n","protected":false},"excerpt":{"rendered":"<p>Vitka, prikrita IWB torbica za nabojnik z nastavljivo ro\u010dko in za\u0161\u010dito pred znojenjem.<\/p>\n","protected":false},"featured_media":74456,"template":"","meta":{"_acf_changed":false},"product_brand":[11648],"product_cat":[13426,13437],"product_tag":[],"class_list":{"0":"post-75477","1":"product","2":"type-product","3":"status-publish","4":"has-post-thumbnail","6":"product_brand-rh-holsters","7":"product_cat-drzala-za-nabojnike","8":"product_cat-kabura","9":"pa_belt-size-40mm-sl","10":"pa_model-glock-17-22-31-sl","11":"pa_model-glock-19-23-32-sl","12":"pa_model-glock-26-27-sl","13":"pa_strong-hand-right-sl","15":"first","16":"instock","17":"taxable","18":"shipping-taxable","19":"purchasable","20":"product-type-variable","21":"wvs-archive-product-wrapper"},"acf":[],"_links":{"self":[{"href":"https:\/\/staging.nbg.eu\/sl\/wp-json\/wp\/v2\/product\/75477","targetHints":{"allow":["GET"]}}],"collection":[{"href":"https:\/\/staging.nbg.eu\/sl\/wp-json\/wp\/v2\/product"}],"about":[{"href":"https:\/\/staging.nbg.eu\/sl\/wp-json\/wp\/v2\/types\/product"}],"wp:featuredmedia":[{"embeddable":true,"href":"https:\/\/staging.nbg.eu\/sl\/wp-json\/wp\/v2\/media\/74456"}],"wp:attachment":[{"href":"https:\/\/staging.nbg.eu\/sl\/wp-json\/wp\/v2\/media?parent=75477"}],"wp:term":[{"taxonomy":"product_brand","embeddable":true,"href":"https:\/\/staging.nbg.eu\/sl\/wp-json\/wp\/v2\/product_brand?post=75477"},{"taxonomy":"product_cat","embeddable":true,"href":"https:\/\/staging.nbg.eu\/sl\/wp-json\/wp\/v2\/product_cat?post=75477"},{"taxonomy":"product_tag","embeddable":true,"href":"https:\/\/staging.nbg.eu\/sl\/wp-json\/wp\/v2\/product_tag?post=75477"}],"curies":[{"name":"wp","href":"https:\/\/api.w.org\/{rel}","templated":true}]}}