{"id":75381,"date":"2024-10-30T18:50:16","date_gmt":"2024-11-01T09:27:35","guid":{"rendered":"https:\/\/staging.nbg.eu\/product\/rhh-081-owb-magazine\/"},"modified":"2024-11-01T09:29:36","modified_gmt":"2024-11-01T09:29:36","slug":"rhh-081-owb-nabojna-torbica","status":"publish","type":"product","link":"https:\/\/staging.nbg.eu\/sl\/izdelek\/rhh-081-owb-nabojna-torbica\/","title":{"rendered":"Rhh .081 OWB nabojna torbica"},"content":{"rendered":"<div class=\"product-description\">\n<h2>Rhh .081 OWB Torbica za Nabojnik<\/h2>\n<p>Rhh .081 OWB torbica za nabojnik je Kydex torbica, zasnovana za udobje in funkcionalnost. Glavne zna\u010dilnosti vklju\u010dujejo:<\/p>\n<ul>\n<li>2mm debela Kydex konstrukcija za trajnost<\/li>\n<li>Oblikovanje pod visokim pritiskom za natan\u010dno prileganje nabojniku<\/li>\n<li>Ostri vtiski z gladkimi ro\u010dno rezanimi robovi<\/li>\n<li>Mo\u017enost izbire barve<\/li>\n<li>Razli\u010dne pozicije no\u0161enja (9-7 ura za desni\u010darje)<\/li>\n<li>Primerno za streli\u0161\u010da, te\u010daje usposabljanja in tekmovanja<\/li>\n<li>Ve\u010d mo\u017enosti pritrditve na pas: klasi\u010dne zanke, SpeedLoops ali MOLLE sponke<\/li>\n<li>Opcijska za\u0161\u010dita pred znojenjem<\/li>\n<li>Nastavljiv oprijem<\/li>\n<\/ul>\n<p>Rhh .081 OWB torbica za nabojnik ponuja zadr\u017eevanje in enostavno uporabo.<\/p>\n<\/div>\n","protected":false},"excerpt":{"rendered":"<p>Trpe\u017een zunanji (OWB) pas za 2 nabojnika iz materiala Kydex. Prilagodljiv, varen oprijem.<\/p>\n","protected":false},"featured_media":74407,"template":"","meta":{"_acf_changed":false},"product_brand":[11648],"product_cat":[13426,13437],"product_tag":[],"class_list":{"0":"post-75381","1":"product","2":"type-product","3":"status-publish","4":"has-post-thumbnail","6":"product_brand-rh-holsters","7":"product_cat-drzala-za-nabojnike","8":"product_cat-kabura","9":"pa_belt-size-40mm-sl","10":"pa_model-1911-sl","11":"pa_model-beretta-92x-sl-2","12":"pa_model-beretta-m9a3-sl","13":"pa_model-glock-17-22-31-sl","14":"pa_model-glock-19-23-32-sl","15":"pa_model-glock-26-27-sl","16":"pa_model-hk45-sl-2","17":"pa_model-sig-sauer-p226-bez-railu-sl","18":"pa_strong-hand-right-sl","20":"first","21":"instock","22":"taxable","23":"shipping-taxable","24":"purchasable","25":"product-type-variable","26":"wvs-archive-product-wrapper"},"acf":[],"_links":{"self":[{"href":"https:\/\/staging.nbg.eu\/sl\/wp-json\/wp\/v2\/product\/75381","targetHints":{"allow":["GET"]}}],"collection":[{"href":"https:\/\/staging.nbg.eu\/sl\/wp-json\/wp\/v2\/product"}],"about":[{"href":"https:\/\/staging.nbg.eu\/sl\/wp-json\/wp\/v2\/types\/product"}],"wp:featuredmedia":[{"embeddable":true,"href":"https:\/\/staging.nbg.eu\/sl\/wp-json\/wp\/v2\/media\/74407"}],"wp:attachment":[{"href":"https:\/\/staging.nbg.eu\/sl\/wp-json\/wp\/v2\/media?parent=75381"}],"wp:term":[{"taxonomy":"product_brand","embeddable":true,"href":"https:\/\/staging.nbg.eu\/sl\/wp-json\/wp\/v2\/product_brand?post=75381"},{"taxonomy":"product_cat","embeddable":true,"href":"https:\/\/staging.nbg.eu\/sl\/wp-json\/wp\/v2\/product_cat?post=75381"},{"taxonomy":"product_tag","embeddable":true,"href":"https:\/\/staging.nbg.eu\/sl\/wp-json\/wp\/v2\/product_tag?post=75381"}],"curies":[{"name":"wp","href":"https:\/\/api.w.org\/{rel}","templated":true}]}}