{"id":75340,"date":"2024-10-30T20:07:58","date_gmt":"2024-10-30T20:07:58","guid":{"rendered":"https:\/\/staging.nbg.eu\/product\/daa-hard-case-large-430\/"},"modified":"2024-11-01T09:08:24","modified_gmt":"2024-11-01T09:08:24","slug":"daa-trdi-kovcek-large-430","status":"publish","type":"product","link":"https:\/\/staging.nbg.eu\/sl\/izdelek\/daa-trdi-kovcek-large-430\/","title":{"rendered":"DAA trdi kov\u010dek Large-430"},"content":{"rendered":"<div class=\"product-description\">\n<h2>DAA Trdi kov\u010dek Velik-430<\/h2>\n<p>IP67 certificiran DAA Trdi kov\u010dek Velik-430 nudi za\u0161\u010dito za va\u0161e predmete. Primeren je za strelno oro\u017eje, fotografsko opremo, pomorsko opremo in drugo. Ta kov\u010dek je narejen za ekstremne pogoje.<\/p>\n<ul>\n<li>Vodotesno tesnilo in avtomatski ventil za sprostitev pritiska<\/li>\n<li>Zaponke z dvojnim zaklepom in luknje za klju\u010davnice<\/li>\n<li>Sistem za zlaganje s dodatnimi pritrdilnimi to\u010dkami<\/li>\n<li>Vklju\u010duje 4-delni komplet pene za prilagodljivo notranjost<\/li>\n<li>Na voljo v \u010drni ali oran\u017eni barvi<\/li>\n<\/ul>\n<p>Zunanje mere: 464 x 366 x 176 mm (18,27 x 14,41 x 6,93 palcev)<br \/>\n  Notranje mere: 426 x 290 x 159 mm (16,77 x 11,41 x 6,26 palcev)<br \/>\n  Te\u017ea: 3,1 kg<\/p>\n<\/div>\n","protected":false},"excerpt":{"rendered":"<p>Trpe\u017een, vodoodporen kov\u010dek za dragoceno opremo. Certificiran IP67, vsestranski.<\/p>\n","protected":false},"featured_media":74482,"template":"","meta":{"_acf_changed":false},"product_brand":[11274],"product_cat":[13472,13450],"product_tag":[],"class_list":{"0":"post-75340","1":"product","2":"type-product","3":"status-publish","4":"has-post-thumbnail","6":"product_brand-doublealpha","7":"product_cat-kovcki-za-prenasanje","8":"product_cat-oprema","10":"first","11":"outofstock","12":"taxable","13":"shipping-taxable","14":"purchasable","15":"product-type-simple"},"acf":[],"_links":{"self":[{"href":"https:\/\/staging.nbg.eu\/sl\/wp-json\/wp\/v2\/product\/75340","targetHints":{"allow":["GET"]}}],"collection":[{"href":"https:\/\/staging.nbg.eu\/sl\/wp-json\/wp\/v2\/product"}],"about":[{"href":"https:\/\/staging.nbg.eu\/sl\/wp-json\/wp\/v2\/types\/product"}],"wp:featuredmedia":[{"embeddable":true,"href":"https:\/\/staging.nbg.eu\/sl\/wp-json\/wp\/v2\/media\/74482"}],"wp:attachment":[{"href":"https:\/\/staging.nbg.eu\/sl\/wp-json\/wp\/v2\/media?parent=75340"}],"wp:term":[{"taxonomy":"product_brand","embeddable":true,"href":"https:\/\/staging.nbg.eu\/sl\/wp-json\/wp\/v2\/product_brand?post=75340"},{"taxonomy":"product_cat","embeddable":true,"href":"https:\/\/staging.nbg.eu\/sl\/wp-json\/wp\/v2\/product_cat?post=75340"},{"taxonomy":"product_tag","embeddable":true,"href":"https:\/\/staging.nbg.eu\/sl\/wp-json\/wp\/v2\/product_tag?post=75340"}],"curies":[{"name":"wp","href":"https:\/\/api.w.org\/{rel}","templated":true}]}}