{"id":74979,"date":"2024-10-20T20:55:33","date_gmt":"2024-10-20T20:55:33","guid":{"rendered":"https:\/\/staging.nbg.eu\/product\/grips-kmr-l-dotmatrix-ergo-red\/"},"modified":"2024-10-31T11:22:38","modified_gmt":"2024-10-31T11:22:38","slug":"rocaji-kmr-l-dotmatrix-ergo-red","status":"publish","type":"product","link":"https:\/\/staging.nbg.eu\/sl\/izdelek\/rocaji-kmr-l-dotmatrix-ergo-red\/","title":{"rendered":"RO\u010cAJI KMR L DotMatrix &#8211; Ergo Red"},"content":{"rendered":"<dl class=\"data-sheet\">\n<dt class=\"name\">Za oro\u017eje KMR<\/dt>\n<dd class=\"value\">KMR L-02 SPECTRA DO 2023<br \/>\nKMR L-02 UMBRA DO 2023<\/dd>\n<\/dl>\n","protected":false},"excerpt":{"rendered":"<p>0611-04001-0103<\/p>\n<p>Opomba: Ta \u0161tevilka (verjetno \u0161tevilka izdelka ali koda) je ostala nespremenjena, saj gre za zaporedje \u0161tevilk in ne besedilo, ki bi ga bilo treba prevesti.<\/p>\n","protected":false},"featured_media":73672,"template":"","meta":{"_acf_changed":false},"product_brand":[11509],"product_cat":[13435],"product_tag":[],"class_list":{"0":"post-74979","1":"product","2":"type-product","3":"status-publish","4":"has-post-thumbnail","6":"product_brand-kmr-precision","7":"product_cat-kmr-deli","9":"first","10":"outofstock","11":"taxable","12":"shipping-taxable","13":"purchasable","14":"product-type-simple"},"acf":[],"_links":{"self":[{"href":"https:\/\/staging.nbg.eu\/sl\/wp-json\/wp\/v2\/product\/74979","targetHints":{"allow":["GET"]}}],"collection":[{"href":"https:\/\/staging.nbg.eu\/sl\/wp-json\/wp\/v2\/product"}],"about":[{"href":"https:\/\/staging.nbg.eu\/sl\/wp-json\/wp\/v2\/types\/product"}],"wp:featuredmedia":[{"embeddable":true,"href":"https:\/\/staging.nbg.eu\/sl\/wp-json\/wp\/v2\/media\/73672"}],"wp:attachment":[{"href":"https:\/\/staging.nbg.eu\/sl\/wp-json\/wp\/v2\/media?parent=74979"}],"wp:term":[{"taxonomy":"product_brand","embeddable":true,"href":"https:\/\/staging.nbg.eu\/sl\/wp-json\/wp\/v2\/product_brand?post=74979"},{"taxonomy":"product_cat","embeddable":true,"href":"https:\/\/staging.nbg.eu\/sl\/wp-json\/wp\/v2\/product_cat?post=74979"},{"taxonomy":"product_tag","embeddable":true,"href":"https:\/\/staging.nbg.eu\/sl\/wp-json\/wp\/v2\/product_tag?post=74979"}],"curies":[{"name":"wp","href":"https:\/\/api.w.org\/{rel}","templated":true}]}}