{"id":74957,"date":"2024-10-21T09:39:10","date_gmt":"2024-10-31T11:19:14","guid":{"rendered":"https:\/\/staging.nbg.eu\/product\/grips-kmr-s-modular-sandpaper-black\/"},"modified":"2024-10-31T11:20:33","modified_gmt":"2024-10-31T11:20:33","slug":"rocaji-kmr-s-modular-sandpaper-black","status":"publish","type":"product","link":"https:\/\/staging.nbg.eu\/sl\/izdelek\/rocaji-kmr-s-modular-sandpaper-black\/","title":{"rendered":"RO\u010cAJI KMR S Modular Sandpaper &#8211; Black"},"content":{"rendered":"<h2>GRIPS KMR S Modularni brusni papir &#8211; \u010crn<\/h2>\n<p>Izbolj\u0161ajte svojo pi\u0161tolo KMR S-02 z na\u0161imi modularnimi ro\u010daji iz brusnega papirja. Izdelani iz anodiziranega duraluminija, ti dalj\u0161i ro\u010daji nudijo bolj\u0161e rokovanje in udobje.<\/p>\n<h2>Lastnosti:<\/h2>\n<ul>\n<li>Prilagojeni za modele KMR S-02 .22 LR<\/li>\n<li>Izdelani iz trpe\u017enega anodiziranega duraluminija<\/li>\n<li>Zasnovani za uporabo brez vodila za nabojnik<\/li>\n<li>Vklju\u010dujejo torx vijake za enostavno namestitev<\/li>\n<li>\u010crna povr\u0161ina z logotipom KMR<\/li>\n<\/ul>\n<p>Opomba: Ti ro\u010daji so posebej zasnovani za 26 mm \u0161irok aluminijast okvir KMR S-02 in niso zdru\u017eljivi z okvirji W-02 ali L-02. Izbolj\u0161ajte svoj oprijem in natan\u010dnost streljanja s to prilagojeno re\u0161itvijo za va\u0161o pi\u0161tolo KMR S-02.<\/p>\n<dl class=\"data-sheet\">\n<dt class=\"name\">Za oro\u017eje KMR<\/dt>\n<dd class=\"value\">KMR S-01 LANCE (OR)<br \/>\nKMR S-02 DO 2023<\/dd>\n<dt class=\"name\">Izbira po oro\u017eju CZ<\/dt>\n<dd class=\"value\">CZ SHADOW 1<br \/>\nCZ SHADOW 2<br \/>\nCZ SHADOW 2 (OR)<br \/>\nCZ SP-01<\/dd>\n<\/dl>\n","protected":false},"excerpt":{"rendered":"<p>KMR S-02 \u010drni modularni ro\u010daj, zdru\u017eljiv z aluminijastim okvirjem.<br \/>\n0611-03101-0101<\/p>\n","protected":false},"featured_media":73905,"template":"","meta":{"_acf_changed":false},"product_brand":[11509],"product_cat":[13435],"product_tag":[],"class_list":{"0":"post-74957","1":"product","2":"type-product","3":"status-publish","4":"has-post-thumbnail","6":"product_brand-kmr-precision","7":"product_cat-kmr-deli","9":"first","10":"instock","11":"taxable","12":"shipping-taxable","13":"purchasable","14":"product-type-simple"},"acf":[],"_links":{"self":[{"href":"https:\/\/staging.nbg.eu\/sl\/wp-json\/wp\/v2\/product\/74957","targetHints":{"allow":["GET"]}}],"collection":[{"href":"https:\/\/staging.nbg.eu\/sl\/wp-json\/wp\/v2\/product"}],"about":[{"href":"https:\/\/staging.nbg.eu\/sl\/wp-json\/wp\/v2\/types\/product"}],"wp:featuredmedia":[{"embeddable":true,"href":"https:\/\/staging.nbg.eu\/sl\/wp-json\/wp\/v2\/media\/73905"}],"wp:attachment":[{"href":"https:\/\/staging.nbg.eu\/sl\/wp-json\/wp\/v2\/media?parent=74957"}],"wp:term":[{"taxonomy":"product_brand","embeddable":true,"href":"https:\/\/staging.nbg.eu\/sl\/wp-json\/wp\/v2\/product_brand?post=74957"},{"taxonomy":"product_cat","embeddable":true,"href":"https:\/\/staging.nbg.eu\/sl\/wp-json\/wp\/v2\/product_cat?post=74957"},{"taxonomy":"product_tag","embeddable":true,"href":"https:\/\/staging.nbg.eu\/sl\/wp-json\/wp\/v2\/product_tag?post=74957"}],"curies":[{"name":"wp","href":"https:\/\/api.w.org\/{rel}","templated":true}]}}