{"id":74935,"date":"2024-10-21T09:31:15","date_gmt":"2024-10-31T11:16:22","guid":{"rendered":"https:\/\/staging.nbg.eu\/product\/grips-kmr-s-dotmatrix-ergo-silver\/"},"modified":"2024-10-31T11:17:48","modified_gmt":"2024-10-31T11:17:48","slug":"rocaji-kmr-s-dotmatrix-ergo-silver","status":"publish","type":"product","link":"https:\/\/staging.nbg.eu\/sl\/izdelek\/rocaji-kmr-s-dotmatrix-ergo-silver\/","title":{"rendered":"RO\u010cAJI KMR S DotMatrix &#8211; Ergo Silver"},"content":{"rendered":"<h2>RO\u010cAJI KMR S DotMatrix &#8211; Ergo Srebrni<\/h2>\n<p>Izbolj\u0161ajte zmogljivost in videz va\u0161e pi\u0161tole KMR S-02 z na\u0161imi DotMatrix ro\u010daji. Izdelani so iz trpe\u017enega anodiziranega duraluminija, ti ro\u010daji ve\u010dje velikosti imajo ergonomsko obliko in vzorec golfske \u017eogice za bolj\u0161i oprijem in nadzor.<\/p>\n<ul>\n<li>Zdru\u017eljivi izklju\u010dno z okvirjem KMR S-02 (\u0161irina 26mm)<\/li>\n<li>Konstrukcija iz anodiziranega duraluminija za trpe\u017enost in lahek ob\u010dutek<\/li>\n<li>Ergonomska zasnova za izbolj\u0161ano rokovanje in udobje<\/li>\n<li>Tekstura z vzorcem golfske \u017eogice za bolj\u0161i oprijem v vseh pogojih<\/li>\n<li>Srebrn zaklju\u010dek z logotipom KMR<\/li>\n<li>Vklju\u010duje torx vijake za enostavno namestitev<\/li>\n<\/ul>\n<p>Izbolj\u0161ajte svoje strelske izku\u0161nje s temi natan\u010dno izdelanimi ro\u010daji, zasnovanimi posebej za pi\u0161tolo KMR S-02 .22 LR. Niso zdru\u017eljivi z velikostmi okvirjev W-02 ali L-02.<\/p>\n<dl class=\"data-sheet\">\n<dt class=\"name\">Za oro\u017eje KMR<\/dt>\n<dd class=\"value\">KMR S-01 LANCE (OR)<br \/>\nKMR S-02 DO LETA 2023<\/dd>\n<dt class=\"name\">Izbira po oro\u017eju CZ<\/dt>\n<dd class=\"value\">CZ SHADOW 1<br \/>\nCZ SHADOW 2<br \/>\nCZ SHADOW 2 (OR)<br \/>\nCZ SP-01<\/dd>\n<\/dl>\n","protected":false},"excerpt":{"rendered":"<p>Ergonomska srebrna ro\u010daja za pi\u0161tole KMR S-02.<br \/>\n0611-03001-0102<\/p>\n","protected":false},"featured_media":73857,"template":"","meta":{"_acf_changed":false},"product_brand":[11509],"product_cat":[13435],"product_tag":[],"class_list":{"0":"post-74935","1":"product","2":"type-product","3":"status-publish","4":"has-post-thumbnail","6":"product_brand-kmr-precision","7":"product_cat-kmr-deli","9":"first","10":"instock","11":"taxable","12":"shipping-taxable","13":"purchasable","14":"product-type-simple"},"acf":[],"_links":{"self":[{"href":"https:\/\/staging.nbg.eu\/sl\/wp-json\/wp\/v2\/product\/74935","targetHints":{"allow":["GET"]}}],"collection":[{"href":"https:\/\/staging.nbg.eu\/sl\/wp-json\/wp\/v2\/product"}],"about":[{"href":"https:\/\/staging.nbg.eu\/sl\/wp-json\/wp\/v2\/types\/product"}],"wp:featuredmedia":[{"embeddable":true,"href":"https:\/\/staging.nbg.eu\/sl\/wp-json\/wp\/v2\/media\/73857"}],"wp:attachment":[{"href":"https:\/\/staging.nbg.eu\/sl\/wp-json\/wp\/v2\/media?parent=74935"}],"wp:term":[{"taxonomy":"product_brand","embeddable":true,"href":"https:\/\/staging.nbg.eu\/sl\/wp-json\/wp\/v2\/product_brand?post=74935"},{"taxonomy":"product_cat","embeddable":true,"href":"https:\/\/staging.nbg.eu\/sl\/wp-json\/wp\/v2\/product_cat?post=74935"},{"taxonomy":"product_tag","embeddable":true,"href":"https:\/\/staging.nbg.eu\/sl\/wp-json\/wp\/v2\/product_tag?post=74935"}],"curies":[{"name":"wp","href":"https:\/\/api.w.org\/{rel}","templated":true}]}}