{"id":74913,"date":"2024-10-21T09:27:37","date_gmt":"2024-10-31T11:08:14","guid":{"rendered":"https:\/\/staging.nbg.eu\/product\/grips-kmr-l-dotmatrix-silver\/"},"modified":"2024-10-31T11:09:44","modified_gmt":"2024-10-31T11:09:44","slug":"rocaji-kmr-l-dotmatrix-silver","status":"publish","type":"product","link":"https:\/\/staging.nbg.eu\/sl\/izdelek\/rocaji-kmr-l-dotmatrix-silver\/","title":{"rendered":"RO\u010cAJI KMR L DotMatrix &#8211; Silver"},"content":{"rendered":"<dl class=\"data-sheet\">\n<dt class=\"name\">Za oro\u017eje KMR<\/dt>\n<dd class=\"value\">KMR L-02 SPECTRA DO 2023<br \/>\nKMR L-02 UMBRA DO 2023<\/dd>\n<\/dl>\n","protected":false},"excerpt":{"rendered":"<p>0611-03801-0102<\/p>\n<p>Opomba: Ta \u0161tevilka je koda izdelka ali serijska \u0161tevilka, ki se obi\u010dajno ne prevaja v druge jezike.<\/p>\n","protected":false},"featured_media":73809,"template":"","meta":{"_acf_changed":false},"product_brand":[11509],"product_cat":[13435],"product_tag":[],"class_list":{"0":"post-74913","1":"product","2":"type-product","3":"status-publish","4":"has-post-thumbnail","6":"product_brand-kmr-precision","7":"product_cat-kmr-deli","9":"first","10":"instock","11":"taxable","12":"shipping-taxable","13":"purchasable","14":"product-type-simple"},"acf":[],"_links":{"self":[{"href":"https:\/\/staging.nbg.eu\/sl\/wp-json\/wp\/v2\/product\/74913","targetHints":{"allow":["GET"]}}],"collection":[{"href":"https:\/\/staging.nbg.eu\/sl\/wp-json\/wp\/v2\/product"}],"about":[{"href":"https:\/\/staging.nbg.eu\/sl\/wp-json\/wp\/v2\/types\/product"}],"wp:featuredmedia":[{"embeddable":true,"href":"https:\/\/staging.nbg.eu\/sl\/wp-json\/wp\/v2\/media\/73809"}],"wp:attachment":[{"href":"https:\/\/staging.nbg.eu\/sl\/wp-json\/wp\/v2\/media?parent=74913"}],"wp:term":[{"taxonomy":"product_brand","embeddable":true,"href":"https:\/\/staging.nbg.eu\/sl\/wp-json\/wp\/v2\/product_brand?post=74913"},{"taxonomy":"product_cat","embeddable":true,"href":"https:\/\/staging.nbg.eu\/sl\/wp-json\/wp\/v2\/product_cat?post=74913"},{"taxonomy":"product_tag","embeddable":true,"href":"https:\/\/staging.nbg.eu\/sl\/wp-json\/wp\/v2\/product_tag?post=74913"}],"curies":[{"name":"wp","href":"https:\/\/api.w.org\/{rel}","templated":true}]}}