{"id":74847,"date":"2024-10-21T09:33:36","date_gmt":"2024-10-31T10:59:34","guid":{"rendered":"https:\/\/staging.nbg.eu\/product\/grips-kmr-s-dotmatrix-silver\/"},"modified":"2024-10-31T11:01:01","modified_gmt":"2024-10-31T11:01:01","slug":"rocaji-kmr-s-dotmatrix-silver","status":"publish","type":"product","link":"https:\/\/staging.nbg.eu\/sl\/izdelek\/rocaji-kmr-s-dotmatrix-silver\/","title":{"rendered":"RO\u010cAJI KMR S DotMatrix &#8211; Silver"},"content":{"rendered":"<div class=\"product-description\">\n<h2>GRIPS KMR S DotMatrix &#8211; Srebrni<\/h2>\n<p>GRIPS KMR S DotMatrix v srebrni barvi. Ti dolgi ro\u010daji so izdelani iz anodiziranega duraluminija z vzorcem golfske \u017eogice za dober oprijem.<\/p>\n<ul>\n<li>Namenjeni za modele KMR S-02 s 26 mm \u0161irokim aluminijastim okvirjem<\/li>\n<li>Tekstura zagotavlja zanesljiv oprijem<\/li>\n<li>Primerni za nadgradnjo obstoje\u010dih pi\u0161tol ali izdelavo tekmovalnih strelnih oro\u017eij<\/li>\n<li>Brez vodila za nabojnik za vsestransko uporabo<\/li>\n<li>Vklju\u010duje torx vijake za enostavno namestitev<\/li>\n<li>Vsebuje logotip KMR<\/li>\n<\/ul>\n<p>Opomba: Ti ro\u010daji so zdru\u017eljivi samo z okvirji KMR S-02 in niso zamenljivi z modeli W-02 ali L-02. Pred namestitvijo preverite notranjo oznako (S) za pravilno prileganje.<\/p>\n<\/div>\n<dl class=\"data-sheet\">\n<dt class=\"name\">Za oro\u017eje KMR<\/dt>\n<dd class=\"value\">KMR S-01 LANCE (OR)<br \/>\nKMR S-02 DO 2023<\/dd>\n<dt class=\"name\">Izbira po oro\u017eju CZ<\/dt>\n<dd class=\"value\">CZ SHADOW 1<br \/>\nCZ SHADOW 2<br \/>\nCZ SHADOW 2 (OR)<br \/>\nCZ SP-01<\/dd>\n<\/dl>\n","protected":false},"excerpt":{"rendered":"<p>Trpe\u017eni srebrni ro\u010daji z agresivno teksturo za samozavestno rokovanje.<br \/>\n 0611-02801-0102<\/p>\n","protected":false},"featured_media":73881,"template":"","meta":{"_acf_changed":false},"product_brand":[11509],"product_cat":[369],"product_tag":[],"class_list":{"0":"post-74847","1":"product","2":"type-product","3":"status-publish","4":"has-post-thumbnail","6":"product_brand-kmr-precision","7":"product_cat-uncategorized","9":"first","10":"instock","11":"taxable","12":"shipping-taxable","13":"purchasable","14":"product-type-simple"},"acf":[],"_links":{"self":[{"href":"https:\/\/staging.nbg.eu\/sl\/wp-json\/wp\/v2\/product\/74847","targetHints":{"allow":["GET"]}}],"collection":[{"href":"https:\/\/staging.nbg.eu\/sl\/wp-json\/wp\/v2\/product"}],"about":[{"href":"https:\/\/staging.nbg.eu\/sl\/wp-json\/wp\/v2\/types\/product"}],"wp:featuredmedia":[{"embeddable":true,"href":"https:\/\/staging.nbg.eu\/sl\/wp-json\/wp\/v2\/media\/73881"}],"wp:attachment":[{"href":"https:\/\/staging.nbg.eu\/sl\/wp-json\/wp\/v2\/media?parent=74847"}],"wp:term":[{"taxonomy":"product_brand","embeddable":true,"href":"https:\/\/staging.nbg.eu\/sl\/wp-json\/wp\/v2\/product_brand?post=74847"},{"taxonomy":"product_cat","embeddable":true,"href":"https:\/\/staging.nbg.eu\/sl\/wp-json\/wp\/v2\/product_cat?post=74847"},{"taxonomy":"product_tag","embeddable":true,"href":"https:\/\/staging.nbg.eu\/sl\/wp-json\/wp\/v2\/product_tag?post=74847"}],"curies":[{"name":"wp","href":"https:\/\/api.w.org\/{rel}","templated":true}]}}